{"id":249,"date":"2018-07-25T11:12:14","date_gmt":"2018-07-25T09:12:14","guid":{"rendered":"http:\/\/aania.fi\/records\/juuri-juuri-fiddlers-quiet-rapture\/"},"modified":"2019-02-12T17:58:05","modified_gmt":"2019-02-12T15:58:05","slug":"juuri-juuri-fiddlers-quiet-rapture","status":"publish","type":"product","link":"http:\/\/aania.fi\/fi\/levyt\/juuri-juuri-fiddlers-quiet-rapture\/","title":{"rendered":"Juuri &#038; Juuri &#8211; Fiddlers &#038; Quiet Rapture AANIA-23"},"content":{"rendered":"<p>EMMA-VOITTAJA! VUODEN ETNOALBUMI!<br \/>\nEmilia Lajunen, viisikielinen viulu, avainviulu, laulu<br \/>\nEero Grundstr\u00f6m, harmooni, huuliharppu, laulu<\/p>\n<p>Pelimannit piti tehd\u00e4, koska sellaista ei juuri kuule. Popitetun kansanmusiikin vastapainoksi halusimme etsi\u00e4 voiman kappaleista itsest\u00e4\u00e4n, juurilta. Emme voi menn\u00e4 sata vuotta sitten el\u00e4neen pelimannin nahkoihin, mutta voimme olla tekem\u00e4tt\u00e4 sovitusta ennen kuin soitamme alkuper\u00e4isen. Siksi \u00e4\u00e4nitimme levyn niin ett\u00e4 pakkauksessa voi lukea: Ei lis\u00e4tty\u00e4 pop-musiikkia.<\/p>\n<p>Hiljainen haltioituminen piti tehd\u00e4, koska juuri sellaista ei kuule. Me soitamme yhdess\u00e4 arkaaista musiikkia, jota aina on soitettu yksin, kanteleella, jouhikolla, paimensoituilla. Halusimme etsi\u00e4 ja l\u00f6yt\u00e4\u00e4 kahden soittajan v\u00e4liin saman virtauksen kuin yksin\u00e4isell\u00e4 \u00e4ij\u00e4ll\u00e4 h\u00e4m\u00e4rtyv\u00e4ss\u00e4 pirtiss\u00e4 soittamassa loputonta kisavirtt\u00e4\u00e4n: yksinkertaiset ainekset, loputon muuntelu.<\/p>\n<p>Kannatti tutkia ne A. O. V\u00e4is\u00e4sen kokoelmat. Vanha musiikki pakotti uuteen. Melodia ja s\u00e4estys sulautuivat. Kun harmooni el\u00e4ytyi kanteleeksi, ei en\u00e4\u00e4 ollut melodia- ja s\u00e4estysk\u00e4tt\u00e4, vaan kaksi k\u00e4tt\u00e4 lomittain takomassa s\u00e4velikk\u00f6j\u00e4 vuoron per\u00e4\u00e4n. Soitto ja ajattelu piti rakentaa uusiksi. Ja vaikka syv\u00e4lt\u00e4 viulun soinnista l\u00f6ytyi jouhikko, kanteletta siell\u00e4 ei ollut, ennen kuin sen hahmotteli jousella ja viidell\u00e4 kielell\u00e4.<\/p>\n<p>Tuplalevy t\u00e4st\u00e4 tuli, koska olemme soittaneet yhdess\u00e4 kymmenen vuotta.<\/p>\n<p>Juuri &amp; Juuri<\/p>\n<p>Emilia Lajunen &amp; Eero Grundstr\u00f6m<\/p>\n","protected":false},"excerpt":{"rendered":"<p>EMMA-VOITTAJA! VUODEN ETNOALBUMI! Emilia Lajunen, viisikielinen viulu, avainviulu, laulu Eero Grundstr\u00f6m, harmooni, huuliharppu, laulu Pelimannit piti tehd\u00e4, koska sellaista ei juuri kuule. Popitetun kansanmusiikin vastapainoksi halusimme etsi\u00e4 voiman kappaleista itsest\u00e4\u00e4n, juurilta. Emme voi menn\u00e4 sata vuotta sitten el\u00e4neen pelimannin nahkoihin, mutta voimme olla tekem\u00e4tt\u00e4 sovitusta ennen kuin soitamme alkuper\u00e4isen. Siksi \u00e4\u00e4nitimme levyn niin ett\u00e4 pakkauksessa [&hellip;]\n","protected":false},"featured_media":251,"comment_status":"open","ping_status":"closed","template":"","meta":[],"class_list":["post-249","product","type-product","status-publish","has-post-thumbnail","hentry","product_cat-juuri-juuri-fi"],"yoast_head":"<!-- This site is optimized with the Yoast SEO plugin v15.3 - https:\/\/yoast.com\/wordpress\/plugins\/seo\/ -->\n<title>Juuri &amp; Juuri - Fiddlers &amp; Quiet Rapture AANIA-23 - \u00c4\u00e4nia<\/title>\n<meta name=\"robots\" content=\"index, follow, max-snippet:-1, max-image-preview:large, max-video-preview:-1\" \/>\n<link rel=\"canonical\" href=\"http:\/\/aania.fi\/fi\/levyt\/juuri-juuri-fiddlers-quiet-rapture\/\" \/>\n<meta property=\"og:locale\" content=\"fi_FI\" \/>\n<meta property=\"og:type\" content=\"article\" \/>\n<meta property=\"og:title\" content=\"Juuri &amp; Juuri - Fiddlers &amp; Quiet Rapture AANIA-23 - \u00c4\u00e4nia\" \/>\n<meta property=\"og:description\" content=\"EMMA-VOITTAJA! VUODEN ETNOALBUMI! Emilia Lajunen, viisikielinen viulu, avainviulu, laulu Eero Grundstr\u00f6m, harmooni, huuliharppu, laulu Pelimannit piti tehd\u00e4, koska sellaista ei juuri kuule. Popitetun kansanmusiikin vastapainoksi halusimme etsi\u00e4 voiman kappaleista itsest\u00e4\u00e4n, juurilta. Emme voi menn\u00e4 sata vuotta sitten el\u00e4neen pelimannin nahkoihin, mutta voimme olla tekem\u00e4tt\u00e4 sovitusta ennen kuin soitamme alkuper\u00e4isen. Siksi \u00e4\u00e4nitimme levyn niin ett\u00e4 pakkauksessa [&hellip;]\" \/>\n<meta property=\"og:url\" content=\"http:\/\/aania.fi\/fi\/levyt\/juuri-juuri-fiddlers-quiet-rapture\/\" \/>\n<meta property=\"og:site_name\" content=\"\u00c4\u00e4nia\" \/>\n<meta property=\"article:modified_time\" content=\"2019-02-12T15:58:05+00:00\" \/>\n<meta property=\"og:image\" content=\"http:\/\/aania.fi\/wp-content\/uploads\/2018\/07\/AANIA23.jpg\" \/>\n\t<meta property=\"og:image:width\" content=\"404\" \/>\n\t<meta property=\"og:image:height\" content=\"380\" \/>\n<meta name=\"twitter:card\" content=\"summary_large_image\" \/>\n<meta name=\"twitter:label1\" content=\"Written by\">\n\t<meta name=\"twitter:data1\" content=\"j.v.seppanen\">\n\t<meta name=\"twitter:label2\" content=\"Est. reading time\">\n\t<meta name=\"twitter:data2\" content=\"1 minuutti\">\n<script type=\"application\/ld+json\" class=\"yoast-schema-graph\">{\"@context\":\"https:\/\/schema.org\",\"@graph\":[{\"@type\":\"Organization\",\"@id\":\"http:\/\/aania.fi\/fi\/#organization\",\"name\":\"\\u00c4\\u00e4ni\\u00e4 Records\",\"url\":\"http:\/\/aania.fi\/fi\/\",\"sameAs\":[],\"logo\":{\"@type\":\"ImageObject\",\"@id\":\"http:\/\/aania.fi\/fi\/#logo\",\"inLanguage\":\"fi\",\"url\":\"http:\/\/aania.fi\/wp-content\/uploads\/2018\/07\/aania_logo.jpg\",\"width\":530,\"height\":155,\"caption\":\"\\u00c4\\u00e4ni\\u00e4 Records\"},\"image\":{\"@id\":\"http:\/\/aania.fi\/fi\/#logo\"}},{\"@type\":\"WebSite\",\"@id\":\"http:\/\/aania.fi\/fi\/#website\",\"url\":\"http:\/\/aania.fi\/fi\/\",\"name\":\"\\u00c4\\u00e4nia\",\"description\":\"\\u00c4\\u00e4ni\\u00e4 Records - Acoustic Music from Finland\",\"publisher\":{\"@id\":\"http:\/\/aania.fi\/fi\/#organization\"},\"potentialAction\":[{\"@type\":\"SearchAction\",\"target\":\"http:\/\/aania.fi\/fi\/?s={search_term_string}\",\"query-input\":\"required name=search_term_string\"}],\"inLanguage\":\"fi\"},{\"@type\":\"ImageObject\",\"@id\":\"http:\/\/aania.fi\/fi\/levyt\/juuri-juuri-fiddlers-quiet-rapture\/#primaryimage\",\"inLanguage\":\"fi\",\"url\":\"http:\/\/aania.fi\/wp-content\/uploads\/2018\/07\/AANIA23.jpg\",\"width\":404,\"height\":380},{\"@type\":\"WebPage\",\"@id\":\"http:\/\/aania.fi\/fi\/levyt\/juuri-juuri-fiddlers-quiet-rapture\/#webpage\",\"url\":\"http:\/\/aania.fi\/fi\/levyt\/juuri-juuri-fiddlers-quiet-rapture\/\",\"name\":\"Juuri & Juuri - Fiddlers & Quiet Rapture AANIA-23 - \\u00c4\\u00e4nia\",\"isPartOf\":{\"@id\":\"http:\/\/aania.fi\/fi\/#website\"},\"primaryImageOfPage\":{\"@id\":\"http:\/\/aania.fi\/fi\/levyt\/juuri-juuri-fiddlers-quiet-rapture\/#primaryimage\"},\"datePublished\":\"2018-07-25T09:12:14+00:00\",\"dateModified\":\"2019-02-12T15:58:05+00:00\",\"inLanguage\":\"fi\",\"potentialAction\":[{\"@type\":\"ReadAction\",\"target\":[\"http:\/\/aania.fi\/fi\/levyt\/juuri-juuri-fiddlers-quiet-rapture\/\"]}]}]}<\/script>\n<!-- \/ Yoast SEO plugin. -->","_links":{"self":[{"href":"http:\/\/aania.fi\/fi\/wp-json\/wp\/v2\/product\/249","targetHints":{"allow":["GET"]}}],"collection":[{"href":"http:\/\/aania.fi\/fi\/wp-json\/wp\/v2\/product"}],"about":[{"href":"http:\/\/aania.fi\/fi\/wp-json\/wp\/v2\/types\/product"}],"replies":[{"embeddable":true,"href":"http:\/\/aania.fi\/fi\/wp-json\/wp\/v2\/comments?post=249"}],"wp:featuredmedia":[{"embeddable":true,"href":"http:\/\/aania.fi\/fi\/wp-json\/wp\/v2\/media\/251"}],"wp:attachment":[{"href":"http:\/\/aania.fi\/fi\/wp-json\/wp\/v2\/media?parent=249"}],"curies":[{"name":"wp","href":"https:\/\/api.w.org\/{rel}","templated":true}]}}