{"id":257,"date":"2019-02-12T18:09:00","date_gmt":"2019-02-12T16:09:00","guid":{"rendered":"http:\/\/aania.fi\/records\/jarmo-romppanen-solmogen-ii-aania-22\/"},"modified":"2019-02-13T00:34:30","modified_gmt":"2019-02-12T22:34:30","slug":"jarmo-romppanen-solmogen-ii-aania-22","status":"publish","type":"product","link":"http:\/\/aania.fi\/fi\/levyt\/jarmo-romppanen-solmogen-ii-aania-22\/","title":{"rendered":"JARMO ROMPPANEN &#8211; SOLMOGEN II AANIA-22"},"content":{"rendered":"<p>\u00c4\u00e4ni\u00e4 Records on julkaissut Jarmo Romppasen toisen soololevyn nimelt\u00e4\u00e4n Solmogen II. Romppanen on yksi merkitt\u00e4vimmist\u00e4 pohjoismaisista mandoliininsoittajista, joka on v\u00e4hitellen kehitt\u00e4nyt soolosoittoaan tyylillisesti omaleimaiseen suuntaan, jollaista ei mandoliininsoiton saralla ole ennen kuultu. Levyn s\u00e4velm\u00e4t ovat saaneet vaikutteita suomalais-karjalaisesta kanteleen- ja jouhikonsoittoperinteest\u00e4, ruotsalaisesta triolipolskatraditiosta ja pohjoisamerikkalaisesta old time musiikista. Musiikki pit\u00e4\u00e4 sis\u00e4ll\u00e4\u00e4n muun muassa pitki\u00e4 legatomaisia melodiafraaseja, paljon koristelua, nopeita juoksutuksia, melodiamuuntelua ja improvisoituja v\u00e4likkeit\u00e4.<\/p>\n<p>Levyn kappaleet on \u00e4\u00e4nitetty kertaotoilla http:\/\/ka.fi\/ka\/studiossa, eik\u00e4 p\u00e4\u00e4llesoittoja tai editointia ole tehty j\u00e4lkik\u00e4teen. Kyseess\u00e4 lienee historian ensimm\u00e4inen soolona taltioitu ja julkaistu mandoliinialbumi Suomessa.<\/p>\n<p>Jarmo Romppanen: 10-kielinen mandoliini, jalanpolku, \u00e4\u00e4nitys<\/p>\n<p>Taito Hoffr\u00e9n: miksaus ja masterointi<\/p>\n<p>Tero Vesterinen: kansien suunnittelu<\/p>\n<p>Julkaisija: \u00c4\u00e4ni\u00e4 Records<\/p>\n","protected":false},"excerpt":{"rendered":"<p>\u00c4\u00e4ni\u00e4 Records on julkaissut Jarmo Romppasen toisen soololevyn nimelt\u00e4\u00e4n Solmogen II. Romppanen on yksi merkitt\u00e4vimmist\u00e4 pohjoismaisista mandoliininsoittajista, joka on v\u00e4hitellen kehitt\u00e4nyt soolosoittoaan tyylillisesti omaleimaiseen suuntaan, jollaista ei mandoliininsoiton saralla ole ennen kuultu. Levyn s\u00e4velm\u00e4t ovat saaneet vaikutteita suomalais-karjalaisesta kanteleen- ja jouhikonsoittoperinteest\u00e4, ruotsalaisesta triolipolskatraditiosta ja pohjoisamerikkalaisesta old time musiikista. Musiikki pit\u00e4\u00e4 sis\u00e4ll\u00e4\u00e4n muun muassa pitki\u00e4 legatomaisia [&hellip;]\n","protected":false},"featured_media":256,"comment_status":"open","ping_status":"closed","template":"","meta":[],"class_list":["post-257","product","type-product","status-publish","has-post-thumbnail","hentry","product_cat-jarmo-romppanen-fi"],"yoast_head":"<!-- This site is optimized with the Yoast SEO plugin v15.3 - https:\/\/yoast.com\/wordpress\/plugins\/seo\/ -->\n<title>JARMO ROMPPANEN - SOLMOGEN II AANIA-22 - \u00c4\u00e4nia<\/title>\n<meta name=\"robots\" content=\"index, follow, max-snippet:-1, max-image-preview:large, max-video-preview:-1\" \/>\n<link rel=\"canonical\" href=\"http:\/\/aania.fi\/fi\/levyt\/jarmo-romppanen-solmogen-ii-aania-22\/\" \/>\n<meta property=\"og:locale\" content=\"fi_FI\" \/>\n<meta property=\"og:type\" content=\"article\" \/>\n<meta property=\"og:title\" content=\"JARMO ROMPPANEN - SOLMOGEN II AANIA-22 - \u00c4\u00e4nia\" \/>\n<meta property=\"og:description\" content=\"\u00c4\u00e4ni\u00e4 Records on julkaissut Jarmo Romppasen toisen soololevyn nimelt\u00e4\u00e4n Solmogen II. Romppanen on yksi merkitt\u00e4vimmist\u00e4 pohjoismaisista mandoliininsoittajista, joka on v\u00e4hitellen kehitt\u00e4nyt soolosoittoaan tyylillisesti omaleimaiseen suuntaan, jollaista ei mandoliininsoiton saralla ole ennen kuultu. Levyn s\u00e4velm\u00e4t ovat saaneet vaikutteita suomalais-karjalaisesta kanteleen- ja jouhikonsoittoperinteest\u00e4, ruotsalaisesta triolipolskatraditiosta ja pohjoisamerikkalaisesta old time musiikista. Musiikki pit\u00e4\u00e4 sis\u00e4ll\u00e4\u00e4n muun muassa pitki\u00e4 legatomaisia [&hellip;]\" \/>\n<meta property=\"og:url\" content=\"http:\/\/aania.fi\/fi\/levyt\/jarmo-romppanen-solmogen-ii-aania-22\/\" \/>\n<meta property=\"og:site_name\" content=\"\u00c4\u00e4nia\" \/>\n<meta property=\"article:modified_time\" content=\"2019-02-12T22:34:30+00:00\" \/>\n<meta property=\"og:image\" content=\"http:\/\/aania.fi\/wp-content\/uploads\/2019\/02\/AANIA22_ISO.jpg\" \/>\n\t<meta property=\"og:image:width\" content=\"613\" \/>\n\t<meta property=\"og:image:height\" content=\"616\" \/>\n<meta name=\"twitter:card\" content=\"summary_large_image\" \/>\n<meta name=\"twitter:label1\" content=\"Written by\">\n\t<meta name=\"twitter:data1\" content=\"taito\">\n\t<meta name=\"twitter:label2\" content=\"Est. reading time\">\n\t<meta name=\"twitter:data2\" content=\"0 minuuttia\">\n<script type=\"application\/ld+json\" class=\"yoast-schema-graph\">{\"@context\":\"https:\/\/schema.org\",\"@graph\":[{\"@type\":\"Organization\",\"@id\":\"http:\/\/aania.fi\/fi\/#organization\",\"name\":\"\\u00c4\\u00e4ni\\u00e4 Records\",\"url\":\"http:\/\/aania.fi\/fi\/\",\"sameAs\":[],\"logo\":{\"@type\":\"ImageObject\",\"@id\":\"http:\/\/aania.fi\/fi\/#logo\",\"inLanguage\":\"fi\",\"url\":\"http:\/\/aania.fi\/wp-content\/uploads\/2018\/07\/aania_logo.jpg\",\"width\":530,\"height\":155,\"caption\":\"\\u00c4\\u00e4ni\\u00e4 Records\"},\"image\":{\"@id\":\"http:\/\/aania.fi\/fi\/#logo\"}},{\"@type\":\"WebSite\",\"@id\":\"http:\/\/aania.fi\/fi\/#website\",\"url\":\"http:\/\/aania.fi\/fi\/\",\"name\":\"\\u00c4\\u00e4nia\",\"description\":\"\\u00c4\\u00e4ni\\u00e4 Records - Acoustic Music from Finland\",\"publisher\":{\"@id\":\"http:\/\/aania.fi\/fi\/#organization\"},\"potentialAction\":[{\"@type\":\"SearchAction\",\"target\":\"http:\/\/aania.fi\/fi\/?s={search_term_string}\",\"query-input\":\"required name=search_term_string\"}],\"inLanguage\":\"fi\"},{\"@type\":\"ImageObject\",\"@id\":\"http:\/\/aania.fi\/fi\/levyt\/jarmo-romppanen-solmogen-ii-aania-22\/#primaryimage\",\"inLanguage\":\"fi\",\"url\":\"http:\/\/aania.fi\/wp-content\/uploads\/2019\/02\/AANIA22_ISO.jpg\",\"width\":613,\"height\":616},{\"@type\":\"WebPage\",\"@id\":\"http:\/\/aania.fi\/fi\/levyt\/jarmo-romppanen-solmogen-ii-aania-22\/#webpage\",\"url\":\"http:\/\/aania.fi\/fi\/levyt\/jarmo-romppanen-solmogen-ii-aania-22\/\",\"name\":\"JARMO ROMPPANEN - SOLMOGEN II AANIA-22 - \\u00c4\\u00e4nia\",\"isPartOf\":{\"@id\":\"http:\/\/aania.fi\/fi\/#website\"},\"primaryImageOfPage\":{\"@id\":\"http:\/\/aania.fi\/fi\/levyt\/jarmo-romppanen-solmogen-ii-aania-22\/#primaryimage\"},\"datePublished\":\"2019-02-12T16:09:00+00:00\",\"dateModified\":\"2019-02-12T22:34:30+00:00\",\"inLanguage\":\"fi\",\"potentialAction\":[{\"@type\":\"ReadAction\",\"target\":[\"http:\/\/aania.fi\/fi\/levyt\/jarmo-romppanen-solmogen-ii-aania-22\/\"]}]}]}<\/script>\n<!-- \/ Yoast SEO plugin. -->","_links":{"self":[{"href":"http:\/\/aania.fi\/fi\/wp-json\/wp\/v2\/product\/257","targetHints":{"allow":["GET"]}}],"collection":[{"href":"http:\/\/aania.fi\/fi\/wp-json\/wp\/v2\/product"}],"about":[{"href":"http:\/\/aania.fi\/fi\/wp-json\/wp\/v2\/types\/product"}],"replies":[{"embeddable":true,"href":"http:\/\/aania.fi\/fi\/wp-json\/wp\/v2\/comments?post=257"}],"wp:featuredmedia":[{"embeddable":true,"href":"http:\/\/aania.fi\/fi\/wp-json\/wp\/v2\/media\/256"}],"wp:attachment":[{"href":"http:\/\/aania.fi\/fi\/wp-json\/wp\/v2\/media?parent=257"}],"curies":[{"name":"wp","href":"https:\/\/api.w.org\/{rel}","templated":true}]}}