{"id":268,"date":"2019-02-12T18:20:25","date_gmt":"2019-02-12T16:20:25","guid":{"rendered":"http:\/\/aania.fi\/records\/seesjarvi-seesjarven-laulu-jumcd16\/"},"modified":"2019-02-13T00:58:02","modified_gmt":"2019-02-12T22:58:02","slug":"seesjarvi-seesjarven-laulu-jumcd16","status":"publish","type":"product","link":"http:\/\/aania.fi\/fi\/levyt\/seesjarvi-seesjarven-laulu-jumcd16\/","title":{"rendered":"SEESJ\u00c4RVI \u2013 SEESJ\u00c4RVEN LAULU JUMCD16"},"content":{"rendered":"<p>Seesj\u00e4rven seudun lauluperinteen aarteita on kuultavissa uudelta \u00e4\u00e4nilevylt\u00e4. Paatenelainen lauluryhm\u00e4 esitt\u00e4\u00e4 moni\u00e4\u00e4nisesti tsastuskoja, karjalaisia ja suomalaisia kansanlauluja sek\u00e4 ryhm\u00e4\u00e4n kuuluvan Aleksandra Bogdanovan s\u00e4velt\u00e4mi\u00e4 ja sanoittamia kotiseutulauluja.<\/p>\n<p>Seesj\u00e4rvi-lauluryhm\u00e4 koostuu paatenelaisista perinteentaitajista. Lauluryhm\u00e4 t\u00e4ytti viime marraskuussa kymmenen vuotta, mutta sen j\u00e4senet ovat laulaneet koko ik\u00e4ns\u00e4. Monet ovat osallistuneet my\u00f6s viime vuonna 75-vuotta t\u00e4ytt\u00e4neen Seesj\u00e4rven rahvahan kuoron toimintaan.<\/p>\n<p>Levyn yhteydess\u00e4 on vihko, joka sis\u00e4lt\u00e4\u00e4 laulujen sanat sek\u00e4 kuvia ja tietoja lauluryhm\u00e4n kotiseudusta. Nimenomaan Pohjois-Aunuksessa, miss\u00e4 Seesj\u00e4rvi sijaitsee, ovat el\u00e4neet vuosikymmeni\u00e4 sellaiset karjalaisen kansanmusiikin klassikkolaulut kuin Ruskie neitsyt, valkie neitsyt ja Kasvatti miuda muamoin, jotka luonnollisesti ovat levyll\u00e4 kuultavissa.<\/p>\n<p>Seesj\u00e4rven laulu on Juminkeon ja \u00c4\u00e4ni\u00e4-yhti\u00f6n yhteisjulkaisu. \u00c4\u00e4nityksest\u00e4 vastaa Taito Hoffr\u00e9n ja levyn toimittaja on Markku Nieminen. Levyn tekemiseen on saatu tukea Runolaulun Pottku -hankkeen kautta EU:n sosiaalirahastosta sek\u00e4 Ulkoministeri\u00f6n l\u00e4hialueyhteisty\u00f6varoista.<\/p>\n<p>Levytykseen ovat osallistuneet ryhm\u00e4n laulajista: Aleksandra Bogdanova, Raisa Bogdanova, Valentina Fedot\u0161kina, Nadezhda Gandrijeva, Aleksandra Levkojeva, Raisa Shevela, Maria Tishkina sek\u00e4 hanuristina Sergei Tshornyi.<\/p>\n<p>\u00c4\u00e4nitys suoritettiin Kuhmo-talossa vuonna 2010.<\/p>\n<p>1. Ru\u0161kei neic\u030cyt 2:06<br \/>\nKarjalainen kansanlaulu<\/p>\n<p>2. Vieraalla maalla 2:06<br \/>\nKarjalainen kansanlaulu<\/p>\n<p>3. Neito 2:06<br \/>\nKarjalainen kansanlaulu<\/p>\n<p>4. Pitk\u00e4 p\u00e4iv\u00e4 2:06<br \/>\nKarjalainen kansanlaulu<\/p>\n<p>5. Seesj\u00e4rven laulu 2:06<br \/>\nSanat Pavlova, s\u00e4vel A. Bogdanova<\/p>\n<p>6. Aamurusko 2:06<br \/>\nSanat ja s\u00e4vel A. Bogdanova<\/p>\n<p>7. Paatene 2:06<br \/>\nSanat ja s\u00e4vel L. Korostavaja<\/p>\n<p>8. Armahat paikat 2:06<br \/>\nSanat ja s\u00e4vel A. Bogdanova<\/p>\n<p>9. Armas Karjala 2:06<br \/>\nSanat ja s\u00e4vel A. Bogdanova<\/p>\n<p>10.Nuorten kisat 2:06<br \/>\nSanat ja s\u00e4vel A. Bogdanova<\/p>\n<p>11.Karjalaisia tsastuskoja 2:06<\/p>\n<p>12. Kosiolaulu 2:06<br \/>\nSanat ja s\u00e4vel A. Bogdanova<\/p>\n<p>13. Armas \u00e4iti 2:06<br \/>\nSanat ja s\u00e4vel A. Bogdanova<\/p>\n<p>14. Soutelinpa kerran 2:06<br \/>\nSuomalainen kansanlaulu<\/p>\n<p>15. Pappani talo 2:06<br \/>\nSuomalainen kansanlaulu<\/p>\n<p>16. P\u00e4iv\u00e4 maalla 2:06<br \/>\nSanat ja s\u00e4vel A. Bogdanova<\/p>\n<p>17. Rakkauslaulu 2:06<br \/>\nKarjalainen kansanlaulu<\/p>\n<p>\u00c4\u00e4nitys, miksaus ja masterointi: Taito Hoffr\u00e9n, Kanteleen \u00c4\u00e4ni\u00e4<br \/>\nToimittaja: Markku Nieminen<br \/>\nLaulujen sanojen kirjoitusasun tarkistus: \u0418\u042f\u041b\u0418 \u041a\u0430\u0440\u041d\u0426 \u0420\u0410\u041d<br \/>\nUlkoasu: Markku Nieminen<br \/>\nKuvat: Markku Nieminen, V\u00e4in\u00f6 Kaukonen (2) ja Juha Olkkonen (1)<br \/>\nVihkon taitto: Pirkko M\u00e4h\u00f6nen<br \/>\nJulkaisija: JUMINKEKO ja Kanteleen \u00c4\u00e4ni\u00e4<br \/>\nJuminkeon julkaisuja n:o 82<br \/>\nRunolaulu-Akatemian julkaisuja 14<\/p>\n<p>c &amp; p JUMINKEKO JA KANTELEEN \u00c4\u00c4NI\u00c4 2011<br \/>\nISRC FI7KA1100001\u201417<br \/>\nEAN: 6430024090307<\/p>\n","protected":false},"excerpt":{"rendered":"<p>Seesj\u00e4rven seudun lauluperinteen aarteita on kuultavissa uudelta \u00e4\u00e4nilevylt\u00e4. Paatenelainen lauluryhm\u00e4 esitt\u00e4\u00e4 moni\u00e4\u00e4nisesti tsastuskoja, karjalaisia ja suomalaisia kansanlauluja sek\u00e4 ryhm\u00e4\u00e4n kuuluvan Aleksandra Bogdanovan s\u00e4velt\u00e4mi\u00e4 ja sanoittamia kotiseutulauluja. Seesj\u00e4rvi-lauluryhm\u00e4 koostuu paatenelaisista perinteentaitajista. Lauluryhm\u00e4 t\u00e4ytti viime marraskuussa kymmenen vuotta, mutta sen j\u00e4senet ovat laulaneet koko ik\u00e4ns\u00e4. Monet ovat osallistuneet my\u00f6s viime vuonna 75-vuotta t\u00e4ytt\u00e4neen Seesj\u00e4rven rahvahan kuoron toimintaan. [&hellip;]\n","protected":false},"featured_media":267,"comment_status":"open","ping_status":"closed","template":"","meta":[],"class_list":["post-268","product","type-product","status-publish","has-post-thumbnail","hentry","product_cat-seesjarvi-fi"],"yoast_head":"<!-- This site is optimized with the Yoast SEO plugin v15.3 - https:\/\/yoast.com\/wordpress\/plugins\/seo\/ -->\n<title>SEESJ\u00c4RVI \u2013 SEESJ\u00c4RVEN LAULU JUMCD16 - \u00c4\u00e4nia<\/title>\n<meta name=\"robots\" content=\"index, follow, max-snippet:-1, max-image-preview:large, max-video-preview:-1\" \/>\n<link rel=\"canonical\" href=\"http:\/\/aania.fi\/fi\/levyt\/seesjarvi-seesjarven-laulu-jumcd16\/\" \/>\n<meta property=\"og:locale\" content=\"fi_FI\" \/>\n<meta property=\"og:type\" content=\"article\" \/>\n<meta property=\"og:title\" content=\"SEESJ\u00c4RVI \u2013 SEESJ\u00c4RVEN LAULU JUMCD16 - \u00c4\u00e4nia\" \/>\n<meta property=\"og:description\" content=\"Seesj\u00e4rven seudun lauluperinteen aarteita on kuultavissa uudelta \u00e4\u00e4nilevylt\u00e4. Paatenelainen lauluryhm\u00e4 esitt\u00e4\u00e4 moni\u00e4\u00e4nisesti tsastuskoja, karjalaisia ja suomalaisia kansanlauluja sek\u00e4 ryhm\u00e4\u00e4n kuuluvan Aleksandra Bogdanovan s\u00e4velt\u00e4mi\u00e4 ja sanoittamia kotiseutulauluja. Seesj\u00e4rvi-lauluryhm\u00e4 koostuu paatenelaisista perinteentaitajista. Lauluryhm\u00e4 t\u00e4ytti viime marraskuussa kymmenen vuotta, mutta sen j\u00e4senet ovat laulaneet koko ik\u00e4ns\u00e4. Monet ovat osallistuneet my\u00f6s viime vuonna 75-vuotta t\u00e4ytt\u00e4neen Seesj\u00e4rven rahvahan kuoron toimintaan. [&hellip;]\" \/>\n<meta property=\"og:url\" content=\"http:\/\/aania.fi\/fi\/levyt\/seesjarvi-seesjarven-laulu-jumcd16\/\" \/>\n<meta property=\"og:site_name\" content=\"\u00c4\u00e4nia\" \/>\n<meta property=\"article:modified_time\" content=\"2019-02-12T22:58:02+00:00\" \/>\n<meta property=\"og:image\" content=\"http:\/\/aania.fi\/wp-content\/uploads\/2019\/02\/SEESJARVI_ISO.jpg\" \/>\n\t<meta property=\"og:image:width\" content=\"450\" \/>\n\t<meta property=\"og:image:height\" content=\"450\" \/>\n<meta name=\"twitter:card\" content=\"summary_large_image\" \/>\n<meta name=\"twitter:label1\" content=\"Written by\">\n\t<meta name=\"twitter:data1\" content=\"taito\">\n\t<meta name=\"twitter:label2\" content=\"Est. reading time\">\n\t<meta name=\"twitter:data2\" content=\"1 minuutti\">\n<script type=\"application\/ld+json\" class=\"yoast-schema-graph\">{\"@context\":\"https:\/\/schema.org\",\"@graph\":[{\"@type\":\"Organization\",\"@id\":\"http:\/\/aania.fi\/fi\/#organization\",\"name\":\"\\u00c4\\u00e4ni\\u00e4 Records\",\"url\":\"http:\/\/aania.fi\/fi\/\",\"sameAs\":[],\"logo\":{\"@type\":\"ImageObject\",\"@id\":\"http:\/\/aania.fi\/fi\/#logo\",\"inLanguage\":\"fi\",\"url\":\"http:\/\/aania.fi\/wp-content\/uploads\/2018\/07\/aania_logo.jpg\",\"width\":530,\"height\":155,\"caption\":\"\\u00c4\\u00e4ni\\u00e4 Records\"},\"image\":{\"@id\":\"http:\/\/aania.fi\/fi\/#logo\"}},{\"@type\":\"WebSite\",\"@id\":\"http:\/\/aania.fi\/fi\/#website\",\"url\":\"http:\/\/aania.fi\/fi\/\",\"name\":\"\\u00c4\\u00e4nia\",\"description\":\"\\u00c4\\u00e4ni\\u00e4 Records - Acoustic Music from Finland\",\"publisher\":{\"@id\":\"http:\/\/aania.fi\/fi\/#organization\"},\"potentialAction\":[{\"@type\":\"SearchAction\",\"target\":\"http:\/\/aania.fi\/fi\/?s={search_term_string}\",\"query-input\":\"required name=search_term_string\"}],\"inLanguage\":\"fi\"},{\"@type\":\"ImageObject\",\"@id\":\"http:\/\/aania.fi\/fi\/levyt\/seesjarvi-seesjarven-laulu-jumcd16\/#primaryimage\",\"inLanguage\":\"fi\",\"url\":\"http:\/\/aania.fi\/wp-content\/uploads\/2019\/02\/SEESJARVI_ISO.jpg\",\"width\":450,\"height\":450},{\"@type\":\"WebPage\",\"@id\":\"http:\/\/aania.fi\/fi\/levyt\/seesjarvi-seesjarven-laulu-jumcd16\/#webpage\",\"url\":\"http:\/\/aania.fi\/fi\/levyt\/seesjarvi-seesjarven-laulu-jumcd16\/\",\"name\":\"SEESJ\\u00c4RVI \\u2013 SEESJ\\u00c4RVEN LAULU JUMCD16 - \\u00c4\\u00e4nia\",\"isPartOf\":{\"@id\":\"http:\/\/aania.fi\/fi\/#website\"},\"primaryImageOfPage\":{\"@id\":\"http:\/\/aania.fi\/fi\/levyt\/seesjarvi-seesjarven-laulu-jumcd16\/#primaryimage\"},\"datePublished\":\"2019-02-12T16:20:25+00:00\",\"dateModified\":\"2019-02-12T22:58:02+00:00\",\"inLanguage\":\"fi\",\"potentialAction\":[{\"@type\":\"ReadAction\",\"target\":[\"http:\/\/aania.fi\/fi\/levyt\/seesjarvi-seesjarven-laulu-jumcd16\/\"]}]}]}<\/script>\n<!-- \/ Yoast SEO plugin. -->","_links":{"self":[{"href":"http:\/\/aania.fi\/fi\/wp-json\/wp\/v2\/product\/268","targetHints":{"allow":["GET"]}}],"collection":[{"href":"http:\/\/aania.fi\/fi\/wp-json\/wp\/v2\/product"}],"about":[{"href":"http:\/\/aania.fi\/fi\/wp-json\/wp\/v2\/types\/product"}],"replies":[{"embeddable":true,"href":"http:\/\/aania.fi\/fi\/wp-json\/wp\/v2\/comments?post=268"}],"wp:featuredmedia":[{"embeddable":true,"href":"http:\/\/aania.fi\/fi\/wp-json\/wp\/v2\/media\/267"}],"wp:attachment":[{"href":"http:\/\/aania.fi\/fi\/wp-json\/wp\/v2\/media?parent=268"}],"curies":[{"name":"wp","href":"https:\/\/api.w.org\/{rel}","templated":true}]}}