{"id":271,"date":"2019-02-12T18:22:47","date_gmt":"2019-02-12T16:22:47","guid":{"rendered":"http:\/\/aania.fi\/records\/menaiset-kelu-aania-19\/"},"modified":"2019-02-12T19:34:32","modified_gmt":"2019-02-12T17:34:32","slug":"menaiset-kelu-aania-19","status":"publish","type":"product","link":"http:\/\/aania.fi\/fi\/levyt\/menaiset-kelu-aania-19\/","title":{"rendered":"MENAISET \u2013 KELU AANIA-19"},"content":{"rendered":"<p>MeNaiset-yhtye on toiminut vuodesta 1993 suomalaisen ja suomalais-ugrilaisten kansojen perinteisen laulukulttuurin esitt\u00e4j\u00e4n\u00e4 ja tutkijana. Yhtyeen j\u00e4senet ovat monilla tavoilla perhtyneet eri kulttuurien lauluihin, \u00e4\u00e4nenk\u00e4ytt\u00f6tapoihin sek\u00e4 esitysk\u00e4yt\u00e4nt\u00f6ihin. Oppia on haettu arkisto\u00e4\u00e4nitteilt\u00e4, nuoteista sek\u00e4 laulamalla yhdess\u00e4 viel\u00e4 el\u00e4vien perinteentaitajien kanssa.<\/p>\n<p>Kontaktit sukulaiskansojen kanssa ovatkin kuultavissa uudella Kelu-levyll\u00e4, jossa perinnelaulu yhdistyy luontevasti moderneihin sovituksiin ja ihmisen \u00e4\u00e4nt\u00e4 monipuolisesti hy\u00f6dynt\u00e4v\u00e4\u00e4n improvisaatioon.<\/p>\n<p>MeNaiset -yhtyeen laulajat ovat suomalaisen kansanlaulutaivaan kirkkainta t\u00e4hdist\u00f6\u00e4; heist\u00e4 suurin osa suorittaa paraikaa taiteellista tohtorin tutkintoa Sibelius- Akatemian kansanmusiikin osastolla ja joukossa on jo kaksi tohtoreiksi leivottuakin. Yhtyeess\u00e4 laulavat Eila Hartikainen, Maari Kallberg, Anna-Kaisa Liedes, Outi Pulkkinen, Sirkka Kosonen, Anneli Kont-Rahtola.<\/p>\n<p>Aiemmat levyt:<\/p>\n<p>MeNaiset: MeNaiset. KICD 37, 1995.<br \/>\nMeNaiset &amp; Toorama: Mastorava. MNCD 1, 2001.<\/p>\n<p>Kelu<br \/>\n1.Tule!<\/p>\n<p>2. Tere tuttuhu tupaha<\/p>\n<p>3. Toarien poikien joiku<\/p>\n<p>4. Mets\u00e4<\/p>\n<p>5. Tsi-tsirr<\/p>\n<p>6. P\u00f6\u00f6r\u00e4juuskmine<\/p>\n<p>7. Lempi<\/p>\n<p>8. Toomalaul<\/p>\n<p>9. Sukulaisissa<\/p>\n<p>10. Kelu<\/p>\n<p>11. Pa\u015biba<\/p>\n<p>MeNaiset:<\/p>\n<p>Eila Hartikainen, Maari Kallberg, Anneli Kont-Rahtola, Sirkka Kosonen, Anna-Kaisa Liedes, Outi Pulkkinen<\/p>\n<p>Recorded at Kantele Village House 8.-11.9.2009 by Taito Hoffr\u00e9n<br \/>\nMixed and mastered by Taito Hoffr\u00e8n, Anneli Kont-Rahtola and Anna-Kaisa Liedes<br \/>\nCover texts: MeNaiset<br \/>\nTranslations in English: Jack Rueter<br \/>\nCover: Tero Vesterinen<br \/>\nPhotos: Sami Perttil\u00e4, Ilona Korhonen and Anna-Kaisa Liedes<br \/>\nKiitokset\/Our thanks to Jack Rueter, Andreas Kalkun, Gennadi Dulkin, Inessa Dulkina, Kati Kallio, Juminkeko<\/p>\n<p>c &amp; p KANTELEEN \u00c4\u00c4NI\u00c4 2010<br \/>\nISRC FI7KA1000024\u201434<br \/>\nEAN: 6430024090253<\/p>\n","protected":false},"excerpt":{"rendered":"<p>MeNaiset-yhtye on toiminut vuodesta 1993 suomalaisen ja suomalais-ugrilaisten kansojen perinteisen laulukulttuurin esitt\u00e4j\u00e4n\u00e4 ja tutkijana. Yhtyeen j\u00e4senet ovat monilla tavoilla perhtyneet eri kulttuurien lauluihin, \u00e4\u00e4nenk\u00e4ytt\u00f6tapoihin sek\u00e4 esitysk\u00e4yt\u00e4nt\u00f6ihin. Oppia on haettu arkisto\u00e4\u00e4nitteilt\u00e4, nuoteista sek\u00e4 laulamalla yhdess\u00e4 viel\u00e4 el\u00e4vien perinteentaitajien kanssa. Kontaktit sukulaiskansojen kanssa ovatkin kuultavissa uudella Kelu-levyll\u00e4, jossa perinnelaulu yhdistyy luontevasti moderneihin sovituksiin ja ihmisen \u00e4\u00e4nt\u00e4 monipuolisesti [&hellip;]\n","protected":false},"featured_media":270,"comment_status":"open","ping_status":"closed","template":"","meta":[],"class_list":["post-271","product","type-product","status-publish","has-post-thumbnail","hentry","product_cat-menaiset"],"yoast_head":"<!-- This site is optimized with the Yoast SEO plugin v15.3 - https:\/\/yoast.com\/wordpress\/plugins\/seo\/ -->\n<title>MENAISET \u2013 KELU AANIA-19 - \u00c4\u00e4nia<\/title>\n<meta name=\"robots\" content=\"index, follow, max-snippet:-1, max-image-preview:large, max-video-preview:-1\" \/>\n<link rel=\"canonical\" href=\"http:\/\/aania.fi\/fi\/levyt\/menaiset-kelu-aania-19\/\" \/>\n<meta property=\"og:locale\" content=\"fi_FI\" \/>\n<meta property=\"og:type\" content=\"article\" \/>\n<meta property=\"og:title\" content=\"MENAISET \u2013 KELU AANIA-19 - \u00c4\u00e4nia\" \/>\n<meta property=\"og:description\" content=\"MeNaiset-yhtye on toiminut vuodesta 1993 suomalaisen ja suomalais-ugrilaisten kansojen perinteisen laulukulttuurin esitt\u00e4j\u00e4n\u00e4 ja tutkijana. Yhtyeen j\u00e4senet ovat monilla tavoilla perhtyneet eri kulttuurien lauluihin, \u00e4\u00e4nenk\u00e4ytt\u00f6tapoihin sek\u00e4 esitysk\u00e4yt\u00e4nt\u00f6ihin. Oppia on haettu arkisto\u00e4\u00e4nitteilt\u00e4, nuoteista sek\u00e4 laulamalla yhdess\u00e4 viel\u00e4 el\u00e4vien perinteentaitajien kanssa. Kontaktit sukulaiskansojen kanssa ovatkin kuultavissa uudella Kelu-levyll\u00e4, jossa perinnelaulu yhdistyy luontevasti moderneihin sovituksiin ja ihmisen \u00e4\u00e4nt\u00e4 monipuolisesti [&hellip;]\" \/>\n<meta property=\"og:url\" content=\"http:\/\/aania.fi\/fi\/levyt\/menaiset-kelu-aania-19\/\" \/>\n<meta property=\"og:site_name\" content=\"\u00c4\u00e4nia\" \/>\n<meta property=\"article:modified_time\" content=\"2019-02-12T17:34:32+00:00\" \/>\n<meta property=\"og:image\" content=\"http:\/\/aania.fi\/wp-content\/uploads\/2019\/02\/MENAISET_ISO.jpg\" \/>\n\t<meta property=\"og:image:width\" content=\"450\" \/>\n\t<meta property=\"og:image:height\" content=\"446\" \/>\n<meta name=\"twitter:card\" content=\"summary_large_image\" \/>\n<meta name=\"twitter:label1\" content=\"Written by\">\n\t<meta name=\"twitter:data1\" content=\"taito\">\n\t<meta name=\"twitter:label2\" content=\"Est. reading time\">\n\t<meta name=\"twitter:data2\" content=\"1 minuutti\">\n<script type=\"application\/ld+json\" class=\"yoast-schema-graph\">{\"@context\":\"https:\/\/schema.org\",\"@graph\":[{\"@type\":\"Organization\",\"@id\":\"http:\/\/aania.fi\/fi\/#organization\",\"name\":\"\\u00c4\\u00e4ni\\u00e4 Records\",\"url\":\"http:\/\/aania.fi\/fi\/\",\"sameAs\":[],\"logo\":{\"@type\":\"ImageObject\",\"@id\":\"http:\/\/aania.fi\/fi\/#logo\",\"inLanguage\":\"fi\",\"url\":\"http:\/\/aania.fi\/wp-content\/uploads\/2018\/07\/aania_logo.jpg\",\"width\":530,\"height\":155,\"caption\":\"\\u00c4\\u00e4ni\\u00e4 Records\"},\"image\":{\"@id\":\"http:\/\/aania.fi\/fi\/#logo\"}},{\"@type\":\"WebSite\",\"@id\":\"http:\/\/aania.fi\/fi\/#website\",\"url\":\"http:\/\/aania.fi\/fi\/\",\"name\":\"\\u00c4\\u00e4nia\",\"description\":\"\\u00c4\\u00e4ni\\u00e4 Records - Acoustic Music from Finland\",\"publisher\":{\"@id\":\"http:\/\/aania.fi\/fi\/#organization\"},\"potentialAction\":[{\"@type\":\"SearchAction\",\"target\":\"http:\/\/aania.fi\/fi\/?s={search_term_string}\",\"query-input\":\"required name=search_term_string\"}],\"inLanguage\":\"fi\"},{\"@type\":\"ImageObject\",\"@id\":\"http:\/\/aania.fi\/fi\/levyt\/menaiset-kelu-aania-19\/#primaryimage\",\"inLanguage\":\"fi\",\"url\":\"http:\/\/aania.fi\/wp-content\/uploads\/2019\/02\/MENAISET_ISO.jpg\",\"width\":450,\"height\":446},{\"@type\":\"WebPage\",\"@id\":\"http:\/\/aania.fi\/fi\/levyt\/menaiset-kelu-aania-19\/#webpage\",\"url\":\"http:\/\/aania.fi\/fi\/levyt\/menaiset-kelu-aania-19\/\",\"name\":\"MENAISET \\u2013 KELU AANIA-19 - \\u00c4\\u00e4nia\",\"isPartOf\":{\"@id\":\"http:\/\/aania.fi\/fi\/#website\"},\"primaryImageOfPage\":{\"@id\":\"http:\/\/aania.fi\/fi\/levyt\/menaiset-kelu-aania-19\/#primaryimage\"},\"datePublished\":\"2019-02-12T16:22:47+00:00\",\"dateModified\":\"2019-02-12T17:34:32+00:00\",\"inLanguage\":\"fi\",\"potentialAction\":[{\"@type\":\"ReadAction\",\"target\":[\"http:\/\/aania.fi\/fi\/levyt\/menaiset-kelu-aania-19\/\"]}]}]}<\/script>\n<!-- \/ Yoast SEO plugin. -->","_links":{"self":[{"href":"http:\/\/aania.fi\/fi\/wp-json\/wp\/v2\/product\/271","targetHints":{"allow":["GET"]}}],"collection":[{"href":"http:\/\/aania.fi\/fi\/wp-json\/wp\/v2\/product"}],"about":[{"href":"http:\/\/aania.fi\/fi\/wp-json\/wp\/v2\/types\/product"}],"replies":[{"embeddable":true,"href":"http:\/\/aania.fi\/fi\/wp-json\/wp\/v2\/comments?post=271"}],"wp:featuredmedia":[{"embeddable":true,"href":"http:\/\/aania.fi\/fi\/wp-json\/wp\/v2\/media\/270"}],"wp:attachment":[{"href":"http:\/\/aania.fi\/fi\/wp-json\/wp\/v2\/media?parent=271"}],"curies":[{"name":"wp","href":"https:\/\/api.w.org\/{rel}","templated":true}]}}