{"id":274,"date":"2019-02-12T18:25:51","date_gmt":"2019-02-12T16:25:51","guid":{"rendered":"http:\/\/aania.fi\/records\/nordic-choro-s-t-aania-18\/"},"modified":"2019-02-12T19:34:00","modified_gmt":"2019-02-12T17:34:00","slug":"nordic-choro-s-t-aania-18","status":"publish","type":"product","link":"http:\/\/aania.fi\/fi\/levyt\/nordic-choro-s-t-aania-18\/","title":{"rendered":"NORDIC CHORO \u2013 S\/T AANIA-18"},"content":{"rendered":"<p>Yhtye perustettiin syksyll\u00e4 2008 rakkaudesta brasilialaiseen choroon. Viime vuosien aikana syntyneet, choroperinteest\u00e4 ammentavat Jarmo Romppasen s\u00e4vellykset tarvitsivat tulkitsijaa, ja niinp\u00e4 uusi trio sai alkunsa. S\u00e4vellykset pohjautuvat rytmisesti ja harmonisesti brasilialaiseen perinteeseen, mutta melodialinjoissa tulevat esille my\u00f6s pohjoismaisten kansanmusiikkien vaikutteet.<\/p>\n<p>Nordic Chorossa soittavat:<\/p>\n<p>Fabio de Oliveira (BRA) \u2013 7-kielinen kitara<br \/>\nAnders Perander (FIN)\/Ricardo Santos (BRA)\u2013 ly\u00f6m\u00e4soittimet<br \/>\nJarmo Romppanen (FIN) \u2013 10-kielinen mandoliini<\/p>\n<p>Levyll\u00e4 vierailevat seuraavat muusikot:<\/p>\n<p>Petri Hakala (mandoliini), Johanna Juhola (harmonikka), Kukka Lehto (viulu), Mari M\u00e4ntyl\u00e4 (decacorde), Jari Perki\u00f6m\u00e4ki (sopraanosaksofoni) ja Milla Viljamaa (polkuharmooni).<\/p>\n","protected":false},"excerpt":{"rendered":"<p>Yhtye perustettiin syksyll\u00e4 2008 rakkaudesta brasilialaiseen choroon. Viime vuosien aikana syntyneet, choroperinteest\u00e4 ammentavat Jarmo Romppasen s\u00e4vellykset tarvitsivat tulkitsijaa, ja niinp\u00e4 uusi trio sai alkunsa. S\u00e4vellykset pohjautuvat rytmisesti ja harmonisesti brasilialaiseen perinteeseen, mutta melodialinjoissa tulevat esille my\u00f6s pohjoismaisten kansanmusiikkien vaikutteet. Nordic Chorossa soittavat: Fabio de Oliveira (BRA) \u2013 7-kielinen kitara Anders Perander (FIN)\/Ricardo Santos (BRA)\u2013 ly\u00f6m\u00e4soittimet [&hellip;]\n","protected":false},"featured_media":273,"comment_status":"open","ping_status":"closed","template":"","meta":[],"class_list":["post-274","product","type-product","status-publish","has-post-thumbnail","hentry","product_cat-nordic-choro"],"yoast_head":"<!-- This site is optimized with the Yoast SEO plugin v15.3 - https:\/\/yoast.com\/wordpress\/plugins\/seo\/ -->\n<title>NORDIC CHORO \u2013 S\/T AANIA-18 - \u00c4\u00e4nia<\/title>\n<meta name=\"robots\" content=\"index, follow, max-snippet:-1, max-image-preview:large, max-video-preview:-1\" \/>\n<link rel=\"canonical\" href=\"http:\/\/aania.fi\/fi\/levyt\/nordic-choro-s-t-aania-18\/\" \/>\n<meta property=\"og:locale\" content=\"fi_FI\" \/>\n<meta property=\"og:type\" content=\"article\" \/>\n<meta property=\"og:title\" content=\"NORDIC CHORO \u2013 S\/T AANIA-18 - \u00c4\u00e4nia\" \/>\n<meta property=\"og:description\" content=\"Yhtye perustettiin syksyll\u00e4 2008 rakkaudesta brasilialaiseen choroon. Viime vuosien aikana syntyneet, choroperinteest\u00e4 ammentavat Jarmo Romppasen s\u00e4vellykset tarvitsivat tulkitsijaa, ja niinp\u00e4 uusi trio sai alkunsa. S\u00e4vellykset pohjautuvat rytmisesti ja harmonisesti brasilialaiseen perinteeseen, mutta melodialinjoissa tulevat esille my\u00f6s pohjoismaisten kansanmusiikkien vaikutteet. Nordic Chorossa soittavat: Fabio de Oliveira (BRA) \u2013 7-kielinen kitara Anders Perander (FIN)\/Ricardo Santos (BRA)\u2013 ly\u00f6m\u00e4soittimet [&hellip;]\" \/>\n<meta property=\"og:url\" content=\"http:\/\/aania.fi\/fi\/levyt\/nordic-choro-s-t-aania-18\/\" \/>\n<meta property=\"og:site_name\" content=\"\u00c4\u00e4nia\" \/>\n<meta property=\"article:modified_time\" content=\"2019-02-12T17:34:00+00:00\" \/>\n<meta property=\"og:image\" content=\"http:\/\/aania.fi\/wp-content\/uploads\/2019\/02\/NORDIC_CHORO_ISO.jpg\" \/>\n\t<meta property=\"og:image:width\" content=\"450\" \/>\n\t<meta property=\"og:image:height\" content=\"406\" \/>\n<meta name=\"twitter:card\" content=\"summary_large_image\" \/>\n<meta name=\"twitter:label1\" content=\"Written by\">\n\t<meta name=\"twitter:data1\" content=\"taito\">\n\t<meta name=\"twitter:label2\" content=\"Est. reading time\">\n\t<meta name=\"twitter:data2\" content=\"0 minuuttia\">\n<script type=\"application\/ld+json\" class=\"yoast-schema-graph\">{\"@context\":\"https:\/\/schema.org\",\"@graph\":[{\"@type\":\"Organization\",\"@id\":\"http:\/\/aania.fi\/fi\/#organization\",\"name\":\"\\u00c4\\u00e4ni\\u00e4 Records\",\"url\":\"http:\/\/aania.fi\/fi\/\",\"sameAs\":[],\"logo\":{\"@type\":\"ImageObject\",\"@id\":\"http:\/\/aania.fi\/fi\/#logo\",\"inLanguage\":\"fi\",\"url\":\"http:\/\/aania.fi\/wp-content\/uploads\/2018\/07\/aania_logo.jpg\",\"width\":530,\"height\":155,\"caption\":\"\\u00c4\\u00e4ni\\u00e4 Records\"},\"image\":{\"@id\":\"http:\/\/aania.fi\/fi\/#logo\"}},{\"@type\":\"WebSite\",\"@id\":\"http:\/\/aania.fi\/fi\/#website\",\"url\":\"http:\/\/aania.fi\/fi\/\",\"name\":\"\\u00c4\\u00e4nia\",\"description\":\"\\u00c4\\u00e4ni\\u00e4 Records - Acoustic Music from Finland\",\"publisher\":{\"@id\":\"http:\/\/aania.fi\/fi\/#organization\"},\"potentialAction\":[{\"@type\":\"SearchAction\",\"target\":\"http:\/\/aania.fi\/fi\/?s={search_term_string}\",\"query-input\":\"required name=search_term_string\"}],\"inLanguage\":\"fi\"},{\"@type\":\"ImageObject\",\"@id\":\"http:\/\/aania.fi\/fi\/levyt\/nordic-choro-s-t-aania-18\/#primaryimage\",\"inLanguage\":\"fi\",\"url\":\"http:\/\/aania.fi\/wp-content\/uploads\/2019\/02\/NORDIC_CHORO_ISO.jpg\",\"width\":450,\"height\":406},{\"@type\":\"WebPage\",\"@id\":\"http:\/\/aania.fi\/fi\/levyt\/nordic-choro-s-t-aania-18\/#webpage\",\"url\":\"http:\/\/aania.fi\/fi\/levyt\/nordic-choro-s-t-aania-18\/\",\"name\":\"NORDIC CHORO \\u2013 S\/T AANIA-18 - \\u00c4\\u00e4nia\",\"isPartOf\":{\"@id\":\"http:\/\/aania.fi\/fi\/#website\"},\"primaryImageOfPage\":{\"@id\":\"http:\/\/aania.fi\/fi\/levyt\/nordic-choro-s-t-aania-18\/#primaryimage\"},\"datePublished\":\"2019-02-12T16:25:51+00:00\",\"dateModified\":\"2019-02-12T17:34:00+00:00\",\"inLanguage\":\"fi\",\"potentialAction\":[{\"@type\":\"ReadAction\",\"target\":[\"http:\/\/aania.fi\/fi\/levyt\/nordic-choro-s-t-aania-18\/\"]}]}]}<\/script>\n<!-- \/ Yoast SEO plugin. -->","_links":{"self":[{"href":"http:\/\/aania.fi\/fi\/wp-json\/wp\/v2\/product\/274","targetHints":{"allow":["GET"]}}],"collection":[{"href":"http:\/\/aania.fi\/fi\/wp-json\/wp\/v2\/product"}],"about":[{"href":"http:\/\/aania.fi\/fi\/wp-json\/wp\/v2\/types\/product"}],"replies":[{"embeddable":true,"href":"http:\/\/aania.fi\/fi\/wp-json\/wp\/v2\/comments?post=274"}],"wp:featuredmedia":[{"embeddable":true,"href":"http:\/\/aania.fi\/fi\/wp-json\/wp\/v2\/media\/273"}],"wp:attachment":[{"href":"http:\/\/aania.fi\/fi\/wp-json\/wp\/v2\/media?parent=274"}],"curies":[{"name":"wp","href":"https:\/\/api.w.org\/{rel}","templated":true}]}}