{"id":277,"date":"2019-02-12T18:30:46","date_gmt":"2019-02-12T16:30:46","guid":{"rendered":"http:\/\/aania.fi\/records\/karuna-hyvaa-matkaa-aania-17\/"},"modified":"2019-02-13T01:38:04","modified_gmt":"2019-02-12T23:38:04","slug":"karuna-hyvaa-matkaa-aania-17","status":"publish","type":"product","link":"http:\/\/aania.fi\/fi\/levyt\/karuna-hyvaa-matkaa-aania-17\/","title":{"rendered":"KARUNA \u2013 HYV\u00c4\u00c4 MATKAA AANIA-17"},"content":{"rendered":"<p>Kolmen kosketinsoittajan muodostama akustinen nykykansanmusiikkitrio Karuna julkaisee debyyttilevyns\u00e4 Hyv\u00e4\u00e4 matkaa. Yhtyeess\u00e4 soittavat Esko J\u00e4rvel\u00e4 (avainviulu ja viulu), Juha Kujanp\u00e4\u00e4 (piano ja urkuharmooni) sek\u00e4 Teija Niku (harmonikka). Musiikki on yhtyeen j\u00e4senten omaa tuotantoa, vahvasti pohjoismaisesta kansanmusiikista vaikutteita ammentavia uusia s\u00e4vellyksi\u00e4. Ohjelmisto ulottuu svengaavista polskista ja tunnelmallisista valsseista aina barokkivaikutteiseen jigiin.<\/p>\n<p>Esko J\u00e4rvel\u00e4 on kaustislainen pelimanni ja yksi Suomen tunnetuimmista kansanmusiikkiviulisteista. J\u00e4rvel\u00e4n yhtyeit\u00e4 ovat mm. Frigg, Es&amp;Co, Baltic Crossing, Tsuumi Sound System ja T\u00f6tterss\u00f6n.<\/p>\n<p>Juha Kujanp\u00e4\u00e4 on s\u00e4velt\u00e4j\u00e4 ja muusikko, joka on erityisen kiinnostunut eurooppalaisen jazzin ja kansanmusiikin v\u00e4lisest\u00e4 rajapinnasta. H\u00e4n s\u00e4velt\u00e4\u00e4 omille yhtyeilleen Poutaja ja Kirjava lintu, ja soittaa pianoa ja harmoonia lis\u00e4ksi Ville Ojasen yhtyeess\u00e4, Captain Cougarissa, Kuha.-yhtyeess\u00e4 ja Saarikorpi Bromissa.<\/p>\n<p>Teija Niku on Sibelius-Akatemian kansanmusiikkiosastolta valmistunut harmonikansoittaja, joka on erikoistunut skandinaavisen perinteen lis\u00e4ksi Balkanin alueen musiikkiin. Nikun muita kokoonpanoja ovat Grupa Balkan sek\u00e4 Polka Chicks.<\/p>\n<p>Karuna:<\/p>\n<p>Esko J\u00e4rvel\u00e4: avainviulu, viulu<br \/>\nJuha Kujanp\u00e4\u00e4: piano, harmooni<br \/>\nTeija Niku: harmonikka<\/p>\n<p>Vierailijat:<br \/>\nHannu Risku, perkussiot (1, 4, 8 )<br \/>\nTopi Korhonen, kitara (6, 9)<br \/>\nIlkka Heinonen, kontrabasso (4)<\/p>\n<p>Hyv\u00e4\u00e4 matkaa<br \/>\n1. Sonetti no.1<\/p>\n<p>2. Caroli Walz<\/p>\n<p>3. \u00d6inen polska<\/p>\n<p>4. Hyv\u00e4\u00e4 matkaa<\/p>\n<p>5. Lapiointimasurkka<\/p>\n<p>6. H\u00e4\u00e4marssi<\/p>\n<p>7. Keskip\u00e4iv\u00e4n menuetti<\/p>\n<p>8. Pahhia ja kaffia<\/p>\n<p>9. Niemel\u00e4<\/p>\n<p>10. Seitsem\u00e4s kerros<\/p>\n<p>11. Tuulenkantaja<\/p>\n<p>12. Karuna<\/p>\n<p>Kaikki s\u00e4vellykset ja sovitukset: Juha Kujanp\u00e4\u00e4 paitsi &#8221;Caroli Waltz&#8221;, Teija Niku.<\/p>\n<p>\u00c4\u00e4nitetty hein\u00e4kuussa 2009 Kallio-Kuninkaalassa, J\u00e4rvenp\u00e4\u00e4ss\u00e4<br \/>\n\u00c4\u00e4nitys ja miksaus: Vesa Norilo<br \/>\nMasterointi: Pauli Saastamoinen, Finnvox<br \/>\nLapiointi: lorenzosu \/ www.freesound.org<br \/>\nKuvat: A\u2013J Savolainen<br \/>\nKannet: Tero Vesterinen<\/p>\n<p>c &amp; p KANTELEEN \u00c4\u00c4NI\u00c4 2010<br \/>\nSibelius-Akatemian kansanmusiikin osaston \u00e4\u00e4nitteit\u00e4 95.<br \/>\nISRC FI7KA1000001\u201412<br \/>\nEAN: 6430024090222<\/p>\n","protected":false},"excerpt":{"rendered":"<p>Kolmen kosketinsoittajan muodostama akustinen nykykansanmusiikkitrio Karuna julkaisee debyyttilevyns\u00e4 Hyv\u00e4\u00e4 matkaa. Yhtyeess\u00e4 soittavat Esko J\u00e4rvel\u00e4 (avainviulu ja viulu), Juha Kujanp\u00e4\u00e4 (piano ja urkuharmooni) sek\u00e4 Teija Niku (harmonikka). Musiikki on yhtyeen j\u00e4senten omaa tuotantoa, vahvasti pohjoismaisesta kansanmusiikista vaikutteita ammentavia uusia s\u00e4vellyksi\u00e4. Ohjelmisto ulottuu svengaavista polskista ja tunnelmallisista valsseista aina barokkivaikutteiseen jigiin. Esko J\u00e4rvel\u00e4 on kaustislainen pelimanni ja [&hellip;]\n","protected":false},"featured_media":276,"comment_status":"open","ping_status":"closed","template":"","meta":[],"class_list":["post-277","product","type-product","status-publish","has-post-thumbnail","hentry","product_cat-karuna-fi"],"yoast_head":"<!-- This site is optimized with the Yoast SEO plugin v15.3 - https:\/\/yoast.com\/wordpress\/plugins\/seo\/ -->\n<title>KARUNA \u2013 HYV\u00c4\u00c4 MATKAA AANIA-17 - \u00c4\u00e4nia<\/title>\n<meta name=\"robots\" content=\"index, follow, max-snippet:-1, max-image-preview:large, max-video-preview:-1\" \/>\n<link rel=\"canonical\" href=\"http:\/\/aania.fi\/fi\/levyt\/karuna-hyvaa-matkaa-aania-17\/\" \/>\n<meta property=\"og:locale\" content=\"fi_FI\" \/>\n<meta property=\"og:type\" content=\"article\" \/>\n<meta property=\"og:title\" content=\"KARUNA \u2013 HYV\u00c4\u00c4 MATKAA AANIA-17 - \u00c4\u00e4nia\" \/>\n<meta property=\"og:description\" content=\"Kolmen kosketinsoittajan muodostama akustinen nykykansanmusiikkitrio Karuna julkaisee debyyttilevyns\u00e4 Hyv\u00e4\u00e4 matkaa. Yhtyeess\u00e4 soittavat Esko J\u00e4rvel\u00e4 (avainviulu ja viulu), Juha Kujanp\u00e4\u00e4 (piano ja urkuharmooni) sek\u00e4 Teija Niku (harmonikka). Musiikki on yhtyeen j\u00e4senten omaa tuotantoa, vahvasti pohjoismaisesta kansanmusiikista vaikutteita ammentavia uusia s\u00e4vellyksi\u00e4. Ohjelmisto ulottuu svengaavista polskista ja tunnelmallisista valsseista aina barokkivaikutteiseen jigiin. Esko J\u00e4rvel\u00e4 on kaustislainen pelimanni ja [&hellip;]\" \/>\n<meta property=\"og:url\" content=\"http:\/\/aania.fi\/fi\/levyt\/karuna-hyvaa-matkaa-aania-17\/\" \/>\n<meta property=\"og:site_name\" content=\"\u00c4\u00e4nia\" \/>\n<meta property=\"article:modified_time\" content=\"2019-02-12T23:38:04+00:00\" \/>\n<meta property=\"og:image\" content=\"http:\/\/aania.fi\/wp-content\/uploads\/2019\/02\/KARUNA_ISO.jpg\" \/>\n\t<meta property=\"og:image:width\" content=\"450\" \/>\n\t<meta property=\"og:image:height\" content=\"409\" \/>\n<meta name=\"twitter:card\" content=\"summary_large_image\" \/>\n<meta name=\"twitter:label1\" content=\"Written by\">\n\t<meta name=\"twitter:data1\" content=\"taito\">\n\t<meta name=\"twitter:label2\" content=\"Est. reading time\">\n\t<meta name=\"twitter:data2\" content=\"1 minuutti\">\n<script type=\"application\/ld+json\" class=\"yoast-schema-graph\">{\"@context\":\"https:\/\/schema.org\",\"@graph\":[{\"@type\":\"Organization\",\"@id\":\"http:\/\/aania.fi\/fi\/#organization\",\"name\":\"\\u00c4\\u00e4ni\\u00e4 Records\",\"url\":\"http:\/\/aania.fi\/fi\/\",\"sameAs\":[],\"logo\":{\"@type\":\"ImageObject\",\"@id\":\"http:\/\/aania.fi\/fi\/#logo\",\"inLanguage\":\"fi\",\"url\":\"http:\/\/aania.fi\/wp-content\/uploads\/2018\/07\/aania_logo.jpg\",\"width\":530,\"height\":155,\"caption\":\"\\u00c4\\u00e4ni\\u00e4 Records\"},\"image\":{\"@id\":\"http:\/\/aania.fi\/fi\/#logo\"}},{\"@type\":\"WebSite\",\"@id\":\"http:\/\/aania.fi\/fi\/#website\",\"url\":\"http:\/\/aania.fi\/fi\/\",\"name\":\"\\u00c4\\u00e4nia\",\"description\":\"\\u00c4\\u00e4ni\\u00e4 Records - Acoustic Music from Finland\",\"publisher\":{\"@id\":\"http:\/\/aania.fi\/fi\/#organization\"},\"potentialAction\":[{\"@type\":\"SearchAction\",\"target\":\"http:\/\/aania.fi\/fi\/?s={search_term_string}\",\"query-input\":\"required name=search_term_string\"}],\"inLanguage\":\"fi\"},{\"@type\":\"ImageObject\",\"@id\":\"http:\/\/aania.fi\/fi\/levyt\/karuna-hyvaa-matkaa-aania-17\/#primaryimage\",\"inLanguage\":\"fi\",\"url\":\"http:\/\/aania.fi\/wp-content\/uploads\/2019\/02\/KARUNA_ISO.jpg\",\"width\":450,\"height\":409},{\"@type\":\"WebPage\",\"@id\":\"http:\/\/aania.fi\/fi\/levyt\/karuna-hyvaa-matkaa-aania-17\/#webpage\",\"url\":\"http:\/\/aania.fi\/fi\/levyt\/karuna-hyvaa-matkaa-aania-17\/\",\"name\":\"KARUNA \\u2013 HYV\\u00c4\\u00c4 MATKAA AANIA-17 - \\u00c4\\u00e4nia\",\"isPartOf\":{\"@id\":\"http:\/\/aania.fi\/fi\/#website\"},\"primaryImageOfPage\":{\"@id\":\"http:\/\/aania.fi\/fi\/levyt\/karuna-hyvaa-matkaa-aania-17\/#primaryimage\"},\"datePublished\":\"2019-02-12T16:30:46+00:00\",\"dateModified\":\"2019-02-12T23:38:04+00:00\",\"inLanguage\":\"fi\",\"potentialAction\":[{\"@type\":\"ReadAction\",\"target\":[\"http:\/\/aania.fi\/fi\/levyt\/karuna-hyvaa-matkaa-aania-17\/\"]}]}]}<\/script>\n<!-- \/ Yoast SEO plugin. -->","_links":{"self":[{"href":"http:\/\/aania.fi\/fi\/wp-json\/wp\/v2\/product\/277","targetHints":{"allow":["GET"]}}],"collection":[{"href":"http:\/\/aania.fi\/fi\/wp-json\/wp\/v2\/product"}],"about":[{"href":"http:\/\/aania.fi\/fi\/wp-json\/wp\/v2\/types\/product"}],"replies":[{"embeddable":true,"href":"http:\/\/aania.fi\/fi\/wp-json\/wp\/v2\/comments?post=277"}],"wp:featuredmedia":[{"embeddable":true,"href":"http:\/\/aania.fi\/fi\/wp-json\/wp\/v2\/media\/276"}],"wp:attachment":[{"href":"http:\/\/aania.fi\/fi\/wp-json\/wp\/v2\/media?parent=277"}],"curies":[{"name":"wp","href":"https:\/\/api.w.org\/{rel}","templated":true}]}}