{"id":280,"date":"2019-02-12T18:34:21","date_gmt":"2019-02-12T16:34:21","guid":{"rendered":"http:\/\/aania.fi\/records\/kanteleen-kyydissa-s-t-aania-16\/"},"modified":"2019-02-12T18:46:44","modified_gmt":"2019-02-12T16:46:44","slug":"kanteleen-kyydissa-s-t-aania-16","status":"publish","type":"product","link":"http:\/\/aania.fi\/fi\/levyt\/kanteleen-kyydissa-s-t-aania-16\/","title":{"rendered":"KANTELEEN KYYDISS\u00c4 \u2013 S\/T AANIA-16"},"content":{"rendered":"<p>With Kantele you can get anywhere you want!<br \/>\nKanteleen kyydiss\u00e4 -album is based on an interactive musical adventure for children written by Eppu Nuotio and composed by Vilma Timonen. The music is performed by Kanteleen kyydiss\u00e4 -orchestra:<\/p>\n<p>Vilma Timonen, composition, vocals, kanteles<br \/>\nIlkka Heinonen, double bass, jouhikko, vocals<br \/>\nTuomas Timonen, drums, percussion<br \/>\nMilla Viljamaa, piano, harmonium, melodica<\/p>\n<p>Featuring:<br \/>\nTopi Korhonen, trumpet (2, 13, 14 )<br \/>\nKukka Lehto, violin (1, 6, 7, 14)<\/p>\n<p>Kanteleen kyydiss\u00e4<br \/>\n1. Kanteleeni k\u00e4ynnist\u00e4n 2:07<\/p>\n<p>2. Matkaan 2:52<\/p>\n<p>3. Johtolankoja 1:56<\/p>\n<p>4. Kirppupolkka 2:22<\/p>\n<p>5. Karhun kantele 3:05<\/p>\n<p>6. Ihmetyksi\u00e4 3:33<\/p>\n<p>7. Villill\u00e4 tuulella 2:38<\/p>\n<p>8. Sentti 2:32<\/p>\n<p>9. Yst\u00e4v\u00e4ni 2:44<\/p>\n<p>10. Katso koivu minua 4:33<\/p>\n<p>11. Eksynyt ja n\u00e4lk\u00e4inen 3:03<\/p>\n<p>12. Kiire 2:00<\/p>\n<p>13. Kotia 2:56<\/p>\n<p>14. Kiitos 4:50<\/p>\n<p>All Arrangements by Kanteleen kyydiss\u00e4 -orchestra<\/p>\n<p>Recorded by Kimmo Antikainen ja Taito Hoffr\u00e9n<br \/>\nMixed by Kalle Vanhapelto &amp; Taito Hoffr\u00e9n<br \/>\nMastered by Taito Hoffr\u00e9n<br \/>\nCovers by Jaakko Ruuttunen<br \/>\nPhotos Johanna Viljakainen, STUDIO Skaala<\/p>\n<p>c &amp; p KANTELEEN \u00c4\u00c4NI\u00c4 2009<br \/>\nISRC FI7KA0900074\u201487<br \/>\nEAN: 64 3002409 0192<\/p>\n","protected":false},"excerpt":{"rendered":"<p>With Kantele you can get anywhere you want! Kanteleen kyydiss\u00e4 -album is based on an interactive musical adventure for children written by Eppu Nuotio and composed by Vilma Timonen. The music is performed by Kanteleen kyydiss\u00e4 -orchestra: Vilma Timonen, composition, vocals, kanteles Ilkka Heinonen, double bass, jouhikko, vocals Tuomas Timonen, drums, percussion Milla Viljamaa, piano, [&hellip;]\n","protected":false},"featured_media":279,"comment_status":"open","ping_status":"closed","template":"","meta":[],"class_list":["post-280","product","type-product","status-publish","has-post-thumbnail","hentry","product_cat-kanteleen-kyydissa"],"yoast_head":"<!-- This site is optimized with the Yoast SEO plugin v15.3 - https:\/\/yoast.com\/wordpress\/plugins\/seo\/ -->\n<title>KANTELEEN KYYDISS\u00c4 \u2013 S\/T AANIA-16 - \u00c4\u00e4nia<\/title>\n<meta name=\"robots\" content=\"index, follow, max-snippet:-1, max-image-preview:large, max-video-preview:-1\" \/>\n<link rel=\"canonical\" href=\"http:\/\/aania.fi\/fi\/levyt\/kanteleen-kyydissa-s-t-aania-16\/\" \/>\n<meta property=\"og:locale\" content=\"fi_FI\" \/>\n<meta property=\"og:type\" content=\"article\" \/>\n<meta property=\"og:title\" content=\"KANTELEEN KYYDISS\u00c4 \u2013 S\/T AANIA-16 - \u00c4\u00e4nia\" \/>\n<meta property=\"og:description\" content=\"With Kantele you can get anywhere you want! Kanteleen kyydiss\u00e4 -album is based on an interactive musical adventure for children written by Eppu Nuotio and composed by Vilma Timonen. The music is performed by Kanteleen kyydiss\u00e4 -orchestra: Vilma Timonen, composition, vocals, kanteles Ilkka Heinonen, double bass, jouhikko, vocals Tuomas Timonen, drums, percussion Milla Viljamaa, piano, [&hellip;]\" \/>\n<meta property=\"og:url\" content=\"http:\/\/aania.fi\/fi\/levyt\/kanteleen-kyydissa-s-t-aania-16\/\" \/>\n<meta property=\"og:site_name\" content=\"\u00c4\u00e4nia\" \/>\n<meta property=\"article:modified_time\" content=\"2019-02-12T16:46:44+00:00\" \/>\n<meta property=\"og:image\" content=\"http:\/\/aania.fi\/wp-content\/uploads\/2019\/02\/KANTELEEN_KYYDISSA_ISO.jpg\" \/>\n\t<meta property=\"og:image:width\" content=\"450\" \/>\n\t<meta property=\"og:image:height\" content=\"404\" \/>\n<meta name=\"twitter:card\" content=\"summary_large_image\" \/>\n<meta name=\"twitter:label1\" content=\"Written by\">\n\t<meta name=\"twitter:data1\" content=\"taito\">\n\t<meta name=\"twitter:label2\" content=\"Est. reading time\">\n\t<meta name=\"twitter:data2\" content=\"1 minuutti\">\n<script type=\"application\/ld+json\" class=\"yoast-schema-graph\">{\"@context\":\"https:\/\/schema.org\",\"@graph\":[{\"@type\":\"Organization\",\"@id\":\"http:\/\/aania.fi\/fi\/#organization\",\"name\":\"\\u00c4\\u00e4ni\\u00e4 Records\",\"url\":\"http:\/\/aania.fi\/fi\/\",\"sameAs\":[],\"logo\":{\"@type\":\"ImageObject\",\"@id\":\"http:\/\/aania.fi\/fi\/#logo\",\"inLanguage\":\"fi\",\"url\":\"http:\/\/aania.fi\/wp-content\/uploads\/2018\/07\/aania_logo.jpg\",\"width\":530,\"height\":155,\"caption\":\"\\u00c4\\u00e4ni\\u00e4 Records\"},\"image\":{\"@id\":\"http:\/\/aania.fi\/fi\/#logo\"}},{\"@type\":\"WebSite\",\"@id\":\"http:\/\/aania.fi\/fi\/#website\",\"url\":\"http:\/\/aania.fi\/fi\/\",\"name\":\"\\u00c4\\u00e4nia\",\"description\":\"\\u00c4\\u00e4ni\\u00e4 Records - Acoustic Music from Finland\",\"publisher\":{\"@id\":\"http:\/\/aania.fi\/fi\/#organization\"},\"potentialAction\":[{\"@type\":\"SearchAction\",\"target\":\"http:\/\/aania.fi\/fi\/?s={search_term_string}\",\"query-input\":\"required name=search_term_string\"}],\"inLanguage\":\"fi\"},{\"@type\":\"ImageObject\",\"@id\":\"http:\/\/aania.fi\/fi\/levyt\/kanteleen-kyydissa-s-t-aania-16\/#primaryimage\",\"inLanguage\":\"fi\",\"url\":\"http:\/\/aania.fi\/wp-content\/uploads\/2019\/02\/KANTELEEN_KYYDISSA_ISO.jpg\",\"width\":450,\"height\":404},{\"@type\":\"WebPage\",\"@id\":\"http:\/\/aania.fi\/fi\/levyt\/kanteleen-kyydissa-s-t-aania-16\/#webpage\",\"url\":\"http:\/\/aania.fi\/fi\/levyt\/kanteleen-kyydissa-s-t-aania-16\/\",\"name\":\"KANTELEEN KYYDISS\\u00c4 \\u2013 S\/T AANIA-16 - \\u00c4\\u00e4nia\",\"isPartOf\":{\"@id\":\"http:\/\/aania.fi\/fi\/#website\"},\"primaryImageOfPage\":{\"@id\":\"http:\/\/aania.fi\/fi\/levyt\/kanteleen-kyydissa-s-t-aania-16\/#primaryimage\"},\"datePublished\":\"2019-02-12T16:34:21+00:00\",\"dateModified\":\"2019-02-12T16:46:44+00:00\",\"inLanguage\":\"fi\",\"potentialAction\":[{\"@type\":\"ReadAction\",\"target\":[\"http:\/\/aania.fi\/fi\/levyt\/kanteleen-kyydissa-s-t-aania-16\/\"]}]}]}<\/script>\n<!-- \/ Yoast SEO plugin. -->","_links":{"self":[{"href":"http:\/\/aania.fi\/fi\/wp-json\/wp\/v2\/product\/280","targetHints":{"allow":["GET"]}}],"collection":[{"href":"http:\/\/aania.fi\/fi\/wp-json\/wp\/v2\/product"}],"about":[{"href":"http:\/\/aania.fi\/fi\/wp-json\/wp\/v2\/types\/product"}],"replies":[{"embeddable":true,"href":"http:\/\/aania.fi\/fi\/wp-json\/wp\/v2\/comments?post=280"}],"wp:featuredmedia":[{"embeddable":true,"href":"http:\/\/aania.fi\/fi\/wp-json\/wp\/v2\/media\/279"}],"wp:attachment":[{"href":"http:\/\/aania.fi\/fi\/wp-json\/wp\/v2\/media?parent=280"}],"curies":[{"name":"wp","href":"https:\/\/api.w.org\/{rel}","templated":true}]}}