{"id":286,"date":"2019-02-12T18:51:38","date_gmt":"2019-02-12T16:51:38","guid":{"rendered":"http:\/\/aania.fi\/records\/ruuti-s-t-aania-14\/"},"modified":"2019-02-13T01:31:37","modified_gmt":"2019-02-12T23:31:37","slug":"ruuti-s-t-aania-14","status":"publish","type":"product","link":"http:\/\/aania.fi\/fi\/levyt\/ruuti-s-t-aania-14\/","title":{"rendered":"RUUTI \u2013 S\/T AANIA-14"},"content":{"rendered":"<p>Ruuti on uusi voimallinen nykykansanmusiikkitrio Suomesta. Sen j\u00e4senet ovat tuttuja naamoja mit\u00e4 moninaisimmista yhteyksist\u00e4 ja ovat kunnostatuneet ns. s\u00e4estyshommissa suomalaisen muusiikin kent\u00e4n monilla kulmilla. Vihdoinkin n\u00e4m\u00e4 oivalliset muusikot ja uskolliset s\u00e4est\u00e4j\u00e4t ovat ly\u00f6neet p\u00e4\u00e4ns\u00e4 yhteen ja astuneet eturiviin uuden uhkean trionsa kera julkaisemmalla esikois\u00e4\u00e4nitteens\u00e4.<\/p>\n<p>RUUTI<br \/>\n1. Veteli 3:11<\/p>\n<p>2. Pekkos Brunch \/ Etkot 5:57<\/p>\n<p>3. Vihtahousu 4:17<\/p>\n<p>4. Puro 4:06<\/p>\n<p>5. Onneni t\u00e4hdet 3:22<\/p>\n<p>6. D. 4:35<\/p>\n<p>7. Polje 3:29<\/p>\n<p>8. Muuttoauto 4:11<\/p>\n<p>9. Marsukka 5:10<\/p>\n<p>10. Aamuvalssi 4:33<\/p>\n<p>11. Jorma 4:08<\/p>\n<p>12. Kristallipolska 4:16<\/p>\n<p>13. Routaj\u00e4rvi 8:23<\/p>\n<p>S\u00e4vellykset:<\/p>\n<p>Ilkka Heinonen 1, 2, 3, 4, 7, 10, 12, 13<br \/>\nTopi Korhonen 6, 9, 11<br \/>\nKukka Lehto 8<br \/>\nOnneni t\u00e4hdet perustuu 1957 Taavi Uutelalta tallennettuun kansanlauluun.<\/p>\n<p>Sovitukset Ruuti<\/p>\n<p>Ruuti:<\/p>\n<p>Kukka Lehto viulu, laulu<br \/>\nTopi Korhonen kitara<br \/>\nIlkka Heinonen basso<\/p>\n<p>\u00c4\u00e4nitys, miksaus ja CD-masterointi: Taito Hoffr\u00e9n<br \/>\n\u00c4\u00e4nitetty \u00c4\u00e4ni\u00e4 http:\/\/ka.fi\/ka\/studiolla, Kanteleen kyl\u00e4ss\u00e4<br \/>\nKuvat: AJ Savolainen<br \/>\nTaitto: Tero Vesterinen<br \/>\nK\u00e4\u00e4nn\u00f6kset: Pekko K\u00e4ppi &amp; Girilal Baars<br \/>\nTuottaja: Ruuti &amp; Taito Hoffr\u00e9n<\/p>\n<p>c &amp; p KANTELEEN \u00c4\u00c4NI\u00c4 2009<br \/>\nISRC FI7KA0900052\u201464<br \/>\nEAN: 64 3002409 0147<\/p>\n","protected":false},"excerpt":{"rendered":"<p>Ruuti on uusi voimallinen nykykansanmusiikkitrio Suomesta. Sen j\u00e4senet ovat tuttuja naamoja mit\u00e4 moninaisimmista yhteyksist\u00e4 ja ovat kunnostatuneet ns. s\u00e4estyshommissa suomalaisen muusiikin kent\u00e4n monilla kulmilla. Vihdoinkin n\u00e4m\u00e4 oivalliset muusikot ja uskolliset s\u00e4est\u00e4j\u00e4t ovat ly\u00f6neet p\u00e4\u00e4ns\u00e4 yhteen ja astuneet eturiviin uuden uhkean trionsa kera julkaisemmalla esikois\u00e4\u00e4nitteens\u00e4. RUUTI 1. Veteli 3:11 2. Pekkos Brunch \/ Etkot 5:57 3. [&hellip;]\n","protected":false},"featured_media":285,"comment_status":"open","ping_status":"closed","template":"","meta":[],"class_list":["post-286","product","type-product","status-publish","has-post-thumbnail","hentry","product_cat-ruuti-fi"],"yoast_head":"<!-- This site is optimized with the Yoast SEO plugin v15.3 - https:\/\/yoast.com\/wordpress\/plugins\/seo\/ -->\n<title>RUUTI \u2013 S\/T AANIA-14 - \u00c4\u00e4nia<\/title>\n<meta name=\"robots\" content=\"index, follow, max-snippet:-1, max-image-preview:large, max-video-preview:-1\" \/>\n<link rel=\"canonical\" href=\"http:\/\/aania.fi\/fi\/levyt\/ruuti-s-t-aania-14\/\" \/>\n<meta property=\"og:locale\" content=\"fi_FI\" \/>\n<meta property=\"og:type\" content=\"article\" \/>\n<meta property=\"og:title\" content=\"RUUTI \u2013 S\/T AANIA-14 - \u00c4\u00e4nia\" \/>\n<meta property=\"og:description\" content=\"Ruuti on uusi voimallinen nykykansanmusiikkitrio Suomesta. Sen j\u00e4senet ovat tuttuja naamoja mit\u00e4 moninaisimmista yhteyksist\u00e4 ja ovat kunnostatuneet ns. s\u00e4estyshommissa suomalaisen muusiikin kent\u00e4n monilla kulmilla. Vihdoinkin n\u00e4m\u00e4 oivalliset muusikot ja uskolliset s\u00e4est\u00e4j\u00e4t ovat ly\u00f6neet p\u00e4\u00e4ns\u00e4 yhteen ja astuneet eturiviin uuden uhkean trionsa kera julkaisemmalla esikois\u00e4\u00e4nitteens\u00e4. RUUTI 1. Veteli 3:11 2. Pekkos Brunch \/ Etkot 5:57 3. [&hellip;]\" \/>\n<meta property=\"og:url\" content=\"http:\/\/aania.fi\/fi\/levyt\/ruuti-s-t-aania-14\/\" \/>\n<meta property=\"og:site_name\" content=\"\u00c4\u00e4nia\" \/>\n<meta property=\"article:modified_time\" content=\"2019-02-12T23:31:37+00:00\" \/>\n<meta property=\"og:image\" content=\"http:\/\/aania.fi\/wp-content\/uploads\/2019\/02\/RUUTI_ISO.jpg\" \/>\n\t<meta property=\"og:image:width\" content=\"450\" \/>\n\t<meta property=\"og:image:height\" content=\"404\" \/>\n<meta name=\"twitter:card\" content=\"summary_large_image\" \/>\n<meta name=\"twitter:label1\" content=\"Written by\">\n\t<meta name=\"twitter:data1\" content=\"taito\">\n\t<meta name=\"twitter:label2\" content=\"Est. reading time\">\n\t<meta name=\"twitter:data2\" content=\"1 minuutti\">\n<script type=\"application\/ld+json\" class=\"yoast-schema-graph\">{\"@context\":\"https:\/\/schema.org\",\"@graph\":[{\"@type\":\"Organization\",\"@id\":\"http:\/\/aania.fi\/fi\/#organization\",\"name\":\"\\u00c4\\u00e4ni\\u00e4 Records\",\"url\":\"http:\/\/aania.fi\/fi\/\",\"sameAs\":[],\"logo\":{\"@type\":\"ImageObject\",\"@id\":\"http:\/\/aania.fi\/fi\/#logo\",\"inLanguage\":\"fi\",\"url\":\"http:\/\/aania.fi\/wp-content\/uploads\/2018\/07\/aania_logo.jpg\",\"width\":530,\"height\":155,\"caption\":\"\\u00c4\\u00e4ni\\u00e4 Records\"},\"image\":{\"@id\":\"http:\/\/aania.fi\/fi\/#logo\"}},{\"@type\":\"WebSite\",\"@id\":\"http:\/\/aania.fi\/fi\/#website\",\"url\":\"http:\/\/aania.fi\/fi\/\",\"name\":\"\\u00c4\\u00e4nia\",\"description\":\"\\u00c4\\u00e4ni\\u00e4 Records - Acoustic Music from Finland\",\"publisher\":{\"@id\":\"http:\/\/aania.fi\/fi\/#organization\"},\"potentialAction\":[{\"@type\":\"SearchAction\",\"target\":\"http:\/\/aania.fi\/fi\/?s={search_term_string}\",\"query-input\":\"required name=search_term_string\"}],\"inLanguage\":\"fi\"},{\"@type\":\"ImageObject\",\"@id\":\"http:\/\/aania.fi\/fi\/levyt\/ruuti-s-t-aania-14\/#primaryimage\",\"inLanguage\":\"fi\",\"url\":\"http:\/\/aania.fi\/wp-content\/uploads\/2019\/02\/RUUTI_ISO.jpg\",\"width\":450,\"height\":404},{\"@type\":\"WebPage\",\"@id\":\"http:\/\/aania.fi\/fi\/levyt\/ruuti-s-t-aania-14\/#webpage\",\"url\":\"http:\/\/aania.fi\/fi\/levyt\/ruuti-s-t-aania-14\/\",\"name\":\"RUUTI \\u2013 S\/T AANIA-14 - \\u00c4\\u00e4nia\",\"isPartOf\":{\"@id\":\"http:\/\/aania.fi\/fi\/#website\"},\"primaryImageOfPage\":{\"@id\":\"http:\/\/aania.fi\/fi\/levyt\/ruuti-s-t-aania-14\/#primaryimage\"},\"datePublished\":\"2019-02-12T16:51:38+00:00\",\"dateModified\":\"2019-02-12T23:31:37+00:00\",\"inLanguage\":\"fi\",\"potentialAction\":[{\"@type\":\"ReadAction\",\"target\":[\"http:\/\/aania.fi\/fi\/levyt\/ruuti-s-t-aania-14\/\"]}]}]}<\/script>\n<!-- \/ Yoast SEO plugin. -->","_links":{"self":[{"href":"http:\/\/aania.fi\/fi\/wp-json\/wp\/v2\/product\/286","targetHints":{"allow":["GET"]}}],"collection":[{"href":"http:\/\/aania.fi\/fi\/wp-json\/wp\/v2\/product"}],"about":[{"href":"http:\/\/aania.fi\/fi\/wp-json\/wp\/v2\/types\/product"}],"replies":[{"embeddable":true,"href":"http:\/\/aania.fi\/fi\/wp-json\/wp\/v2\/comments?post=286"}],"wp:featuredmedia":[{"embeddable":true,"href":"http:\/\/aania.fi\/fi\/wp-json\/wp\/v2\/media\/285"}],"wp:attachment":[{"href":"http:\/\/aania.fi\/fi\/wp-json\/wp\/v2\/media?parent=286"}],"curies":[{"name":"wp","href":"https:\/\/api.w.org\/{rel}","templated":true}]}}