{"id":289,"date":"2019-02-12T18:54:01","date_gmt":"2019-02-12T16:54:01","guid":{"rendered":"http:\/\/aania.fi\/records\/hiite-maammo-aania-13\/"},"modified":"2019-02-13T01:27:22","modified_gmt":"2019-02-12T23:27:22","slug":"hiite-maammo-aania-13","status":"publish","type":"product","link":"http:\/\/aania.fi\/fi\/levyt\/hiite-maammo-aania-13\/","title":{"rendered":"HIITE \u2013 MAAMMO AANIA-13"},"content":{"rendered":"<p>Hiite on vuonna 2006 perustettu kansanmusiikkiyhtye, jonka ohjelmisto pohjautuu suomalais-ugrilaisten kansojen perinteeseen. Yhtyeen musiikkia on luonnehdittu minimalistiseksi mutta s\u00e4vyilt\u00e4\u00e4n rikkaaksi ja monipuoliseksi. Hiite koostuu nelj\u00e4st\u00e4 kansanmuusikosta, joiden soittimina ovat jouhikko, kantele, munniharppu sek\u00e4 erilaiset puhaltimet. Yhtye esitt\u00e4\u00e4 perinteisi\u00e4, p\u00e4\u00e4osin arkistonauhoilta poimittuja lauluja ja soitteita. \u00c4\u00e4nimaisemat ulottuvat kotoisasta Karjalasta aina Siperian pohjoisille tundrille saakka.<\/p>\n<p>Hiite pyrkii ymm\u00e4rt\u00e4m\u00e4\u00e4n ja toteuttamaan arkaaisen musiikin lainalaisuuksia. Soittoon ja lauluun kuuluu my\u00f6s kulloinkin kyseess\u00e4 olevaan musiikkikulttuuriin perehtyminen. Perinteest\u00e4 l\u00f6ydettyj\u00e4 elementtej\u00e4 toisaalta vaalitaan pieteetill\u00e4, mutta toisaalta yhdistell\u00e4\u00e4n ja sovelletaan rohkeasti. Ohjenuorana yhtyeell\u00e4 on enemm\u00e4nkin muinaismusiikin hengen kuin kirjaimen toteuttaminen, mik\u00e4 mahdollistaakin my\u00f6s uuden \u201darkaaisen\u201d musiikin s\u00e4velt\u00e4misen. Hiitteen ohjelmistosta l\u00f6ytyy kappaleita mm. Suomesta, Karjalasta, Inkerist\u00e4 ja Virosta.<\/p>\n<p>Maammo<br \/>\n1. Pessi 1 (trad. soittanut Liisa Pessi, Kaukola) 4:12<\/p>\n<p>2. Narrimislaulu (trad. laulanut Valpuri Vohta ja kuoro, Narvusi) 5:01<\/p>\n<p>3. Iro-neito (trad. laulanut Ogoi M\u00e4\u00e4r\u00e4nen, Suoj\u00e4rvi) 6:35<\/p>\n<p>4. Lumi (Kirsi Ojala) 5:02<\/p>\n<p>5. Elettige &amp; Kuuden Parin Hoilola (trad. laulanut Nadja Korteintyt\u00e4r ja kuoro, Soikkola &amp; soittanut Feodor Ihatsu, Suistamo) 3.51<\/p>\n<p>6. Maammo (s\u00e4v. Kirsi Ojala, san. trad. Luvaj\u00e4rvi) 6:08<\/p>\n<p>7. Karjankutsu (trad. laulanut Kadri Asu, Hilja Mikkola, Signe Luomala \/ Sanne Tschirpke) 3:01<\/p>\n<p>8. Pessi 2 (trad. soittanut Liisa Pessi, Kaukola) 4:39<\/p>\n<p>9. Tuulen nostatus (trad. tuntematon) 2:22<\/p>\n<p>10. Kergein Syndyzien (s\u00e4v. trad. \/ Teppo Repo, san. trad. laulanut Alexandra Lisitzin, Suistamo) 7:32<\/p>\n<p>Kaikki sovitukset Hiite<\/p>\n<p>Hiite:<\/p>\n<p>Anne-Mari Hakam\u00e4ki: laulu, jouhikko<br \/>\nMatti Hakam\u00e4ki: laulu, kantele<br \/>\nKirsi Ojala: laulu, puusarvi, h\u00e4rjedalspipa, m\u00e4nkeri, tenorinokkahuilu, jouhikko, puukalistimet<br \/>\nSanne Tschirpke: laulu, h\u00e4rjedalspipa, paimensoittu, tenorinokkahuilu, low D whistle, munniharppu, lehm\u00e4nkellot<\/p>\n<p>Hiite-yhtyeen soittimet on rakentanut:<\/p>\n<p>Jouhikot: Rauno Nieminen \/ Anne-Mari Hakam\u00e4ki<br \/>\nKantele: Erkki Okkonen<br \/>\nPuusarvi &amp; paimensoittu: Rauno Nieminen<br \/>\nH\u00e4rjedalspipat: Gunnar Stenmark<br \/>\nM\u00e4nkeri: Pekka Westerholm<br \/>\nTenorinokkahuilut: Yamaha (YRT-304B), Aulos (Tenor E511)<br \/>\nLow D Whistle: Chieftain (170904 KWL)<br \/>\nMunniharppu: Josef Jofen<br \/>\nPuukalistimet: Kirsi Ojala &amp; Matti Jakkula<br \/>\nLehm\u00e4nkellot: Tekij\u00e4 tuntematon (kirpputorin l\u00f6yt\u00f6) \/ Unknown builder<\/p>\n<p>\u00c4\u00e4nitys, miksaus ja CD-masterointi: Taito Hoffr\u00e9n<br \/>\n\u00c4\u00e4nitetty \u00c4\u00e4ni\u00e4 http:\/\/ka.fi\/ka\/studiolla, Kanteleen kyl\u00e4ss\u00e4 helmikussa 2009<br \/>\nKuvat: AJ Savolainen<br \/>\nTaitto: Tero Vesterinen<br \/>\nK\u00e4\u00e4nn\u00f6kset: Kirsi Ojala, Juha Ojala, Girilal Baars<br \/>\nTuottaja: Taito Hoffr\u00e9n &amp; Hiite<br \/>\nKiitokset: Kati Heinonen, Meri Tiitola, Tapani Varis, Juha Ojala, Pekko K\u00e4ppi, Mika Linna<\/p>\n<p>c &amp; p KANTELEEN \u00c4\u00c4NI\u00c4 2009<br \/>\nISRC FI7KA0900042\u201451<br \/>\nEAN: 64 3002409 0178<\/p>\n","protected":false},"excerpt":{"rendered":"<p>Hiite on vuonna 2006 perustettu kansanmusiikkiyhtye, jonka ohjelmisto pohjautuu suomalais-ugrilaisten kansojen perinteeseen. Yhtyeen musiikkia on luonnehdittu minimalistiseksi mutta s\u00e4vyilt\u00e4\u00e4n rikkaaksi ja monipuoliseksi. Hiite koostuu nelj\u00e4st\u00e4 kansanmuusikosta, joiden soittimina ovat jouhikko, kantele, munniharppu sek\u00e4 erilaiset puhaltimet. Yhtye esitt\u00e4\u00e4 perinteisi\u00e4, p\u00e4\u00e4osin arkistonauhoilta poimittuja lauluja ja soitteita. \u00c4\u00e4nimaisemat ulottuvat kotoisasta Karjalasta aina Siperian pohjoisille tundrille saakka. Hiite pyrkii [&hellip;]\n","protected":false},"featured_media":288,"comment_status":"open","ping_status":"closed","template":"","meta":[],"class_list":["post-289","product","type-product","status-publish","has-post-thumbnail","hentry","product_cat-hiite-fi"],"yoast_head":"<!-- This site is optimized with the Yoast SEO plugin v15.3 - https:\/\/yoast.com\/wordpress\/plugins\/seo\/ -->\n<title>HIITE \u2013 MAAMMO AANIA-13 - \u00c4\u00e4nia<\/title>\n<meta name=\"robots\" content=\"index, follow, max-snippet:-1, max-image-preview:large, max-video-preview:-1\" \/>\n<link rel=\"canonical\" href=\"http:\/\/aania.fi\/fi\/levyt\/hiite-maammo-aania-13\/\" \/>\n<meta property=\"og:locale\" content=\"fi_FI\" \/>\n<meta property=\"og:type\" content=\"article\" \/>\n<meta property=\"og:title\" content=\"HIITE \u2013 MAAMMO AANIA-13 - \u00c4\u00e4nia\" \/>\n<meta property=\"og:description\" content=\"Hiite on vuonna 2006 perustettu kansanmusiikkiyhtye, jonka ohjelmisto pohjautuu suomalais-ugrilaisten kansojen perinteeseen. Yhtyeen musiikkia on luonnehdittu minimalistiseksi mutta s\u00e4vyilt\u00e4\u00e4n rikkaaksi ja monipuoliseksi. Hiite koostuu nelj\u00e4st\u00e4 kansanmuusikosta, joiden soittimina ovat jouhikko, kantele, munniharppu sek\u00e4 erilaiset puhaltimet. Yhtye esitt\u00e4\u00e4 perinteisi\u00e4, p\u00e4\u00e4osin arkistonauhoilta poimittuja lauluja ja soitteita. \u00c4\u00e4nimaisemat ulottuvat kotoisasta Karjalasta aina Siperian pohjoisille tundrille saakka. Hiite pyrkii [&hellip;]\" \/>\n<meta property=\"og:url\" content=\"http:\/\/aania.fi\/fi\/levyt\/hiite-maammo-aania-13\/\" \/>\n<meta property=\"og:site_name\" content=\"\u00c4\u00e4nia\" \/>\n<meta property=\"article:modified_time\" content=\"2019-02-12T23:27:22+00:00\" \/>\n<meta property=\"og:image\" content=\"http:\/\/aania.fi\/wp-content\/uploads\/2019\/02\/HIITE_ISO.jpg\" \/>\n\t<meta property=\"og:image:width\" content=\"450\" \/>\n\t<meta property=\"og:image:height\" content=\"450\" \/>\n<meta name=\"twitter:card\" content=\"summary_large_image\" \/>\n<meta name=\"twitter:label1\" content=\"Written by\">\n\t<meta name=\"twitter:data1\" content=\"taito\">\n\t<meta name=\"twitter:label2\" content=\"Est. reading time\">\n\t<meta name=\"twitter:data2\" content=\"1 minuutti\">\n<script type=\"application\/ld+json\" class=\"yoast-schema-graph\">{\"@context\":\"https:\/\/schema.org\",\"@graph\":[{\"@type\":\"Organization\",\"@id\":\"http:\/\/aania.fi\/fi\/#organization\",\"name\":\"\\u00c4\\u00e4ni\\u00e4 Records\",\"url\":\"http:\/\/aania.fi\/fi\/\",\"sameAs\":[],\"logo\":{\"@type\":\"ImageObject\",\"@id\":\"http:\/\/aania.fi\/fi\/#logo\",\"inLanguage\":\"fi\",\"url\":\"http:\/\/aania.fi\/wp-content\/uploads\/2018\/07\/aania_logo.jpg\",\"width\":530,\"height\":155,\"caption\":\"\\u00c4\\u00e4ni\\u00e4 Records\"},\"image\":{\"@id\":\"http:\/\/aania.fi\/fi\/#logo\"}},{\"@type\":\"WebSite\",\"@id\":\"http:\/\/aania.fi\/fi\/#website\",\"url\":\"http:\/\/aania.fi\/fi\/\",\"name\":\"\\u00c4\\u00e4nia\",\"description\":\"\\u00c4\\u00e4ni\\u00e4 Records - Acoustic Music from Finland\",\"publisher\":{\"@id\":\"http:\/\/aania.fi\/fi\/#organization\"},\"potentialAction\":[{\"@type\":\"SearchAction\",\"target\":\"http:\/\/aania.fi\/fi\/?s={search_term_string}\",\"query-input\":\"required name=search_term_string\"}],\"inLanguage\":\"fi\"},{\"@type\":\"ImageObject\",\"@id\":\"http:\/\/aania.fi\/fi\/levyt\/hiite-maammo-aania-13\/#primaryimage\",\"inLanguage\":\"fi\",\"url\":\"http:\/\/aania.fi\/wp-content\/uploads\/2019\/02\/HIITE_ISO.jpg\",\"width\":450,\"height\":450},{\"@type\":\"WebPage\",\"@id\":\"http:\/\/aania.fi\/fi\/levyt\/hiite-maammo-aania-13\/#webpage\",\"url\":\"http:\/\/aania.fi\/fi\/levyt\/hiite-maammo-aania-13\/\",\"name\":\"HIITE \\u2013 MAAMMO AANIA-13 - \\u00c4\\u00e4nia\",\"isPartOf\":{\"@id\":\"http:\/\/aania.fi\/fi\/#website\"},\"primaryImageOfPage\":{\"@id\":\"http:\/\/aania.fi\/fi\/levyt\/hiite-maammo-aania-13\/#primaryimage\"},\"datePublished\":\"2019-02-12T16:54:01+00:00\",\"dateModified\":\"2019-02-12T23:27:22+00:00\",\"inLanguage\":\"fi\",\"potentialAction\":[{\"@type\":\"ReadAction\",\"target\":[\"http:\/\/aania.fi\/fi\/levyt\/hiite-maammo-aania-13\/\"]}]}]}<\/script>\n<!-- \/ Yoast SEO plugin. -->","_links":{"self":[{"href":"http:\/\/aania.fi\/fi\/wp-json\/wp\/v2\/product\/289","targetHints":{"allow":["GET"]}}],"collection":[{"href":"http:\/\/aania.fi\/fi\/wp-json\/wp\/v2\/product"}],"about":[{"href":"http:\/\/aania.fi\/fi\/wp-json\/wp\/v2\/types\/product"}],"replies":[{"embeddable":true,"href":"http:\/\/aania.fi\/fi\/wp-json\/wp\/v2\/comments?post=289"}],"wp:featuredmedia":[{"embeddable":true,"href":"http:\/\/aania.fi\/fi\/wp-json\/wp\/v2\/media\/288"}],"wp:attachment":[{"href":"http:\/\/aania.fi\/fi\/wp-json\/wp\/v2\/media?parent=289"}],"curies":[{"name":"wp","href":"https:\/\/api.w.org\/{rel}","templated":true}]}}