{"id":292,"date":"2019-02-12T18:57:08","date_gmt":"2019-02-12T16:57:08","guid":{"rendered":"http:\/\/aania.fi\/records\/polka-chicks-s-t-aania-12\/"},"modified":"2019-02-13T00:39:54","modified_gmt":"2019-02-12T22:39:54","slug":"polka-chicks-s-t-aania-12","status":"publish","type":"product","link":"http:\/\/aania.fi\/fi\/levyt\/polka-chicks-s-t-aania-12\/","title":{"rendered":"POLKA CHICKS \u2013 S\/T AANIA-12"},"content":{"rendered":"<p>Kaustisen Kansanmusiikkifestivaalien vuoden 2009 yhtyeeksi valittu Polka Chicks on julkaissut ensilevyns\u00e4 20.7.2009.<\/p>\n<p>Polka Chicks on vieh\u00e4tysvoimainen trio, joka soittaa kansanmusiikkia tyylikk\u00e4\u00e4n varmalla svengill\u00e4 ja raikkaalla otteella. Polka Chicks aloitti soittamaan yhdess\u00e4 suomalaisen polkan innoittamana vuonna 2004 Sibelius-Akatemian kansanmusiikin osastolla. Sittemmin yhtyeen ohjelmisto on karttunut my\u00f6s rauhallisemmilla tanssilajeilla sek\u00e4 kauniilla laululla. Yhtyeen monipuoliseen ohjelmistoon kuuluu nyky\u00e4\u00e4n niin omia s\u00e4vellyksi\u00e4 kuin perinteist\u00e4 pohjoismaista kansanmusiikkiakin.<\/p>\n<p>Yhtye on vuosien aikana ihastuttanut yleis\u00f6\u00e4 Suomen lis\u00e4ksi USA:ssa, Euroopassa sek\u00e4 Ven\u00e4j\u00e4ll\u00e4.<\/p>\n<p>Polka Chicks<br \/>\n1. Iloisten veljien seurassa (Trad.) 2:16<\/p>\n<p>2. Valssi &amp; Humlan (Trad. \/ T. Niku) 3:55<\/p>\n<p>3. Lintunen (K. Lehto &#8211; Sanat K. Lehto) 4:26<\/p>\n<p>4. Kuunkulta (K. Lehto &#8211; Sanat Trad. \/ S. Oskala) 3:17<\/p>\n<p>5. Thea\u2019s Schottis (T. Niku) 6:10<\/p>\n<p>6. Niittykosket (Trad.) 3:05<\/p>\n<p>7. Masurkat (Trad.) 3:03<\/p>\n<p>8. \u00c4l\u00e4 asetu taloksi ik\u00e4v\u00e4 (K. Lehto &#8211; Sanat K. Lehto) 3:46<\/p>\n<p>9. La mie laulan (K. Lehto &#8211; Sanat Larin Paraske) 4:01<\/p>\n<p>10. Valssi Lotalle (S. Oskala) 4:02<\/p>\n<p>11. Ameriikan polkka (Trad.) 3:57<\/p>\n<p>Kaikki sovitukset Polka Chicks<\/p>\n<p>Polka Chicks:<\/p>\n<p>Kukka Lehto: viulu, mandoliini ja laulu<br \/>\nSuvi Oskala: 5-kielinen viulu (Violina, Per Klinga) ja laulu<br \/>\nTeija Niku: 2- ja 5- rivinen haitari ja laulu<\/p>\n<p>Vierailijana Taito Hoffr\u00e9n: tuuba (raita 7)<\/p>\n<p>\u00c4\u00e4nitys, miksaus ja masterointi Taito Hoffr\u00e9n, \u00c4\u00e4ni\u00e4 http:\/\/ka.fi\/ka\/studio, Kantele<br \/>\nTuotanto Polka Chicks &amp; Taito Hoffr\u00e9n<br \/>\nKuvat AJ Savolainen<br \/>\nKansisuunnittelu Tero Vesterinen<\/p>\n<p>Kiitos Taito, Pekko, Ilona &amp; Helmi, perheet &amp; yst\u00e4v\u00e4t, ESEK, Sibelius-Akatemian kansanmusiikinosasto<\/p>\n<p>Polka Chicksien korut MORAL<br \/>\nJulkaisua on tukenut ESEK<\/p>\n<p>c &amp; p KANTELEEN \u00c4\u00c4NI\u00c4 2009<br \/>\nISRC FI7KA0900031\u201441<br \/>\nEAN: 64 3002409 0161<\/p>\n","protected":false},"excerpt":{"rendered":"<p>Kaustisen Kansanmusiikkifestivaalien vuoden 2009 yhtyeeksi valittu Polka Chicks on julkaissut ensilevyns\u00e4 20.7.2009. Polka Chicks on vieh\u00e4tysvoimainen trio, joka soittaa kansanmusiikkia tyylikk\u00e4\u00e4n varmalla svengill\u00e4 ja raikkaalla otteella. Polka Chicks aloitti soittamaan yhdess\u00e4 suomalaisen polkan innoittamana vuonna 2004 Sibelius-Akatemian kansanmusiikin osastolla. Sittemmin yhtyeen ohjelmisto on karttunut my\u00f6s rauhallisemmilla tanssilajeilla sek\u00e4 kauniilla laululla. Yhtyeen monipuoliseen ohjelmistoon kuuluu nyky\u00e4\u00e4n [&hellip;]\n","protected":false},"featured_media":291,"comment_status":"open","ping_status":"closed","template":"","meta":[],"class_list":["post-292","product","type-product","status-publish","has-post-thumbnail","hentry","product_cat-polka-chicks-fi"],"yoast_head":"<!-- This site is optimized with the Yoast SEO plugin v15.3 - https:\/\/yoast.com\/wordpress\/plugins\/seo\/ -->\n<title>POLKA CHICKS \u2013 S\/T AANIA-12 - \u00c4\u00e4nia<\/title>\n<meta name=\"robots\" content=\"index, follow, max-snippet:-1, max-image-preview:large, max-video-preview:-1\" \/>\n<link rel=\"canonical\" href=\"http:\/\/aania.fi\/fi\/levyt\/polka-chicks-s-t-aania-12\/\" \/>\n<meta property=\"og:locale\" content=\"fi_FI\" \/>\n<meta property=\"og:type\" content=\"article\" \/>\n<meta property=\"og:title\" content=\"POLKA CHICKS \u2013 S\/T AANIA-12 - \u00c4\u00e4nia\" \/>\n<meta property=\"og:description\" content=\"Kaustisen Kansanmusiikkifestivaalien vuoden 2009 yhtyeeksi valittu Polka Chicks on julkaissut ensilevyns\u00e4 20.7.2009. Polka Chicks on vieh\u00e4tysvoimainen trio, joka soittaa kansanmusiikkia tyylikk\u00e4\u00e4n varmalla svengill\u00e4 ja raikkaalla otteella. Polka Chicks aloitti soittamaan yhdess\u00e4 suomalaisen polkan innoittamana vuonna 2004 Sibelius-Akatemian kansanmusiikin osastolla. Sittemmin yhtyeen ohjelmisto on karttunut my\u00f6s rauhallisemmilla tanssilajeilla sek\u00e4 kauniilla laululla. Yhtyeen monipuoliseen ohjelmistoon kuuluu nyky\u00e4\u00e4n [&hellip;]\" \/>\n<meta property=\"og:url\" content=\"http:\/\/aania.fi\/fi\/levyt\/polka-chicks-s-t-aania-12\/\" \/>\n<meta property=\"og:site_name\" content=\"\u00c4\u00e4nia\" \/>\n<meta property=\"article:modified_time\" content=\"2019-02-12T22:39:54+00:00\" \/>\n<meta property=\"og:image\" content=\"http:\/\/aania.fi\/wp-content\/uploads\/2019\/02\/POLKA_CHICKS_ISO.jpg\" \/>\n\t<meta property=\"og:image:width\" content=\"450\" \/>\n\t<meta property=\"og:image:height\" content=\"404\" \/>\n<meta name=\"twitter:card\" content=\"summary_large_image\" \/>\n<meta name=\"twitter:label1\" content=\"Written by\">\n\t<meta name=\"twitter:data1\" content=\"taito\">\n\t<meta name=\"twitter:label2\" content=\"Est. reading time\">\n\t<meta name=\"twitter:data2\" content=\"1 minuutti\">\n<script type=\"application\/ld+json\" class=\"yoast-schema-graph\">{\"@context\":\"https:\/\/schema.org\",\"@graph\":[{\"@type\":\"Organization\",\"@id\":\"http:\/\/aania.fi\/fi\/#organization\",\"name\":\"\\u00c4\\u00e4ni\\u00e4 Records\",\"url\":\"http:\/\/aania.fi\/fi\/\",\"sameAs\":[],\"logo\":{\"@type\":\"ImageObject\",\"@id\":\"http:\/\/aania.fi\/fi\/#logo\",\"inLanguage\":\"fi\",\"url\":\"http:\/\/aania.fi\/wp-content\/uploads\/2018\/07\/aania_logo.jpg\",\"width\":530,\"height\":155,\"caption\":\"\\u00c4\\u00e4ni\\u00e4 Records\"},\"image\":{\"@id\":\"http:\/\/aania.fi\/fi\/#logo\"}},{\"@type\":\"WebSite\",\"@id\":\"http:\/\/aania.fi\/fi\/#website\",\"url\":\"http:\/\/aania.fi\/fi\/\",\"name\":\"\\u00c4\\u00e4nia\",\"description\":\"\\u00c4\\u00e4ni\\u00e4 Records - Acoustic Music from Finland\",\"publisher\":{\"@id\":\"http:\/\/aania.fi\/fi\/#organization\"},\"potentialAction\":[{\"@type\":\"SearchAction\",\"target\":\"http:\/\/aania.fi\/fi\/?s={search_term_string}\",\"query-input\":\"required name=search_term_string\"}],\"inLanguage\":\"fi\"},{\"@type\":\"ImageObject\",\"@id\":\"http:\/\/aania.fi\/fi\/levyt\/polka-chicks-s-t-aania-12\/#primaryimage\",\"inLanguage\":\"fi\",\"url\":\"http:\/\/aania.fi\/wp-content\/uploads\/2019\/02\/POLKA_CHICKS_ISO.jpg\",\"width\":450,\"height\":404},{\"@type\":\"WebPage\",\"@id\":\"http:\/\/aania.fi\/fi\/levyt\/polka-chicks-s-t-aania-12\/#webpage\",\"url\":\"http:\/\/aania.fi\/fi\/levyt\/polka-chicks-s-t-aania-12\/\",\"name\":\"POLKA CHICKS \\u2013 S\/T AANIA-12 - \\u00c4\\u00e4nia\",\"isPartOf\":{\"@id\":\"http:\/\/aania.fi\/fi\/#website\"},\"primaryImageOfPage\":{\"@id\":\"http:\/\/aania.fi\/fi\/levyt\/polka-chicks-s-t-aania-12\/#primaryimage\"},\"datePublished\":\"2019-02-12T16:57:08+00:00\",\"dateModified\":\"2019-02-12T22:39:54+00:00\",\"inLanguage\":\"fi\",\"potentialAction\":[{\"@type\":\"ReadAction\",\"target\":[\"http:\/\/aania.fi\/fi\/levyt\/polka-chicks-s-t-aania-12\/\"]}]}]}<\/script>\n<!-- \/ Yoast SEO plugin. -->","_links":{"self":[{"href":"http:\/\/aania.fi\/fi\/wp-json\/wp\/v2\/product\/292","targetHints":{"allow":["GET"]}}],"collection":[{"href":"http:\/\/aania.fi\/fi\/wp-json\/wp\/v2\/product"}],"about":[{"href":"http:\/\/aania.fi\/fi\/wp-json\/wp\/v2\/types\/product"}],"replies":[{"embeddable":true,"href":"http:\/\/aania.fi\/fi\/wp-json\/wp\/v2\/comments?post=292"}],"wp:featuredmedia":[{"embeddable":true,"href":"http:\/\/aania.fi\/fi\/wp-json\/wp\/v2\/media\/291"}],"wp:attachment":[{"href":"http:\/\/aania.fi\/fi\/wp-json\/wp\/v2\/media?parent=292"}],"curies":[{"name":"wp","href":"https:\/\/api.w.org\/{rel}","templated":true}]}}