{"id":295,"date":"2019-02-12T18:59:58","date_gmt":"2019-02-12T16:59:58","guid":{"rendered":"http:\/\/aania.fi\/records\/trepaanit-trepanation-aania-11\/"},"modified":"2019-02-13T01:25:22","modified_gmt":"2019-02-12T23:25:22","slug":"trepaanit-trepanation-aania-11","status":"publish","type":"product","link":"http:\/\/aania.fi\/fi\/levyt\/trepaanit-trepanation-aania-11\/","title":{"rendered":"TREPAANIT \u2013 TREPANATION AANIA-11"},"content":{"rendered":"<p>Trepaanit yhtyeen toinen albumi &#8221;Trepanation&#8221; soi omissa maailmoissaan. Musiikki on yhdistelm\u00e4 miehist\u00e4 tunnetta ja voimaa. Jokainen s\u00e4vel on eletty vereslihalla. Omituisten soittimien kerho on koolla j\u00e4lleen.<\/p>\n<p>Trepaanit-yhtyeen musiikki ja soittimisto ovat ainutlaatuista suomalaisen nykykansanmusiikin kent\u00e4ss\u00e4. Sulassa sovussa soivat tuvalainen jousisoitin igil, kaksirivinen haitari, irlantilainen busuki ja aivan uusi soitin vantele. Yhtyesointi muodostuu arkaaisen estetiikan kiireett\u00f6myydest\u00e4 ja improvisatoorisuudesta. Vaikka kappaleet ovat harkiten s\u00e4vellettyj\u00e4 ja sovitettuja, on tilaa j\u00e4tetty esityshetkell\u00e4 tapahtuvalle kollektiiviselle improvisoinnille ja muuntelulle. S\u00e4vellyksiss\u00e4 on kuultavissa rakkaus vanhoihin suomalaisiin kantele -ja jouhikkos\u00e4velmiin, perinteiseen rekilauluun ja uudempaan pelimannimusiikkiin. Musiikillisia vaikutteita on saatu my\u00f6s l\u00e4nsimaisen taidemusiikin impressionisteilta ja minimalisteilta. T\u00e4m\u00e4 kaikki yhteenkietoutuneena tuottaa musiikkia, jota suomalaisessa kansanmusiikissa ei ole koskaan aiemmin kuultu.<\/p>\n<p>Trepanation<br \/>\n1. Rauta Mies (Paalanen) 5:06<\/p>\n<p>2. Retrorakkaudesta (Turkka- sanat trad.) 5:20<\/p>\n<p>3. Jussi-poika (trad.) 5:25<\/p>\n<p>4. Herran Sabbathin p\u00e4iw\u00e4n\u00e4 (Kettunen\/ trad. &#8211; sanat trad.) 10:24<\/p>\n<p>5. Kettunainen (Trepaanit) 3:09<\/p>\n<p>6. Pataan (Vihtori Gr\u00f6nroos &#8211; sanat trad.) 7:58<\/p>\n<p>7. Tytt\u00f6nen (trad.) 4:59<\/p>\n<p>Kaikki sovitukset Trepaanit<\/p>\n<p>Trepaanit:<\/p>\n<p>Riku Kettunen: mandoliini, vantele, harmooni<br \/>\nAntti Paalanen: 1-, 2- ja 3- rivinen haitari<br \/>\nEero Turkka: laulu, jouhikko, igil<br \/>\nOlli Varis: busuki, piano<\/p>\n<p>Vierailijana Taito Hoffr\u00e9n taustalaulu(1), tuuba (4,7)<\/p>\n<p>\u00c4\u00e4nitt\u00e4nyt Taito Hoffr\u00e9n<br \/>\nMiksaus Olli Varis &amp; Taito Hoffr\u00e9n<br \/>\nMasterointi Taito Hoffr\u00e9n &amp; Olli Varis<\/p>\n<p>\u00c4\u00e4nitetty Ouni Farmilla, L\u00e4ngelm\u00e4ell\u00e4 elokuussa 2008 &amp; \u00c4\u00e4ni\u00e4 http:\/\/ka.fi\/ka\/studiossa, Kanteleell\u00e4 Helmikuussa 2009.<br \/>\nMiksattu STUDIO Solgl\u00e4ntanissa, Helsingiss\u00e4 &amp; \u00c4\u00e4ni\u00e4 http:\/\/ka.fi\/ka\/studiossa huhtikuussa 2009.<br \/>\nMasteroitu \u00c4\u00e4ni\u00e4 http:\/\/ka.fi\/ka\/studiossa Toukokuussa 2009.<\/p>\n<p>Taitto &amp; kansitaide: Johan Bj\u00f6rklund and Tom Bj\u00f6rklund<\/p>\n<p>c &amp; p KANTELEEN \u00c4\u00c4NI\u00c4 2009<br \/>\nISRC FI7KA0900024\u201430<br \/>\nEAN: 64 3002409 0154<\/p>\n","protected":false},"excerpt":{"rendered":"<p>Trepaanit yhtyeen toinen albumi &#8221;Trepanation&#8221; soi omissa maailmoissaan. Musiikki on yhdistelm\u00e4 miehist\u00e4 tunnetta ja voimaa. Jokainen s\u00e4vel on eletty vereslihalla. Omituisten soittimien kerho on koolla j\u00e4lleen. Trepaanit-yhtyeen musiikki ja soittimisto ovat ainutlaatuista suomalaisen nykykansanmusiikin kent\u00e4ss\u00e4. Sulassa sovussa soivat tuvalainen jousisoitin igil, kaksirivinen haitari, irlantilainen busuki ja aivan uusi soitin vantele. Yhtyesointi muodostuu arkaaisen estetiikan kiireett\u00f6myydest\u00e4 [&hellip;]\n","protected":false},"featured_media":294,"comment_status":"open","ping_status":"closed","template":"","meta":[],"class_list":["post-295","product","type-product","status-publish","has-post-thumbnail","hentry","product_cat-trepaanit"],"yoast_head":"<!-- This site is optimized with the Yoast SEO plugin v15.3 - https:\/\/yoast.com\/wordpress\/plugins\/seo\/ -->\n<title>TREPAANIT \u2013 TREPANATION AANIA-11 - \u00c4\u00e4nia<\/title>\n<meta name=\"robots\" content=\"index, follow, max-snippet:-1, max-image-preview:large, max-video-preview:-1\" \/>\n<link rel=\"canonical\" href=\"http:\/\/aania.fi\/fi\/levyt\/trepaanit-trepanation-aania-11\/\" \/>\n<meta property=\"og:locale\" content=\"fi_FI\" \/>\n<meta property=\"og:type\" content=\"article\" \/>\n<meta property=\"og:title\" content=\"TREPAANIT \u2013 TREPANATION AANIA-11 - \u00c4\u00e4nia\" \/>\n<meta property=\"og:description\" content=\"Trepaanit yhtyeen toinen albumi &#8221;Trepanation&#8221; soi omissa maailmoissaan. Musiikki on yhdistelm\u00e4 miehist\u00e4 tunnetta ja voimaa. Jokainen s\u00e4vel on eletty vereslihalla. Omituisten soittimien kerho on koolla j\u00e4lleen. Trepaanit-yhtyeen musiikki ja soittimisto ovat ainutlaatuista suomalaisen nykykansanmusiikin kent\u00e4ss\u00e4. Sulassa sovussa soivat tuvalainen jousisoitin igil, kaksirivinen haitari, irlantilainen busuki ja aivan uusi soitin vantele. Yhtyesointi muodostuu arkaaisen estetiikan kiireett\u00f6myydest\u00e4 [&hellip;]\" \/>\n<meta property=\"og:url\" content=\"http:\/\/aania.fi\/fi\/levyt\/trepaanit-trepanation-aania-11\/\" \/>\n<meta property=\"og:site_name\" content=\"\u00c4\u00e4nia\" \/>\n<meta property=\"article:modified_time\" content=\"2019-02-12T23:25:22+00:00\" \/>\n<meta property=\"og:image\" content=\"http:\/\/aania.fi\/wp-content\/uploads\/2019\/02\/TREPAANIT_ISO.jpg\" \/>\n\t<meta property=\"og:image:width\" content=\"450\" \/>\n\t<meta property=\"og:image:height\" content=\"450\" \/>\n<meta name=\"twitter:card\" content=\"summary_large_image\" \/>\n<meta name=\"twitter:label1\" content=\"Written by\">\n\t<meta name=\"twitter:data1\" content=\"taito\">\n\t<meta name=\"twitter:label2\" content=\"Est. reading time\">\n\t<meta name=\"twitter:data2\" content=\"1 minuutti\">\n<script type=\"application\/ld+json\" class=\"yoast-schema-graph\">{\"@context\":\"https:\/\/schema.org\",\"@graph\":[{\"@type\":\"Organization\",\"@id\":\"http:\/\/aania.fi\/fi\/#organization\",\"name\":\"\\u00c4\\u00e4ni\\u00e4 Records\",\"url\":\"http:\/\/aania.fi\/fi\/\",\"sameAs\":[],\"logo\":{\"@type\":\"ImageObject\",\"@id\":\"http:\/\/aania.fi\/fi\/#logo\",\"inLanguage\":\"fi\",\"url\":\"http:\/\/aania.fi\/wp-content\/uploads\/2018\/07\/aania_logo.jpg\",\"width\":530,\"height\":155,\"caption\":\"\\u00c4\\u00e4ni\\u00e4 Records\"},\"image\":{\"@id\":\"http:\/\/aania.fi\/fi\/#logo\"}},{\"@type\":\"WebSite\",\"@id\":\"http:\/\/aania.fi\/fi\/#website\",\"url\":\"http:\/\/aania.fi\/fi\/\",\"name\":\"\\u00c4\\u00e4nia\",\"description\":\"\\u00c4\\u00e4ni\\u00e4 Records - Acoustic Music from Finland\",\"publisher\":{\"@id\":\"http:\/\/aania.fi\/fi\/#organization\"},\"potentialAction\":[{\"@type\":\"SearchAction\",\"target\":\"http:\/\/aania.fi\/fi\/?s={search_term_string}\",\"query-input\":\"required name=search_term_string\"}],\"inLanguage\":\"fi\"},{\"@type\":\"ImageObject\",\"@id\":\"http:\/\/aania.fi\/fi\/levyt\/trepaanit-trepanation-aania-11\/#primaryimage\",\"inLanguage\":\"fi\",\"url\":\"http:\/\/aania.fi\/wp-content\/uploads\/2019\/02\/TREPAANIT_ISO.jpg\",\"width\":450,\"height\":450},{\"@type\":\"WebPage\",\"@id\":\"http:\/\/aania.fi\/fi\/levyt\/trepaanit-trepanation-aania-11\/#webpage\",\"url\":\"http:\/\/aania.fi\/fi\/levyt\/trepaanit-trepanation-aania-11\/\",\"name\":\"TREPAANIT \\u2013 TREPANATION AANIA-11 - \\u00c4\\u00e4nia\",\"isPartOf\":{\"@id\":\"http:\/\/aania.fi\/fi\/#website\"},\"primaryImageOfPage\":{\"@id\":\"http:\/\/aania.fi\/fi\/levyt\/trepaanit-trepanation-aania-11\/#primaryimage\"},\"datePublished\":\"2019-02-12T16:59:58+00:00\",\"dateModified\":\"2019-02-12T23:25:22+00:00\",\"inLanguage\":\"fi\",\"potentialAction\":[{\"@type\":\"ReadAction\",\"target\":[\"http:\/\/aania.fi\/fi\/levyt\/trepaanit-trepanation-aania-11\/\"]}]}]}<\/script>\n<!-- \/ Yoast SEO plugin. -->","_links":{"self":[{"href":"http:\/\/aania.fi\/fi\/wp-json\/wp\/v2\/product\/295","targetHints":{"allow":["GET"]}}],"collection":[{"href":"http:\/\/aania.fi\/fi\/wp-json\/wp\/v2\/product"}],"about":[{"href":"http:\/\/aania.fi\/fi\/wp-json\/wp\/v2\/types\/product"}],"replies":[{"embeddable":true,"href":"http:\/\/aania.fi\/fi\/wp-json\/wp\/v2\/comments?post=295"}],"wp:featuredmedia":[{"embeddable":true,"href":"http:\/\/aania.fi\/fi\/wp-json\/wp\/v2\/media\/294"}],"wp:attachment":[{"href":"http:\/\/aania.fi\/fi\/wp-json\/wp\/v2\/media?parent=295"}],"curies":[{"name":"wp","href":"https:\/\/api.w.org\/{rel}","templated":true}]}}