{"id":299,"date":"2019-02-12T19:02:41","date_gmt":"2019-02-12T17:02:41","guid":{"rendered":"http:\/\/aania.fi\/records\/brelo-uusikuu-aania-10\/"},"modified":"2019-02-12T19:05:39","modified_gmt":"2019-02-12T17:05:39","slug":"brelo-uusikuu-aania-10","status":"publish","type":"product","link":"http:\/\/aania.fi\/fi\/levyt\/brelo-uusikuu-aania-10\/","title":{"rendered":"BRELO \u2013 UUSIKUU AANIA-10"},"content":{"rendered":"<p>Kanteleyhtye Brelo perustettiin 2003 It\u00e4-Uudellamaalla Laukkosken kyl\u00e4ll\u00e4. Yhtye k\u00e4ytt\u00e4\u00e4 ennakkoluulottomasti erilaisia kantelemalleja. Uusikuu on Brelon kolmas albumi ja se sis\u00e4lt\u00e4\u00e4 nuorten soittajien uusia s\u00e4vellyksi\u00e4 sek\u00e4 sovituksia perinteisist\u00e4 kappaleista. Brelon musiikki nojaa vahvasti perinteeseen, mutta muusikkojen katse on vahvasti suunnattuna kohti tulevaisuutta. T\u00e4st\u00e4 syntyy ainutlaatuinen oma ja raikas Brelon sointi.<\/p>\n<p>Uusikuu<br \/>\n1. Taggar 3:37 (Valtteri Lehto)<\/p>\n<p>2. Mesimarja 3:06 (Soila Sariola)<\/p>\n<p>3. Beni\u00e4 etsim\u00e4ss\u00e4 5:02 (Valtteri Lehto)<\/p>\n<p>4. Megaira 5:02 (Essi Olkanen)<\/p>\n<p>5. Kyl\u00e4 vuotti 5:20 (trad.\/Anna-Kaisa Liedes)<\/p>\n<p>6. Solinaa 4:36 (Sini Olkanen)<\/p>\n<p>7. S\u00e4rjenpojat 4:24 (Valtteri Lehto)<\/p>\n<p>8. Pohjoinen 5:45 (Eeva-Kaisa Kohonen)<\/p>\n<p>Kaikki sovitukset Brelo, paitsi (2) Brelo\/Soila Sariola, (5) A-K Liedes &amp; Utua\/Brelo. Sanat trad.<\/p>\n<p>Brelo:<\/p>\n<p>Mirkku Kauhanen, konserttikantele, laulu<br \/>\nAnna-Reetta Kohonen, konserttikantele, laulu<br \/>\nEeva-Kaisa Kohonen, 15-kielinen kantele, konserttikantele, laulu<br \/>\nValtteri Lehto, 15-kielinen kantele, laulu<br \/>\nJaniina Mattila, 15-kielinen kantele, laulu<br \/>\nEssi Olkanen, 15-kielinen kantele, laulu<br \/>\nHanna Olkanen, 15-kielinen kantele, laulu<br \/>\nSini Olkanen, 15-kielinen kantele, konserttikantele, laulu<\/p>\n<p>\u00c4\u00e4nitetty Pukkilassa Kanteleen kyl\u00e4ss\u00e4 loppukes\u00e4ll\u00e4 2008<br \/>\n\u00c4\u00e4nitys, miksaus &amp; masterointi Taito Hoffr\u00e9n<br \/>\nTuottajat Vilma Timonen &amp; Taito Hoffr\u00e9n<br \/>\nValokuvat: Ilona Korhonen<br \/>\nTeksti Eeva-Kaisa Kohonen &amp; Vilma Timonen<br \/>\nK\u00e4\u00e4nn\u00f6kset Pekko K\u00e4ppi &amp; Girilal Baars<\/p>\n<p>c &amp; p KANTELEEN \u00c4\u00c4NI\u00c4 2009<br \/>\nISRC FI7KA0900016\u201423<br \/>\nEAN: 64 3002409 0130<\/p>\n","protected":false},"excerpt":{"rendered":"<p>Kanteleyhtye Brelo perustettiin 2003 It\u00e4-Uudellamaalla Laukkosken kyl\u00e4ll\u00e4. Yhtye k\u00e4ytt\u00e4\u00e4 ennakkoluulottomasti erilaisia kantelemalleja. Uusikuu on Brelon kolmas albumi ja se sis\u00e4lt\u00e4\u00e4 nuorten soittajien uusia s\u00e4vellyksi\u00e4 sek\u00e4 sovituksia perinteisist\u00e4 kappaleista. Brelon musiikki nojaa vahvasti perinteeseen, mutta muusikkojen katse on vahvasti suunnattuna kohti tulevaisuutta. T\u00e4st\u00e4 syntyy ainutlaatuinen oma ja raikas Brelon sointi. Uusikuu 1. Taggar 3:37 (Valtteri Lehto) [&hellip;]\n","protected":false},"featured_media":297,"comment_status":"open","ping_status":"closed","template":"","meta":[],"class_list":["post-299","product","type-product","status-publish","has-post-thumbnail","hentry","product_cat-brelo-fi"],"yoast_head":"<!-- This site is optimized with the Yoast SEO plugin v15.3 - https:\/\/yoast.com\/wordpress\/plugins\/seo\/ -->\n<title>BRELO \u2013 UUSIKUU AANIA-10 - \u00c4\u00e4nia<\/title>\n<meta name=\"robots\" content=\"index, follow, max-snippet:-1, max-image-preview:large, max-video-preview:-1\" \/>\n<link rel=\"canonical\" href=\"http:\/\/aania.fi\/fi\/levyt\/brelo-uusikuu-aania-10\/\" \/>\n<meta property=\"og:locale\" content=\"fi_FI\" \/>\n<meta property=\"og:type\" content=\"article\" \/>\n<meta property=\"og:title\" content=\"BRELO \u2013 UUSIKUU AANIA-10 - \u00c4\u00e4nia\" \/>\n<meta property=\"og:description\" content=\"Kanteleyhtye Brelo perustettiin 2003 It\u00e4-Uudellamaalla Laukkosken kyl\u00e4ll\u00e4. Yhtye k\u00e4ytt\u00e4\u00e4 ennakkoluulottomasti erilaisia kantelemalleja. Uusikuu on Brelon kolmas albumi ja se sis\u00e4lt\u00e4\u00e4 nuorten soittajien uusia s\u00e4vellyksi\u00e4 sek\u00e4 sovituksia perinteisist\u00e4 kappaleista. Brelon musiikki nojaa vahvasti perinteeseen, mutta muusikkojen katse on vahvasti suunnattuna kohti tulevaisuutta. T\u00e4st\u00e4 syntyy ainutlaatuinen oma ja raikas Brelon sointi. Uusikuu 1. Taggar 3:37 (Valtteri Lehto) [&hellip;]\" \/>\n<meta property=\"og:url\" content=\"http:\/\/aania.fi\/fi\/levyt\/brelo-uusikuu-aania-10\/\" \/>\n<meta property=\"og:site_name\" content=\"\u00c4\u00e4nia\" \/>\n<meta property=\"article:modified_time\" content=\"2019-02-12T17:05:39+00:00\" \/>\n<meta property=\"og:image\" content=\"http:\/\/aania.fi\/wp-content\/uploads\/2019\/02\/BRELO_ISO.jpg\" \/>\n\t<meta property=\"og:image:width\" content=\"454\" \/>\n\t<meta property=\"og:image:height\" content=\"411\" \/>\n<meta name=\"twitter:card\" content=\"summary_large_image\" \/>\n<meta name=\"twitter:label1\" content=\"Written by\">\n\t<meta name=\"twitter:data1\" content=\"taito\">\n\t<meta name=\"twitter:label2\" content=\"Est. reading time\">\n\t<meta name=\"twitter:data2\" content=\"1 minuutti\">\n<script type=\"application\/ld+json\" class=\"yoast-schema-graph\">{\"@context\":\"https:\/\/schema.org\",\"@graph\":[{\"@type\":\"Organization\",\"@id\":\"http:\/\/aania.fi\/fi\/#organization\",\"name\":\"\\u00c4\\u00e4ni\\u00e4 Records\",\"url\":\"http:\/\/aania.fi\/fi\/\",\"sameAs\":[],\"logo\":{\"@type\":\"ImageObject\",\"@id\":\"http:\/\/aania.fi\/fi\/#logo\",\"inLanguage\":\"fi\",\"url\":\"http:\/\/aania.fi\/wp-content\/uploads\/2018\/07\/aania_logo.jpg\",\"width\":530,\"height\":155,\"caption\":\"\\u00c4\\u00e4ni\\u00e4 Records\"},\"image\":{\"@id\":\"http:\/\/aania.fi\/fi\/#logo\"}},{\"@type\":\"WebSite\",\"@id\":\"http:\/\/aania.fi\/fi\/#website\",\"url\":\"http:\/\/aania.fi\/fi\/\",\"name\":\"\\u00c4\\u00e4nia\",\"description\":\"\\u00c4\\u00e4ni\\u00e4 Records - Acoustic Music from Finland\",\"publisher\":{\"@id\":\"http:\/\/aania.fi\/fi\/#organization\"},\"potentialAction\":[{\"@type\":\"SearchAction\",\"target\":\"http:\/\/aania.fi\/fi\/?s={search_term_string}\",\"query-input\":\"required name=search_term_string\"}],\"inLanguage\":\"fi\"},{\"@type\":\"ImageObject\",\"@id\":\"http:\/\/aania.fi\/fi\/levyt\/brelo-uusikuu-aania-10\/#primaryimage\",\"inLanguage\":\"fi\",\"url\":\"http:\/\/aania.fi\/wp-content\/uploads\/2019\/02\/BRELO_ISO.jpg\",\"width\":454,\"height\":411},{\"@type\":\"WebPage\",\"@id\":\"http:\/\/aania.fi\/fi\/levyt\/brelo-uusikuu-aania-10\/#webpage\",\"url\":\"http:\/\/aania.fi\/fi\/levyt\/brelo-uusikuu-aania-10\/\",\"name\":\"BRELO \\u2013 UUSIKUU AANIA-10 - \\u00c4\\u00e4nia\",\"isPartOf\":{\"@id\":\"http:\/\/aania.fi\/fi\/#website\"},\"primaryImageOfPage\":{\"@id\":\"http:\/\/aania.fi\/fi\/levyt\/brelo-uusikuu-aania-10\/#primaryimage\"},\"datePublished\":\"2019-02-12T17:02:41+00:00\",\"dateModified\":\"2019-02-12T17:05:39+00:00\",\"inLanguage\":\"fi\",\"potentialAction\":[{\"@type\":\"ReadAction\",\"target\":[\"http:\/\/aania.fi\/fi\/levyt\/brelo-uusikuu-aania-10\/\"]}]}]}<\/script>\n<!-- \/ Yoast SEO plugin. -->","_links":{"self":[{"href":"http:\/\/aania.fi\/fi\/wp-json\/wp\/v2\/product\/299","targetHints":{"allow":["GET"]}}],"collection":[{"href":"http:\/\/aania.fi\/fi\/wp-json\/wp\/v2\/product"}],"about":[{"href":"http:\/\/aania.fi\/fi\/wp-json\/wp\/v2\/types\/product"}],"replies":[{"embeddable":true,"href":"http:\/\/aania.fi\/fi\/wp-json\/wp\/v2\/comments?post=299"}],"wp:featuredmedia":[{"embeddable":true,"href":"http:\/\/aania.fi\/fi\/wp-json\/wp\/v2\/media\/297"}],"wp:attachment":[{"href":"http:\/\/aania.fi\/fi\/wp-json\/wp\/v2\/media?parent=299"}],"curies":[{"name":"wp","href":"https:\/\/api.w.org\/{rel}","templated":true}]}}