{"id":305,"date":"2019-02-12T19:10:51","date_gmt":"2019-02-12T17:10:51","guid":{"rendered":"http:\/\/aania.fi\/records\/sytyke-tulipunapalsami-aania-8\/"},"modified":"2019-02-13T01:21:45","modified_gmt":"2019-02-12T23:21:45","slug":"sytyke-tulipunapalsami-aania-8","status":"publish","type":"product","link":"http:\/\/aania.fi\/fi\/levyt\/sytyke-tulipunapalsami-aania-8\/","title":{"rendered":"Sytyke &#8211; Tulipunapalsami AANIA-8"},"content":{"rendered":"<p>Maailman ainoa tikkukanteleyhtye, kuusihenkinen Sytyke perustettiin vuonna 2005. Sytykkeen k\u00e4siss\u00e4 soivat 19\u201420-kieliset Saarij\u00e4rven kanteleet, joita soitetaan enimm\u00e4kseen puutikulla eli tikkutyylill\u00e4. Kyseinen, erikoinen soittotapa l\u00e4hes h\u00e4visi Suomesta, mutta el\u00e4\u00e4 nyt elvytysty\u00f6n ansiosta uutta tulemistaan.<\/p>\n<p>Tulipunapalsami<br \/>\n1. Paimeniikos ty\u00f6 oletta (Sampo Korva) 3:59<\/p>\n<p>2. Kokkolan polska (Trad.) 3:34<\/p>\n<p>3. Tulipunapalsami (Pauliina Syrj\u00e4l\u00e4) 6:16<\/p>\n<p>4. A-molssi &amp; Grannas bastu (Trad.) 4:34<\/p>\n<p>5. EliNoita (Ulla-Sisko Jauhiainen) 3:50<\/p>\n<p>6. V\u00e4in\u00e4m\u00f6isen soitto \u2014 Sufi Tales (Nikolay Ivanov) 4:12<\/p>\n<p>7. Miete (Maija Kauhanen) 7:20<\/p>\n<p>Kaikki sovitukset Sytyke paitsi \u201dMiete\u201d Maija Kauhanen ja \u201dTulipunapalsami\u201d Pauliina Syrj\u00e4l\u00e4. Sanat trad paitsi \u201dEliNoita\u201d Ulla-Sisko Jauhiainen ja \u201dV\u00e4in\u00e4m\u00f6isen soitto\u201d Trad.\/Ulla-Sisko Jauhiainen.<\/p>\n<p>J\u00e4senet: Riikka Jaakola, Ulla-Sisko Jauhiainen, Maija Kauhanen, Marja-Liisa Kein\u00e4nen, Sampo Korva, Pauliina Syrj\u00e4l\u00e4.<\/p>\n<p>\u00c4\u00e4nitys, miksaus, masterointi: Taito Hoffr\u00e9n<br \/>\nTuotanto: Sytyke &amp; Taito Hoffr\u00e9n<br \/>\nGraafinen suunnittelu: Tero Vesterinen<br \/>\nValokuvat: Nina Dannert<br \/>\nK\u00e4\u00e4nn\u00f6kset: Girilal Baars<\/p>\n<p>c &amp; p KANTELEEN \u00c4\u00c4NI\u00c4 2009<br \/>\nISRC FI7KA0900001\u20147<br \/>\nEAN: 64 3002409 011<\/p>\n","protected":false},"excerpt":{"rendered":"<p>Maailman ainoa tikkukanteleyhtye, kuusihenkinen Sytyke perustettiin vuonna 2005. Sytykkeen k\u00e4siss\u00e4 soivat 19\u201420-kieliset Saarij\u00e4rven kanteleet, joita soitetaan enimm\u00e4kseen puutikulla eli tikkutyylill\u00e4. Kyseinen, erikoinen soittotapa l\u00e4hes h\u00e4visi Suomesta, mutta el\u00e4\u00e4 nyt elvytysty\u00f6n ansiosta uutta tulemistaan. Tulipunapalsami 1. Paimeniikos ty\u00f6 oletta (Sampo Korva) 3:59 2. Kokkolan polska (Trad.) 3:34 3. Tulipunapalsami (Pauliina Syrj\u00e4l\u00e4) 6:16 4. A-molssi &amp; Grannas [&hellip;]\n","protected":false},"featured_media":304,"comment_status":"open","ping_status":"closed","template":"","meta":[],"class_list":["post-305","product","type-product","status-publish","has-post-thumbnail","hentry","product_cat-sytyke-fi"],"yoast_head":"<!-- This site is optimized with the Yoast SEO plugin v15.3 - https:\/\/yoast.com\/wordpress\/plugins\/seo\/ -->\n<title>Sytyke - Tulipunapalsami AANIA-8 - \u00c4\u00e4nia<\/title>\n<meta name=\"robots\" content=\"index, follow, max-snippet:-1, max-image-preview:large, max-video-preview:-1\" \/>\n<link rel=\"canonical\" href=\"http:\/\/aania.fi\/fi\/levyt\/sytyke-tulipunapalsami-aania-8\/\" \/>\n<meta property=\"og:locale\" content=\"fi_FI\" \/>\n<meta property=\"og:type\" content=\"article\" \/>\n<meta property=\"og:title\" content=\"Sytyke - Tulipunapalsami AANIA-8 - \u00c4\u00e4nia\" \/>\n<meta property=\"og:description\" content=\"Maailman ainoa tikkukanteleyhtye, kuusihenkinen Sytyke perustettiin vuonna 2005. Sytykkeen k\u00e4siss\u00e4 soivat 19\u201420-kieliset Saarij\u00e4rven kanteleet, joita soitetaan enimm\u00e4kseen puutikulla eli tikkutyylill\u00e4. Kyseinen, erikoinen soittotapa l\u00e4hes h\u00e4visi Suomesta, mutta el\u00e4\u00e4 nyt elvytysty\u00f6n ansiosta uutta tulemistaan. Tulipunapalsami 1. Paimeniikos ty\u00f6 oletta (Sampo Korva) 3:59 2. Kokkolan polska (Trad.) 3:34 3. Tulipunapalsami (Pauliina Syrj\u00e4l\u00e4) 6:16 4. A-molssi &amp; Grannas [&hellip;]\" \/>\n<meta property=\"og:url\" content=\"http:\/\/aania.fi\/fi\/levyt\/sytyke-tulipunapalsami-aania-8\/\" \/>\n<meta property=\"og:site_name\" content=\"\u00c4\u00e4nia\" \/>\n<meta property=\"article:modified_time\" content=\"2019-02-12T23:21:45+00:00\" \/>\n<meta property=\"og:image\" content=\"http:\/\/aania.fi\/wp-content\/uploads\/2019\/02\/SYTYKE_ISO.jpg\" \/>\n\t<meta property=\"og:image:width\" content=\"450\" \/>\n\t<meta property=\"og:image:height\" content=\"404\" \/>\n<meta name=\"twitter:card\" content=\"summary_large_image\" \/>\n<meta name=\"twitter:label1\" content=\"Written by\">\n\t<meta name=\"twitter:data1\" content=\"taito\">\n\t<meta name=\"twitter:label2\" content=\"Est. reading time\">\n\t<meta name=\"twitter:data2\" content=\"1 minuutti\">\n<script type=\"application\/ld+json\" class=\"yoast-schema-graph\">{\"@context\":\"https:\/\/schema.org\",\"@graph\":[{\"@type\":\"Organization\",\"@id\":\"http:\/\/aania.fi\/fi\/#organization\",\"name\":\"\\u00c4\\u00e4ni\\u00e4 Records\",\"url\":\"http:\/\/aania.fi\/fi\/\",\"sameAs\":[],\"logo\":{\"@type\":\"ImageObject\",\"@id\":\"http:\/\/aania.fi\/fi\/#logo\",\"inLanguage\":\"fi\",\"url\":\"http:\/\/aania.fi\/wp-content\/uploads\/2018\/07\/aania_logo.jpg\",\"width\":530,\"height\":155,\"caption\":\"\\u00c4\\u00e4ni\\u00e4 Records\"},\"image\":{\"@id\":\"http:\/\/aania.fi\/fi\/#logo\"}},{\"@type\":\"WebSite\",\"@id\":\"http:\/\/aania.fi\/fi\/#website\",\"url\":\"http:\/\/aania.fi\/fi\/\",\"name\":\"\\u00c4\\u00e4nia\",\"description\":\"\\u00c4\\u00e4ni\\u00e4 Records - Acoustic Music from Finland\",\"publisher\":{\"@id\":\"http:\/\/aania.fi\/fi\/#organization\"},\"potentialAction\":[{\"@type\":\"SearchAction\",\"target\":\"http:\/\/aania.fi\/fi\/?s={search_term_string}\",\"query-input\":\"required name=search_term_string\"}],\"inLanguage\":\"fi\"},{\"@type\":\"ImageObject\",\"@id\":\"http:\/\/aania.fi\/fi\/levyt\/sytyke-tulipunapalsami-aania-8\/#primaryimage\",\"inLanguage\":\"fi\",\"url\":\"http:\/\/aania.fi\/wp-content\/uploads\/2019\/02\/SYTYKE_ISO.jpg\",\"width\":450,\"height\":404},{\"@type\":\"WebPage\",\"@id\":\"http:\/\/aania.fi\/fi\/levyt\/sytyke-tulipunapalsami-aania-8\/#webpage\",\"url\":\"http:\/\/aania.fi\/fi\/levyt\/sytyke-tulipunapalsami-aania-8\/\",\"name\":\"Sytyke - Tulipunapalsami AANIA-8 - \\u00c4\\u00e4nia\",\"isPartOf\":{\"@id\":\"http:\/\/aania.fi\/fi\/#website\"},\"primaryImageOfPage\":{\"@id\":\"http:\/\/aania.fi\/fi\/levyt\/sytyke-tulipunapalsami-aania-8\/#primaryimage\"},\"datePublished\":\"2019-02-12T17:10:51+00:00\",\"dateModified\":\"2019-02-12T23:21:45+00:00\",\"inLanguage\":\"fi\",\"potentialAction\":[{\"@type\":\"ReadAction\",\"target\":[\"http:\/\/aania.fi\/fi\/levyt\/sytyke-tulipunapalsami-aania-8\/\"]}]}]}<\/script>\n<!-- \/ Yoast SEO plugin. -->","_links":{"self":[{"href":"http:\/\/aania.fi\/fi\/wp-json\/wp\/v2\/product\/305","targetHints":{"allow":["GET"]}}],"collection":[{"href":"http:\/\/aania.fi\/fi\/wp-json\/wp\/v2\/product"}],"about":[{"href":"http:\/\/aania.fi\/fi\/wp-json\/wp\/v2\/types\/product"}],"replies":[{"embeddable":true,"href":"http:\/\/aania.fi\/fi\/wp-json\/wp\/v2\/comments?post=305"}],"wp:featuredmedia":[{"embeddable":true,"href":"http:\/\/aania.fi\/fi\/wp-json\/wp\/v2\/media\/304"}],"wp:attachment":[{"href":"http:\/\/aania.fi\/fi\/wp-json\/wp\/v2\/media?parent=305"}],"curies":[{"name":"wp","href":"https:\/\/api.w.org\/{rel}","templated":true}]}}