{"id":308,"date":"2019-02-12T19:13:31","date_gmt":"2019-02-12T17:13:31","guid":{"rendered":"http:\/\/aania.fi\/records\/maari-kallberg-joikuja-karjalasta-aania-7\/"},"modified":"2019-02-13T01:19:27","modified_gmt":"2019-02-12T23:19:27","slug":"maari-kallberg-joikuja-karjalasta-aania-7","status":"publish","type":"product","link":"http:\/\/aania.fi\/fi\/levyt\/maari-kallberg-joikuja-karjalasta-aania-7\/","title":{"rendered":"Maari Kallberg &#8211; Joikuja Karjalasta AANIA-7"},"content":{"rendered":"<p>Maari Kallberg (s.1970) Maari Kallberg (s.1970) on Vienan Karjalan joikuperinteeseen erikoistunut nykykansanlaulaja. Kallberg on toiminut laaja-alaisesti kansanmusiikin kent\u00e4ll\u00e4 muusikkona, tutkijana ja opettajana. Kallbergin taiteellinen tohtorintutkinto valmistui vuonna 2007 otsikolla \u201dLaulumatkoja Vienan Karjalaan\u201d. Tutkinto koostui viiden konsertin sarjasta, kirjallisesta ty\u00f6st\u00e4 sek\u00e4 CD-levyst\u00e4. Tutkinnon l\u00e4ht\u00f6kohtana oli suomalaisen kansanmusiikintutkijan A. O. V\u00e4is\u00e4sen kes\u00e4ll\u00e4 1915 Vienan Karjalaan tekem\u00e4 tallennusmatka sek\u00e4 Kallbergin V\u00e4is\u00e4sen jalanj\u00e4ljiss\u00e4 viime vuosina tekem\u00e4t omat tutkimusmatkat.<\/p>\n<p>Joikuja Karjalasta<br \/>\n1. Matkajoiku 3:58<br \/>\ns\u00e4v. san. Maari Kallberg<\/p>\n<p>2. Muarien poikien joiku 4:51<br \/>\ntrad. laulanut Maria Malikina<\/p>\n<p>3. Helmin joiku 2:49<br \/>\ntrad. laulanut by Helmi Rekina<\/p>\n<p>4. Miihkalin joiku 3:12<br \/>\ntrad. laulanut Ilja Miitriel\u00e4<\/p>\n<p>5. Homan joiku 5:21<br \/>\ntrad. laulanut Ilja Miitriel\u00e4<\/p>\n<p>6. Toarien poikien joiku 5:15<br \/>\ntrad. laulanut Ilja Miitriel\u00e4<\/p>\n<p>7. Ohvon joiku 4:34<br \/>\ns\u00e4v. Maari Kallberg, sanat trad.<\/p>\n<p>8. Sotapojan joiku 2:21<br \/>\ntrad. laulanut Katti K\u00f6n\u00f6nen<\/p>\n<p>9. Triihvanan joiku 7:08<br \/>\ntrad. laulanut Ilja Miitriel\u00e4<\/p>\n<p>\u00c4\u00e4nitys, miksaus ja masterointi: Taito Hoffr\u00e9n<br \/>\nValokuvat: AJ Savolainen, Janne Sepp\u00e4nen, Klaus von Matt<br \/>\nKannen suunnittelu: Klaus von Matt<br \/>\nK\u00e4\u00e4nn\u00f6kset: Pekka Huttu-Hiltunen and Frog<br \/>\nTuottaja: Taito Hoffr\u00e9n &amp; Maari Kallberg<\/p>\n<p>c &amp; p KANTELEEN \u00c4\u00c4NI\u00c4 2008<br \/>\nISRC: FI7KA0900038\u201400046<br \/>\nEAN: 64 3002409 0055<\/p>\n","protected":false},"excerpt":{"rendered":"<p>Maari Kallberg (s.1970) Maari Kallberg (s.1970) on Vienan Karjalan joikuperinteeseen erikoistunut nykykansanlaulaja. Kallberg on toiminut laaja-alaisesti kansanmusiikin kent\u00e4ll\u00e4 muusikkona, tutkijana ja opettajana. Kallbergin taiteellinen tohtorintutkinto valmistui vuonna 2007 otsikolla \u201dLaulumatkoja Vienan Karjalaan\u201d. Tutkinto koostui viiden konsertin sarjasta, kirjallisesta ty\u00f6st\u00e4 sek\u00e4 CD-levyst\u00e4. Tutkinnon l\u00e4ht\u00f6kohtana oli suomalaisen kansanmusiikintutkijan A. O. V\u00e4is\u00e4sen kes\u00e4ll\u00e4 1915 Vienan Karjalaan tekem\u00e4 tallennusmatka [&hellip;]\n","protected":false},"featured_media":307,"comment_status":"open","ping_status":"closed","template":"","meta":[],"class_list":["post-308","product","type-product","status-publish","has-post-thumbnail","hentry","product_cat-maari-kallberg-fi"],"yoast_head":"<!-- This site is optimized with the Yoast SEO plugin v15.3 - https:\/\/yoast.com\/wordpress\/plugins\/seo\/ -->\n<title>Maari Kallberg - Joikuja Karjalasta AANIA-7 - \u00c4\u00e4nia<\/title>\n<meta name=\"robots\" content=\"index, follow, max-snippet:-1, max-image-preview:large, max-video-preview:-1\" \/>\n<link rel=\"canonical\" href=\"http:\/\/aania.fi\/fi\/levyt\/maari-kallberg-joikuja-karjalasta-aania-7\/\" \/>\n<meta property=\"og:locale\" content=\"fi_FI\" \/>\n<meta property=\"og:type\" content=\"article\" \/>\n<meta property=\"og:title\" content=\"Maari Kallberg - Joikuja Karjalasta AANIA-7 - \u00c4\u00e4nia\" \/>\n<meta property=\"og:description\" content=\"Maari Kallberg (s.1970) Maari Kallberg (s.1970) on Vienan Karjalan joikuperinteeseen erikoistunut nykykansanlaulaja. Kallberg on toiminut laaja-alaisesti kansanmusiikin kent\u00e4ll\u00e4 muusikkona, tutkijana ja opettajana. Kallbergin taiteellinen tohtorintutkinto valmistui vuonna 2007 otsikolla \u201dLaulumatkoja Vienan Karjalaan\u201d. Tutkinto koostui viiden konsertin sarjasta, kirjallisesta ty\u00f6st\u00e4 sek\u00e4 CD-levyst\u00e4. Tutkinnon l\u00e4ht\u00f6kohtana oli suomalaisen kansanmusiikintutkijan A. O. V\u00e4is\u00e4sen kes\u00e4ll\u00e4 1915 Vienan Karjalaan tekem\u00e4 tallennusmatka [&hellip;]\" \/>\n<meta property=\"og:url\" content=\"http:\/\/aania.fi\/fi\/levyt\/maari-kallberg-joikuja-karjalasta-aania-7\/\" \/>\n<meta property=\"og:site_name\" content=\"\u00c4\u00e4nia\" \/>\n<meta property=\"article:modified_time\" content=\"2019-02-12T23:19:27+00:00\" \/>\n<meta property=\"og:image\" content=\"http:\/\/aania.fi\/wp-content\/uploads\/2019\/02\/MAARIK_ISO.jpg\" \/>\n\t<meta property=\"og:image:width\" content=\"450\" \/>\n\t<meta property=\"og:image:height\" content=\"403\" \/>\n<meta name=\"twitter:card\" content=\"summary_large_image\" \/>\n<meta name=\"twitter:label1\" content=\"Written by\">\n\t<meta name=\"twitter:data1\" content=\"taito\">\n\t<meta name=\"twitter:label2\" content=\"Est. reading time\">\n\t<meta name=\"twitter:data2\" content=\"1 minuutti\">\n<script type=\"application\/ld+json\" class=\"yoast-schema-graph\">{\"@context\":\"https:\/\/schema.org\",\"@graph\":[{\"@type\":\"Organization\",\"@id\":\"http:\/\/aania.fi\/fi\/#organization\",\"name\":\"\\u00c4\\u00e4ni\\u00e4 Records\",\"url\":\"http:\/\/aania.fi\/fi\/\",\"sameAs\":[],\"logo\":{\"@type\":\"ImageObject\",\"@id\":\"http:\/\/aania.fi\/fi\/#logo\",\"inLanguage\":\"fi\",\"url\":\"http:\/\/aania.fi\/wp-content\/uploads\/2018\/07\/aania_logo.jpg\",\"width\":530,\"height\":155,\"caption\":\"\\u00c4\\u00e4ni\\u00e4 Records\"},\"image\":{\"@id\":\"http:\/\/aania.fi\/fi\/#logo\"}},{\"@type\":\"WebSite\",\"@id\":\"http:\/\/aania.fi\/fi\/#website\",\"url\":\"http:\/\/aania.fi\/fi\/\",\"name\":\"\\u00c4\\u00e4nia\",\"description\":\"\\u00c4\\u00e4ni\\u00e4 Records - Acoustic Music from Finland\",\"publisher\":{\"@id\":\"http:\/\/aania.fi\/fi\/#organization\"},\"potentialAction\":[{\"@type\":\"SearchAction\",\"target\":\"http:\/\/aania.fi\/fi\/?s={search_term_string}\",\"query-input\":\"required name=search_term_string\"}],\"inLanguage\":\"fi\"},{\"@type\":\"ImageObject\",\"@id\":\"http:\/\/aania.fi\/fi\/levyt\/maari-kallberg-joikuja-karjalasta-aania-7\/#primaryimage\",\"inLanguage\":\"fi\",\"url\":\"http:\/\/aania.fi\/wp-content\/uploads\/2019\/02\/MAARIK_ISO.jpg\",\"width\":450,\"height\":403},{\"@type\":\"WebPage\",\"@id\":\"http:\/\/aania.fi\/fi\/levyt\/maari-kallberg-joikuja-karjalasta-aania-7\/#webpage\",\"url\":\"http:\/\/aania.fi\/fi\/levyt\/maari-kallberg-joikuja-karjalasta-aania-7\/\",\"name\":\"Maari Kallberg - Joikuja Karjalasta AANIA-7 - \\u00c4\\u00e4nia\",\"isPartOf\":{\"@id\":\"http:\/\/aania.fi\/fi\/#website\"},\"primaryImageOfPage\":{\"@id\":\"http:\/\/aania.fi\/fi\/levyt\/maari-kallberg-joikuja-karjalasta-aania-7\/#primaryimage\"},\"datePublished\":\"2019-02-12T17:13:31+00:00\",\"dateModified\":\"2019-02-12T23:19:27+00:00\",\"inLanguage\":\"fi\",\"potentialAction\":[{\"@type\":\"ReadAction\",\"target\":[\"http:\/\/aania.fi\/fi\/levyt\/maari-kallberg-joikuja-karjalasta-aania-7\/\"]}]}]}<\/script>\n<!-- \/ Yoast SEO plugin. -->","_links":{"self":[{"href":"http:\/\/aania.fi\/fi\/wp-json\/wp\/v2\/product\/308","targetHints":{"allow":["GET"]}}],"collection":[{"href":"http:\/\/aania.fi\/fi\/wp-json\/wp\/v2\/product"}],"about":[{"href":"http:\/\/aania.fi\/fi\/wp-json\/wp\/v2\/types\/product"}],"replies":[{"embeddable":true,"href":"http:\/\/aania.fi\/fi\/wp-json\/wp\/v2\/comments?post=308"}],"wp:featuredmedia":[{"embeddable":true,"href":"http:\/\/aania.fi\/fi\/wp-json\/wp\/v2\/media\/307"}],"wp:attachment":[{"href":"http:\/\/aania.fi\/fi\/wp-json\/wp\/v2\/media?parent=308"}],"curies":[{"name":"wp","href":"https:\/\/api.w.org\/{rel}","templated":true}]}}