{"id":320,"date":"2019-02-12T19:24:17","date_gmt":"2019-02-12T17:24:17","guid":{"rendered":"http:\/\/aania.fi\/records\/jarmo-romppanen-solmogen-aania-3\/"},"modified":"2019-02-13T00:32:47","modified_gmt":"2019-02-12T22:32:47","slug":"jarmo-romppanen-solmogen-aania-3","status":"publish","type":"product","link":"http:\/\/aania.fi\/fi\/levyt\/jarmo-romppanen-solmogen-aania-3\/","title":{"rendered":"Jarmo Romppanen &#8211; Solmogen AANIA-3"},"content":{"rendered":"<p>Jarmo Romppanen (s.1969) on kaupunkilaiskansanmuusikko, joka on valmistunut musiikin maisteriksi Sibelius-Akatemian kansanmusiikin osastolta vuonna 2002. H\u00e4n toimii niin esiintyv\u00e4n\u00e4 taiteilijana, s\u00e4velt\u00e4j\u00e4n\u00e4, sovittajana kuin musiikin opettajana. T\u00e4ll\u00e4 ensimm\u00e4isell\u00e4 soololevyll\u00e4\u00e4n h\u00e4n tuo esille nykyisen asuinpaikkansa Porvoon ja It\u00e4-Uudenmaan maakunnan suomenruotsalaista musiikkiperinnett\u00e4. Vanhojen viulukappaleiden lis\u00e4ksi mukana on laulus\u00e4velmi\u00e4 ja omia s\u00e4vellyksi\u00e4, tuoreesti sovitettuina ja verev\u00e4sti esitettyin\u00e4. Erikokoiset mandoliinisoittimet ja pitk\u00e4huilu nousevat esille muusikkoyst\u00e4vien avustuksella.<\/p>\n<p>Solmogen<br \/>\n1. Backas vals (trad.) 2:56<\/p>\n<p>2. Mitt st\u00f6rsta n\u00f6je jag till henne har (trad.) 2:42<\/p>\n<p>3. Makuutusta (J.Romppanen) 2:25<\/p>\n<p>4. Stekta harar, g\u00f6dda svin (trad.\/J.Romppanen) 3:00<\/p>\n<p>5. Br\u00f6derna Lindfors schottis (trad.) 2:17<\/p>\n<p>6. Polska nr 745 (trad.) 2:07<\/p>\n<p>7. Sleeping well minuet (trad.) 3:22<\/p>\n<p>8. Almost there (J.Romppanen) 3:34<\/p>\n<p>9. Karlkvistpolska (trad.\/J.Romppanen) 2:31<\/p>\n<p>10. Rosorna hava vi plockat (trad.) 2:04<\/p>\n<p>11. Solmogen (trad.) 2:41<\/p>\n<p>12. Polskaa Kimnaasinkadulta (J.Romppanen) 3:38<\/p>\n<p>13. Mr. Teiste (J.Romppanen) 2:44<\/p>\n<p>14. Kunnes s\u00e4 saavut (J.Romppanen) 3:27<\/p>\n<p>Sovitukset J.Romppanen paitsi (4) E.Grundstr\u00f6m\/T. Hoffr\u00e9n\/P.Pajala\/J.Romppanen, (5,8) E.Grundstr\u00f6m\/J.Romppanen, (10) P.Pajala\/J.Romppanen<\/p>\n<p>\u00c4\u00e4nitteen perinteiset viulus\u00f6velm\u00e4t on tallennettu seuraavilta henkil\u00f6ilt\u00e4: Axel Backas, Lapptr\u00e4sk (1), Hans Jakob Hansson, Lapptr\u00e4sk (2,7), G.A.Karlkvist, Borg\u00e5 (6,9), Karl Karlsson, Lapptr\u00e4sk (11), br\u00f6derna Lindfors, Sibbo (5), unknown, Pern\u00e5(4,10)<\/p>\n<p>Jarmo Romppanen: mandoliini, mandola, kitara, pitk\u00e4huilu, laulu<\/p>\n<p>Vierailevat muusikot:<\/p>\n<p>Eero Grundstr\u00f6m: konemusisointi (4,5,8)<br \/>\nTaito Hoffr\u00e9n: laulu (4)<br \/>\nIlona Korhonen: laulu (4)<br \/>\nPauliina Pajala: viulu (1,2,4,10,12,14)<br \/>\nJuulia Salonen: laulu (4,10)<br \/>\n&amp;<br \/>\nLieto:<br \/>\nErica Askolin: laulu (4)<br \/>\nErja Askolin: harmooni (4,14)<br \/>\nVeikko Muikku: haitari (4,6,14)<br \/>\nEssi Olkanen: fiddle (4,6,14)<br \/>\nMaria Sauros: viulu (4,6,14)<br \/>\nTiina Tolonen: kontrabasso (4,14)<\/p>\n<p>\u00c4\u00e4nitys, miksaus ja masterointi: Taito Hoffr\u00e9n, Kanteleen \u00c4\u00e4ni\u00e4 2007<br \/>\nKannen suunnittelu: Tero Vesterinen<br \/>\nK\u00e4\u00e4nn\u00f6kset: Girilal Baars &amp; Jarmo Romppanen<br \/>\nTuottaja: Taito Hoffr\u00e9n &amp; Jarmo Romppanen<\/p>\n<p>Levy\u00e4 on tukenut Svenska kulturfonden, ESEK &amp; LUSES<\/p>\n<p>c &amp; p KANTELEEN \u00c4\u00c4NI\u00c4 2007<br \/>\nISRC: FI7KA0700009\u201422<br \/>\nEAN: 64 3002409 0031<\/p>\n","protected":false},"excerpt":{"rendered":"<p>Jarmo Romppanen (s.1969) on kaupunkilaiskansanmuusikko, joka on valmistunut musiikin maisteriksi Sibelius-Akatemian kansanmusiikin osastolta vuonna 2002. H\u00e4n toimii niin esiintyv\u00e4n\u00e4 taiteilijana, s\u00e4velt\u00e4j\u00e4n\u00e4, sovittajana kuin musiikin opettajana. T\u00e4ll\u00e4 ensimm\u00e4isell\u00e4 soololevyll\u00e4\u00e4n h\u00e4n tuo esille nykyisen asuinpaikkansa Porvoon ja It\u00e4-Uudenmaan maakunnan suomenruotsalaista musiikkiperinnett\u00e4. Vanhojen viulukappaleiden lis\u00e4ksi mukana on laulus\u00e4velmi\u00e4 ja omia s\u00e4vellyksi\u00e4, tuoreesti sovitettuina ja verev\u00e4sti esitettyin\u00e4. Erikokoiset mandoliinisoittimet [&hellip;]\n","protected":false},"featured_media":319,"comment_status":"open","ping_status":"closed","template":"","meta":[],"class_list":["post-320","product","type-product","status-publish","has-post-thumbnail","hentry","product_cat-jarmo-romppanen-fi"],"yoast_head":"<!-- This site is optimized with the Yoast SEO plugin v15.3 - https:\/\/yoast.com\/wordpress\/plugins\/seo\/ -->\n<title>Jarmo Romppanen - Solmogen AANIA-3 - \u00c4\u00e4nia<\/title>\n<meta name=\"robots\" content=\"index, follow, max-snippet:-1, max-image-preview:large, max-video-preview:-1\" \/>\n<link rel=\"canonical\" href=\"http:\/\/aania.fi\/fi\/levyt\/jarmo-romppanen-solmogen-aania-3\/\" \/>\n<meta property=\"og:locale\" content=\"fi_FI\" \/>\n<meta property=\"og:type\" content=\"article\" \/>\n<meta property=\"og:title\" content=\"Jarmo Romppanen - Solmogen AANIA-3 - \u00c4\u00e4nia\" \/>\n<meta property=\"og:description\" content=\"Jarmo Romppanen (s.1969) on kaupunkilaiskansanmuusikko, joka on valmistunut musiikin maisteriksi Sibelius-Akatemian kansanmusiikin osastolta vuonna 2002. H\u00e4n toimii niin esiintyv\u00e4n\u00e4 taiteilijana, s\u00e4velt\u00e4j\u00e4n\u00e4, sovittajana kuin musiikin opettajana. T\u00e4ll\u00e4 ensimm\u00e4isell\u00e4 soololevyll\u00e4\u00e4n h\u00e4n tuo esille nykyisen asuinpaikkansa Porvoon ja It\u00e4-Uudenmaan maakunnan suomenruotsalaista musiikkiperinnett\u00e4. Vanhojen viulukappaleiden lis\u00e4ksi mukana on laulus\u00e4velmi\u00e4 ja omia s\u00e4vellyksi\u00e4, tuoreesti sovitettuina ja verev\u00e4sti esitettyin\u00e4. Erikokoiset mandoliinisoittimet [&hellip;]\" \/>\n<meta property=\"og:url\" content=\"http:\/\/aania.fi\/fi\/levyt\/jarmo-romppanen-solmogen-aania-3\/\" \/>\n<meta property=\"og:site_name\" content=\"\u00c4\u00e4nia\" \/>\n<meta property=\"article:modified_time\" content=\"2019-02-12T22:32:47+00:00\" \/>\n<meta property=\"og:image\" content=\"http:\/\/aania.fi\/wp-content\/uploads\/2019\/02\/JARMOROMPPANEN_ISO.jpg\" \/>\n\t<meta property=\"og:image:width\" content=\"450\" \/>\n\t<meta property=\"og:image:height\" content=\"404\" \/>\n<meta name=\"twitter:card\" content=\"summary_large_image\" \/>\n<meta name=\"twitter:label1\" content=\"Written by\">\n\t<meta name=\"twitter:data1\" content=\"taito\">\n\t<meta name=\"twitter:label2\" content=\"Est. reading time\">\n\t<meta name=\"twitter:data2\" content=\"1 minuutti\">\n<script type=\"application\/ld+json\" class=\"yoast-schema-graph\">{\"@context\":\"https:\/\/schema.org\",\"@graph\":[{\"@type\":\"Organization\",\"@id\":\"http:\/\/aania.fi\/fi\/#organization\",\"name\":\"\\u00c4\\u00e4ni\\u00e4 Records\",\"url\":\"http:\/\/aania.fi\/fi\/\",\"sameAs\":[],\"logo\":{\"@type\":\"ImageObject\",\"@id\":\"http:\/\/aania.fi\/fi\/#logo\",\"inLanguage\":\"fi\",\"url\":\"http:\/\/aania.fi\/wp-content\/uploads\/2018\/07\/aania_logo.jpg\",\"width\":530,\"height\":155,\"caption\":\"\\u00c4\\u00e4ni\\u00e4 Records\"},\"image\":{\"@id\":\"http:\/\/aania.fi\/fi\/#logo\"}},{\"@type\":\"WebSite\",\"@id\":\"http:\/\/aania.fi\/fi\/#website\",\"url\":\"http:\/\/aania.fi\/fi\/\",\"name\":\"\\u00c4\\u00e4nia\",\"description\":\"\\u00c4\\u00e4ni\\u00e4 Records - Acoustic Music from Finland\",\"publisher\":{\"@id\":\"http:\/\/aania.fi\/fi\/#organization\"},\"potentialAction\":[{\"@type\":\"SearchAction\",\"target\":\"http:\/\/aania.fi\/fi\/?s={search_term_string}\",\"query-input\":\"required name=search_term_string\"}],\"inLanguage\":\"fi\"},{\"@type\":\"ImageObject\",\"@id\":\"http:\/\/aania.fi\/fi\/levyt\/jarmo-romppanen-solmogen-aania-3\/#primaryimage\",\"inLanguage\":\"fi\",\"url\":\"http:\/\/aania.fi\/wp-content\/uploads\/2019\/02\/JARMOROMPPANEN_ISO.jpg\",\"width\":450,\"height\":404},{\"@type\":\"WebPage\",\"@id\":\"http:\/\/aania.fi\/fi\/levyt\/jarmo-romppanen-solmogen-aania-3\/#webpage\",\"url\":\"http:\/\/aania.fi\/fi\/levyt\/jarmo-romppanen-solmogen-aania-3\/\",\"name\":\"Jarmo Romppanen - Solmogen AANIA-3 - \\u00c4\\u00e4nia\",\"isPartOf\":{\"@id\":\"http:\/\/aania.fi\/fi\/#website\"},\"primaryImageOfPage\":{\"@id\":\"http:\/\/aania.fi\/fi\/levyt\/jarmo-romppanen-solmogen-aania-3\/#primaryimage\"},\"datePublished\":\"2019-02-12T17:24:17+00:00\",\"dateModified\":\"2019-02-12T22:32:47+00:00\",\"inLanguage\":\"fi\",\"potentialAction\":[{\"@type\":\"ReadAction\",\"target\":[\"http:\/\/aania.fi\/fi\/levyt\/jarmo-romppanen-solmogen-aania-3\/\"]}]}]}<\/script>\n<!-- \/ Yoast SEO plugin. -->","_links":{"self":[{"href":"http:\/\/aania.fi\/fi\/wp-json\/wp\/v2\/product\/320","targetHints":{"allow":["GET"]}}],"collection":[{"href":"http:\/\/aania.fi\/fi\/wp-json\/wp\/v2\/product"}],"about":[{"href":"http:\/\/aania.fi\/fi\/wp-json\/wp\/v2\/types\/product"}],"replies":[{"embeddable":true,"href":"http:\/\/aania.fi\/fi\/wp-json\/wp\/v2\/comments?post=320"}],"wp:featuredmedia":[{"embeddable":true,"href":"http:\/\/aania.fi\/fi\/wp-json\/wp\/v2\/media\/319"}],"wp:attachment":[{"href":"http:\/\/aania.fi\/fi\/wp-json\/wp\/v2\/media?parent=320"}],"curies":[{"name":"wp","href":"https:\/\/api.w.org\/{rel}","templated":true}]}}