{"id":331,"date":"2019-02-13T01:51:44","date_gmt":"2019-02-12T23:51:44","guid":{"rendered":"http:\/\/aania.fi\/?post_type=product&#038;p=331"},"modified":"2019-02-13T06:18:44","modified_gmt":"2019-02-13T04:18:44","slug":"runoitrio-aania-26","status":"publish","type":"product","link":"http:\/\/aania.fi\/fi\/levyt\/runoitrio-aania-26\/","title":{"rendered":"Runoitrio AANIA-26"},"content":{"rendered":"<p>RUNOITRIO<\/p>\n<p>Jokaisella runolaulajalla on omintakeinen runolaulun \u00e4idinkieli, jolla laulaja voi kertoa ja kuvailla haluamansa tarinan. Runoitrion konsertissa runolaulu, kanteleet ja jazzly\u00f6m\u00e4soittimet kulkevat runos\u00e4keiden avulla mielen maisemissa, iholla ja ilmassa.<\/p>\n<p>Taito Hoffr\u00e9n on laulaja, muusikko ja s\u00e4velt\u00e4j\u00e4. H\u00e4n on perehtynyt syv\u00e4llisesti arkaaiseen runolauluun.<br \/>\nArja Kastinen on perehtynyt 1800-luvun karjalaisten kanteleensoittajien musiikkiin ja erityisesti vanhan kanteleensoittoperinteen improvisaatioon. H\u00e4n on suorittanut musiikin tohtorin tutkinnon.<br \/>\nMarkus Ketola on Suomen Uuden musiikin orkesterissa rumpuja vuodesta 1993 soittanut monipuolinen muusikko ja s\u00e4velt\u00e4j\u00e4. H\u00e4n on suorittanut musiikin tohtorin tutkinnon.<\/p>\n<p>T\u00e4m\u00e4 levy on taltio Taito Hoffr\u00e9nin Sibelius-Akatemian jatkotutkintokonsertista 15.12.2012 Musiikkitalon Black Boxissa.<\/p>\n<p>S\u00e4vellys: Taito Hoffr\u00e9n, Markus Ketola ja Arja Kastinen<br \/>\nSanat: Taito Hoffr\u00e9n\/Trad<br \/>\n\u00c4\u00e4nitys: Mikko Ingman<br \/>\nMiksaus ja masterointi: Taito Hoffr\u00e9n<br \/>\nValokuvat: Jorma Airola<br \/>\nKansisuunnittelu: Pirkko M\u00e4honen<\/p>\n<p>Levy on Suomen ja Vietnamin v\u00e4lisen kulttuurivaihtohankkeen &#8221;Kulttuuriperinteen silta&#8221; ensimm\u00e4inen julkaisu.<br \/>\nHankkeessa tehd\u00e4\u00e4n tunnetuksi molempien maiden arkaaisinta kansanmusiikkia. Levyn julkaisemista on tukenut Suomen Ulkoasiainministeri\u00f6.<\/p>\n<p>Julkaisija: Kanteleen \u00c4\u00e4ni\u00e4 2014 (Julkaistu vain Vietnamissa)<\/p>\n","protected":false},"excerpt":{"rendered":"<p>RUNOITRIO Jokaisella runolaulajalla on omintakeinen runolaulun \u00e4idinkieli, jolla laulaja voi kertoa ja kuvailla haluamansa tarinan. Runoitrion konsertissa runolaulu, kanteleet ja jazzly\u00f6m\u00e4soittimet kulkevat runos\u00e4keiden avulla mielen maisemissa, iholla ja ilmassa. Taito Hoffr\u00e9n on laulaja, muusikko ja s\u00e4velt\u00e4j\u00e4. H\u00e4n on perehtynyt syv\u00e4llisesti arkaaiseen runolauluun. Arja Kastinen on perehtynyt 1800-luvun karjalaisten kanteleensoittajien musiikkiin ja erityisesti vanhan kanteleensoittoperinteen improvisaatioon. [&hellip;]\n","protected":false},"featured_media":332,"comment_status":"open","ping_status":"closed","template":"","meta":[],"class_list":["post-331","product","type-product","status-publish","has-post-thumbnail","hentry","product_cat-runoitrio"],"yoast_head":"<!-- This site is optimized with the Yoast SEO plugin v15.3 - https:\/\/yoast.com\/wordpress\/plugins\/seo\/ -->\n<title>Runoitrio AANIA-26 - \u00c4\u00e4nia<\/title>\n<meta name=\"robots\" content=\"index, follow, max-snippet:-1, max-image-preview:large, max-video-preview:-1\" \/>\n<link rel=\"canonical\" href=\"http:\/\/aania.fi\/fi\/levyt\/runoitrio-aania-26\/\" \/>\n<meta property=\"og:locale\" content=\"fi_FI\" \/>\n<meta property=\"og:type\" content=\"article\" \/>\n<meta property=\"og:title\" content=\"Runoitrio AANIA-26 - \u00c4\u00e4nia\" \/>\n<meta property=\"og:description\" content=\"RUNOITRIO Jokaisella runolaulajalla on omintakeinen runolaulun \u00e4idinkieli, jolla laulaja voi kertoa ja kuvailla haluamansa tarinan. Runoitrion konsertissa runolaulu, kanteleet ja jazzly\u00f6m\u00e4soittimet kulkevat runos\u00e4keiden avulla mielen maisemissa, iholla ja ilmassa. Taito Hoffr\u00e9n on laulaja, muusikko ja s\u00e4velt\u00e4j\u00e4. H\u00e4n on perehtynyt syv\u00e4llisesti arkaaiseen runolauluun. Arja Kastinen on perehtynyt 1800-luvun karjalaisten kanteleensoittajien musiikkiin ja erityisesti vanhan kanteleensoittoperinteen improvisaatioon. [&hellip;]\" \/>\n<meta property=\"og:url\" content=\"http:\/\/aania.fi\/fi\/levyt\/runoitrio-aania-26\/\" \/>\n<meta property=\"og:site_name\" content=\"\u00c4\u00e4nia\" \/>\n<meta property=\"article:modified_time\" content=\"2019-02-13T04:18:44+00:00\" \/>\n<meta property=\"og:image\" content=\"http:\/\/aania.fi\/wp-content\/uploads\/2019\/02\/AANIA26.jpg\" \/>\n\t<meta property=\"og:image:width\" content=\"490\" \/>\n\t<meta property=\"og:image:height\" content=\"486\" \/>\n<meta name=\"twitter:card\" content=\"summary_large_image\" \/>\n<meta name=\"twitter:label1\" content=\"Written by\">\n\t<meta name=\"twitter:data1\" content=\"taito\">\n\t<meta name=\"twitter:label2\" content=\"Est. reading time\">\n\t<meta name=\"twitter:data2\" content=\"1 minuutti\">\n<script type=\"application\/ld+json\" class=\"yoast-schema-graph\">{\"@context\":\"https:\/\/schema.org\",\"@graph\":[{\"@type\":\"Organization\",\"@id\":\"http:\/\/aania.fi\/fi\/#organization\",\"name\":\"\\u00c4\\u00e4ni\\u00e4 Records\",\"url\":\"http:\/\/aania.fi\/fi\/\",\"sameAs\":[],\"logo\":{\"@type\":\"ImageObject\",\"@id\":\"http:\/\/aania.fi\/fi\/#logo\",\"inLanguage\":\"fi\",\"url\":\"http:\/\/aania.fi\/wp-content\/uploads\/2018\/07\/aania_logo.jpg\",\"width\":530,\"height\":155,\"caption\":\"\\u00c4\\u00e4ni\\u00e4 Records\"},\"image\":{\"@id\":\"http:\/\/aania.fi\/fi\/#logo\"}},{\"@type\":\"WebSite\",\"@id\":\"http:\/\/aania.fi\/fi\/#website\",\"url\":\"http:\/\/aania.fi\/fi\/\",\"name\":\"\\u00c4\\u00e4nia\",\"description\":\"\\u00c4\\u00e4ni\\u00e4 Records - Acoustic Music from Finland\",\"publisher\":{\"@id\":\"http:\/\/aania.fi\/fi\/#organization\"},\"potentialAction\":[{\"@type\":\"SearchAction\",\"target\":\"http:\/\/aania.fi\/fi\/?s={search_term_string}\",\"query-input\":\"required name=search_term_string\"}],\"inLanguage\":\"fi\"},{\"@type\":\"ImageObject\",\"@id\":\"http:\/\/aania.fi\/fi\/levyt\/runoitrio-aania-26\/#primaryimage\",\"inLanguage\":\"fi\",\"url\":\"http:\/\/aania.fi\/wp-content\/uploads\/2019\/02\/AANIA26.jpg\",\"width\":490,\"height\":486},{\"@type\":\"WebPage\",\"@id\":\"http:\/\/aania.fi\/fi\/levyt\/runoitrio-aania-26\/#webpage\",\"url\":\"http:\/\/aania.fi\/fi\/levyt\/runoitrio-aania-26\/\",\"name\":\"Runoitrio AANIA-26 - \\u00c4\\u00e4nia\",\"isPartOf\":{\"@id\":\"http:\/\/aania.fi\/fi\/#website\"},\"primaryImageOfPage\":{\"@id\":\"http:\/\/aania.fi\/fi\/levyt\/runoitrio-aania-26\/#primaryimage\"},\"datePublished\":\"2019-02-12T23:51:44+00:00\",\"dateModified\":\"2019-02-13T04:18:44+00:00\",\"inLanguage\":\"fi\",\"potentialAction\":[{\"@type\":\"ReadAction\",\"target\":[\"http:\/\/aania.fi\/fi\/levyt\/runoitrio-aania-26\/\"]}]}]}<\/script>\n<!-- \/ Yoast SEO plugin. -->","_links":{"self":[{"href":"http:\/\/aania.fi\/fi\/wp-json\/wp\/v2\/product\/331","targetHints":{"allow":["GET"]}}],"collection":[{"href":"http:\/\/aania.fi\/fi\/wp-json\/wp\/v2\/product"}],"about":[{"href":"http:\/\/aania.fi\/fi\/wp-json\/wp\/v2\/types\/product"}],"replies":[{"embeddable":true,"href":"http:\/\/aania.fi\/fi\/wp-json\/wp\/v2\/comments?post=331"}],"wp:featuredmedia":[{"embeddable":true,"href":"http:\/\/aania.fi\/fi\/wp-json\/wp\/v2\/media\/332"}],"wp:attachment":[{"href":"http:\/\/aania.fi\/fi\/wp-json\/wp\/v2\/media?parent=331"}],"curies":[{"name":"wp","href":"https:\/\/api.w.org\/{rel}","templated":true}]}}