{"id":341,"date":"2019-02-13T03:02:04","date_gmt":"2019-02-13T01:02:04","guid":{"rendered":"http:\/\/aania.fi\/?post_type=product&#038;p=341"},"modified":"2019-03-27T08:32:40","modified_gmt":"2019-03-27T06:32:40","slug":"ma-rouf-feather-single-aania-32","status":"publish","type":"product","link":"http:\/\/aania.fi\/fi\/levyt\/ma-rouf-feather-single-aania-32\/","title":{"rendered":"MA Rouf -Feather (single) AANIA-32"},"content":{"rendered":"<p>MA Rouf -yhtyeen single &#8221;Sulka&#8221; on julkaistu 16.2.2019!<\/p>\n<p><iframe loading=\"lazy\" width=\"300\" height=\"380\" allowtransparency=\"true\" frameborder=\"0\" allow=\"encrypted-media\" title=\"Spotify Embed: Feather\" src=\"https:\/\/open.spotify.com\/embed\/album\/2p2nsd2FbYzAq8Hh8ymqBu\"><\/iframe><\/p>\n<p>&nbsp;<\/p>\n<p>MA Rouf -yhtyeen albumi &#8217;The People&#8217; julkaistiin 21.3.2019!<\/p>\n","protected":false},"excerpt":{"rendered":"<p>MA Rouf -yhtyeen single &#8221;Sulka&#8221; on julkaistu 16.2.2019! &nbsp; MA Rouf -yhtyeen albumi &#8217;The People&#8217; julkaistiin 21.3.2019!<\/p>\n","protected":false},"featured_media":342,"comment_status":"open","ping_status":"closed","template":"","meta":[],"class_list":["post-341","product","type-product","status-publish","has-post-thumbnail","hentry","product_cat-ma-rouf"],"yoast_head":"<!-- This site is optimized with the Yoast SEO plugin v15.3 - https:\/\/yoast.com\/wordpress\/plugins\/seo\/ -->\n<title>MA Rouf -Feather (single) AANIA-32 - \u00c4\u00e4ni\u00e4 Records<\/title>\n<meta name=\"description\" content=\"MA Roufsin single &quot;Feather&quot; julkaistaan 16. helmikuuta 2019. MA Roufin musiikissa yhdistyy l\u00e4hi-id\u00e4n perinne, pohjoisafrikkalaiset rytmit ja skandinaaviset jazz-vaikutteet.\" \/>\n<meta name=\"robots\" content=\"index, follow, max-snippet:-1, max-image-preview:large, max-video-preview:-1\" \/>\n<link rel=\"canonical\" href=\"http:\/\/aania.fi\/fi\/levyt\/ma-rouf-feather-single-aania-32\/\" \/>\n<meta property=\"og:locale\" content=\"fi_FI\" \/>\n<meta property=\"og:type\" content=\"article\" \/>\n<meta property=\"og:title\" content=\"MA Rouf -Feather (single) AANIA-32 - \u00c4\u00e4ni\u00e4 Records\" \/>\n<meta property=\"og:description\" content=\"MA Roufsin single &quot;Feather&quot; julkaistaan 16. helmikuuta 2019. MA Roufin musiikissa yhdistyy l\u00e4hi-id\u00e4n perinne, pohjoisafrikkalaiset rytmit ja skandinaaviset jazz-vaikutteet.\" \/>\n<meta property=\"og:url\" content=\"http:\/\/aania.fi\/fi\/levyt\/ma-rouf-feather-single-aania-32\/\" \/>\n<meta property=\"og:site_name\" content=\"\u00c4\u00e4nia\" \/>\n<meta property=\"article:modified_time\" content=\"2019-03-27T06:32:40+00:00\" \/>\n<meta property=\"og:image\" content=\"http:\/\/aania.fi\/wp-content\/uploads\/2019\/02\/MA_Rouf_Feather_pieni.jpg\" \/>\n\t<meta property=\"og:image:width\" content=\"700\" \/>\n\t<meta property=\"og:image:height\" content=\"700\" \/>\n<meta name=\"twitter:card\" content=\"summary_large_image\" \/>\n<meta name=\"twitter:label1\" content=\"Written by\">\n\t<meta name=\"twitter:data1\" content=\"taito\">\n\t<meta name=\"twitter:label2\" content=\"Est. reading time\">\n\t<meta name=\"twitter:data2\" content=\"0 minuuttia\">\n<script type=\"application\/ld+json\" class=\"yoast-schema-graph\">{\"@context\":\"https:\/\/schema.org\",\"@graph\":[{\"@type\":\"Organization\",\"@id\":\"http:\/\/aania.fi\/fi\/#organization\",\"name\":\"\\u00c4\\u00e4ni\\u00e4 Records\",\"url\":\"http:\/\/aania.fi\/fi\/\",\"sameAs\":[],\"logo\":{\"@type\":\"ImageObject\",\"@id\":\"http:\/\/aania.fi\/fi\/#logo\",\"inLanguage\":\"fi\",\"url\":\"http:\/\/aania.fi\/wp-content\/uploads\/2018\/07\/aania_logo.jpg\",\"width\":530,\"height\":155,\"caption\":\"\\u00c4\\u00e4ni\\u00e4 Records\"},\"image\":{\"@id\":\"http:\/\/aania.fi\/fi\/#logo\"}},{\"@type\":\"WebSite\",\"@id\":\"http:\/\/aania.fi\/fi\/#website\",\"url\":\"http:\/\/aania.fi\/fi\/\",\"name\":\"\\u00c4\\u00e4nia\",\"description\":\"\\u00c4\\u00e4ni\\u00e4 Records - Acoustic Music from Finland\",\"publisher\":{\"@id\":\"http:\/\/aania.fi\/fi\/#organization\"},\"potentialAction\":[{\"@type\":\"SearchAction\",\"target\":\"http:\/\/aania.fi\/fi\/?s={search_term_string}\",\"query-input\":\"required name=search_term_string\"}],\"inLanguage\":\"fi\"},{\"@type\":\"ImageObject\",\"@id\":\"http:\/\/aania.fi\/fi\/levyt\/ma-rouf-feather-single-aania-32\/#primaryimage\",\"inLanguage\":\"fi\",\"url\":\"http:\/\/aania.fi\/wp-content\/uploads\/2019\/02\/MA_Rouf_Feather_pieni.jpg\",\"width\":700,\"height\":700},{\"@type\":\"WebPage\",\"@id\":\"http:\/\/aania.fi\/fi\/levyt\/ma-rouf-feather-single-aania-32\/#webpage\",\"url\":\"http:\/\/aania.fi\/fi\/levyt\/ma-rouf-feather-single-aania-32\/\",\"name\":\"MA Rouf -Feather (single) AANIA-32 - \\u00c4\\u00e4ni\\u00e4 Records\",\"isPartOf\":{\"@id\":\"http:\/\/aania.fi\/fi\/#website\"},\"primaryImageOfPage\":{\"@id\":\"http:\/\/aania.fi\/fi\/levyt\/ma-rouf-feather-single-aania-32\/#primaryimage\"},\"datePublished\":\"2019-02-13T01:02:04+00:00\",\"dateModified\":\"2019-03-27T06:32:40+00:00\",\"description\":\"MA Roufsin single \\\"Feather\\\" julkaistaan 16. helmikuuta 2019. MA Roufin musiikissa yhdistyy l\\u00e4hi-id\\u00e4n perinne, pohjoisafrikkalaiset rytmit ja skandinaaviset jazz-vaikutteet.\",\"inLanguage\":\"fi\",\"potentialAction\":[{\"@type\":\"ReadAction\",\"target\":[\"http:\/\/aania.fi\/fi\/levyt\/ma-rouf-feather-single-aania-32\/\"]}]}]}<\/script>\n<!-- \/ Yoast SEO plugin. -->","_links":{"self":[{"href":"http:\/\/aania.fi\/fi\/wp-json\/wp\/v2\/product\/341","targetHints":{"allow":["GET"]}}],"collection":[{"href":"http:\/\/aania.fi\/fi\/wp-json\/wp\/v2\/product"}],"about":[{"href":"http:\/\/aania.fi\/fi\/wp-json\/wp\/v2\/types\/product"}],"replies":[{"embeddable":true,"href":"http:\/\/aania.fi\/fi\/wp-json\/wp\/v2\/comments?post=341"}],"wp:featuredmedia":[{"embeddable":true,"href":"http:\/\/aania.fi\/fi\/wp-json\/wp\/v2\/media\/342"}],"wp:attachment":[{"href":"http:\/\/aania.fi\/fi\/wp-json\/wp\/v2\/media?parent=341"}],"curies":[{"name":"wp","href":"https:\/\/api.w.org\/{rel}","templated":true}]}}