{"id":451,"date":"2019-03-20T12:02:03","date_gmt":"2019-03-20T10:02:03","guid":{"rendered":"http:\/\/aania.fi\/records\/ma-rouf-the-people\/"},"modified":"2019-03-27T08:23:08","modified_gmt":"2019-03-27T06:23:08","slug":"ma-rouf-the-people","status":"publish","type":"product","link":"http:\/\/aania.fi\/fi\/levyt\/ma-rouf-the-people\/","title":{"rendered":"MA Rouf -The People AANIA-31"},"content":{"rendered":"<p>Uusi jazz-levy julkaistu! MA Rouf tunnelmoi skandinaavisilla jazz-vaikutteilla hedelm\u00f6itetyill\u00e4 L\u00e4hi-Id\u00e4n rytmeill\u00e4.<br \/>\nMilt\u00e4 kuulostaa jazzin ja maailmanmusiikin fuusio?<\/p>\n<p>&nbsp;<\/p>\n<p>MA Rouf: The People<\/p>\n<p>1. Feather<br \/>\n2. Dancing fakir<br \/>\n3. Blues for Soran<br \/>\n4. All alone<br \/>\n5. Gallop<br \/>\n6. Child<br \/>\n7. Linger<br \/>\n8. you are you<br \/>\n9. The people<\/p>\n<p>Marouf Majidi &#8211; Tanbour, Tar, Vocal<br \/>\nJouni J\u00e4rvel\u00e4 &#8211; \u00a0soprano, alto &amp; tenor saxophones; Eb, Bb and bass clarinets; flute; piano\/Pianoteq virtual keyboards<br \/>\nMikko Hassinen &#8211; Drums and Percussion<br \/>\nJukka Haavisto &#8211; Fretless Bass<br \/>\nSpecial guest Ahoora Mahone &#8211; Daf percussion<\/p>\n<p>Produced by Marouf Majidi<br \/>\nCo-Produced by Jouni J\u00e4rvel\u00e4<br \/>\nRecorded by Tuukka Tervo at Sibelius Academy Studios, Helsinki, Finland<br \/>\nMixed by Rich Breen at Dogmatic Sound, Burbank, CA, U.S.A.<br \/>\nMastered by Taito Hoffr\u00e9n \/ \u00c4\u00e4ni\u00e4<br \/>\nAlbum cover by Jaana Moilanen<br \/>\nGraphic design by Tero Vesterinen<br \/>\nPhotos by Unknown, Jaana Moilanen, Marouf Majidi<br \/>\nEnglish proofreading by Girilal Baars<\/p>\n<p>Compositions &amp; lyrics by Marouf Majidi\u2028Arrangements by Jouni J\u00e4rvel\u00e4 &amp; Marouf Majidi\u2028Except \u201dSoran\u201d composed by Jouni J\u00e4rvel\u00e4 &amp; Marouf Majidi, Lyrics: traditional, from Yarsan culture<\/p>\n<p>Special thanks to: My mother Maryam Mokhberi, my sweet family, Davood Djalali, Shahram Alimohammadi, Taher Yarveisi and the people<\/p>\n<p>AANIA-31<br \/>\nc &amp; p Kanteleen \u00c4\u00e4ni\u00e4 2019<br \/>\nEAN: 6430024090772<br \/>\nwww.aania.fi<br \/>\nwww.maroufmajidi.com<\/p>\n","protected":false},"excerpt":{"rendered":"<p>Uusi jazz-levy julkaistu! MA Rouf tunnelmoi skandinaavisilla jazz-vaikutteilla hedelm\u00f6itetyill\u00e4 L\u00e4hi-Id\u00e4n rytmeill\u00e4. Milt\u00e4 kuulostaa jazzin ja maailmanmusiikin fuusio? &nbsp; MA Rouf: The People 1. Feather 2. Dancing fakir 3. Blues for Soran 4. All alone 5. Gallop 6. Child 7. Linger 8. you are you 9. The people Marouf Majidi &#8211; Tanbour, Tar, Vocal Jouni J\u00e4rvel\u00e4 [&hellip;]\n","protected":false},"featured_media":450,"comment_status":"open","ping_status":"closed","template":"","meta":[],"class_list":["post-451","product","type-product","status-publish","has-post-thumbnail","hentry","product_cat-ma-rouf"],"yoast_head":"<!-- This site is optimized with the Yoast SEO plugin v15.3 - https:\/\/yoast.com\/wordpress\/plugins\/seo\/ -->\n<title>MA Rouf -The People AANIA-31 - \u00c4\u00e4nia<\/title>\n<meta name=\"robots\" content=\"index, follow, max-snippet:-1, max-image-preview:large, max-video-preview:-1\" \/>\n<link rel=\"canonical\" href=\"http:\/\/aania.fi\/fi\/levyt\/ma-rouf-the-people\/\" \/>\n<meta property=\"og:locale\" content=\"fi_FI\" \/>\n<meta property=\"og:type\" content=\"article\" \/>\n<meta property=\"og:title\" content=\"MA Rouf -The People AANIA-31 - \u00c4\u00e4nia\" \/>\n<meta property=\"og:description\" content=\"Uusi jazz-levy julkaistu! MA Rouf tunnelmoi skandinaavisilla jazz-vaikutteilla hedelm\u00f6itetyill\u00e4 L\u00e4hi-Id\u00e4n rytmeill\u00e4. Milt\u00e4 kuulostaa jazzin ja maailmanmusiikin fuusio? &nbsp; MA Rouf: The People 1. Feather 2. Dancing fakir 3. Blues for Soran 4. All alone 5. Gallop 6. Child 7. Linger 8. you are you 9. The people Marouf Majidi &#8211; Tanbour, Tar, Vocal Jouni J\u00e4rvel\u00e4 [&hellip;]\" \/>\n<meta property=\"og:url\" content=\"http:\/\/aania.fi\/fi\/levyt\/ma-rouf-the-people\/\" \/>\n<meta property=\"og:site_name\" content=\"\u00c4\u00e4nia\" \/>\n<meta property=\"article:modified_time\" content=\"2019-03-27T06:23:08+00:00\" \/>\n<meta property=\"og:image\" content=\"http:\/\/aania.fi\/wp-content\/uploads\/2019\/03\/AANIA31_KANSI-pieni.jpg\" \/>\n\t<meta property=\"og:image:width\" content=\"3000\" \/>\n\t<meta property=\"og:image:height\" content=\"3000\" \/>\n<meta name=\"twitter:card\" content=\"summary_large_image\" \/>\n<meta name=\"twitter:label1\" content=\"Written by\">\n\t<meta name=\"twitter:data1\" content=\"taito\">\n\t<meta name=\"twitter:label2\" content=\"Est. reading time\">\n\t<meta name=\"twitter:data2\" content=\"1 minuutti\">\n<script type=\"application\/ld+json\" class=\"yoast-schema-graph\">{\"@context\":\"https:\/\/schema.org\",\"@graph\":[{\"@type\":\"Organization\",\"@id\":\"http:\/\/aania.fi\/fi\/#organization\",\"name\":\"\\u00c4\\u00e4ni\\u00e4 Records\",\"url\":\"http:\/\/aania.fi\/fi\/\",\"sameAs\":[],\"logo\":{\"@type\":\"ImageObject\",\"@id\":\"http:\/\/aania.fi\/fi\/#logo\",\"inLanguage\":\"fi\",\"url\":\"http:\/\/aania.fi\/wp-content\/uploads\/2018\/07\/aania_logo.jpg\",\"width\":530,\"height\":155,\"caption\":\"\\u00c4\\u00e4ni\\u00e4 Records\"},\"image\":{\"@id\":\"http:\/\/aania.fi\/fi\/#logo\"}},{\"@type\":\"WebSite\",\"@id\":\"http:\/\/aania.fi\/fi\/#website\",\"url\":\"http:\/\/aania.fi\/fi\/\",\"name\":\"\\u00c4\\u00e4nia\",\"description\":\"\\u00c4\\u00e4ni\\u00e4 Records - Acoustic Music from Finland\",\"publisher\":{\"@id\":\"http:\/\/aania.fi\/fi\/#organization\"},\"potentialAction\":[{\"@type\":\"SearchAction\",\"target\":\"http:\/\/aania.fi\/fi\/?s={search_term_string}\",\"query-input\":\"required name=search_term_string\"}],\"inLanguage\":\"fi\"},{\"@type\":\"ImageObject\",\"@id\":\"http:\/\/aania.fi\/fi\/levyt\/ma-rouf-the-people\/#primaryimage\",\"inLanguage\":\"fi\",\"url\":\"http:\/\/aania.fi\/wp-content\/uploads\/2019\/03\/AANIA31_KANSI-pieni.jpg\",\"width\":3000,\"height\":3000},{\"@type\":\"WebPage\",\"@id\":\"http:\/\/aania.fi\/fi\/levyt\/ma-rouf-the-people\/#webpage\",\"url\":\"http:\/\/aania.fi\/fi\/levyt\/ma-rouf-the-people\/\",\"name\":\"MA Rouf -The People AANIA-31 - \\u00c4\\u00e4nia\",\"isPartOf\":{\"@id\":\"http:\/\/aania.fi\/fi\/#website\"},\"primaryImageOfPage\":{\"@id\":\"http:\/\/aania.fi\/fi\/levyt\/ma-rouf-the-people\/#primaryimage\"},\"datePublished\":\"2019-03-20T10:02:03+00:00\",\"dateModified\":\"2019-03-27T06:23:08+00:00\",\"inLanguage\":\"fi\",\"potentialAction\":[{\"@type\":\"ReadAction\",\"target\":[\"http:\/\/aania.fi\/fi\/levyt\/ma-rouf-the-people\/\"]}]}]}<\/script>\n<!-- \/ Yoast SEO plugin. -->","_links":{"self":[{"href":"http:\/\/aania.fi\/fi\/wp-json\/wp\/v2\/product\/451","targetHints":{"allow":["GET"]}}],"collection":[{"href":"http:\/\/aania.fi\/fi\/wp-json\/wp\/v2\/product"}],"about":[{"href":"http:\/\/aania.fi\/fi\/wp-json\/wp\/v2\/types\/product"}],"replies":[{"embeddable":true,"href":"http:\/\/aania.fi\/fi\/wp-json\/wp\/v2\/comments?post=451"}],"wp:featuredmedia":[{"embeddable":true,"href":"http:\/\/aania.fi\/fi\/wp-json\/wp\/v2\/media\/450"}],"wp:attachment":[{"href":"http:\/\/aania.fi\/fi\/wp-json\/wp\/v2\/media?parent=451"}],"curies":[{"name":"wp","href":"https:\/\/api.w.org\/{rel}","templated":true}]}}