{"id":494,"date":"2022-03-29T07:43:57","date_gmt":"2022-03-29T05:43:57","guid":{"rendered":"http:\/\/aania.fi\/records\/tuultenpesa-vindstilla-aania-36\/"},"modified":"2022-03-29T08:47:44","modified_gmt":"2022-03-29T06:47:44","slug":"tuultenpesa-vindstilla-aania-36","status":"publish","type":"product","link":"http:\/\/aania.fi\/fi\/levyt\/tuultenpesa-vindstilla-aania-36\/","title":{"rendered":"Tuultenpes\u00e4 &#8211; Vindstilla AANIA-36"},"content":{"rendered":"<div>\n<p>SUOMALAIS-RUOTSALAINEN HUILUYHTYE TUULTENPES\u00c4 JULKAISEE ENSILEVYNS\u00c4 VINDSTILLA<br \/>\nTuultenpes\u00e4n ilmaisu syntyy kymmenien erilaisten huilujen kuulaista ja karheankauniista s\u00e4vyist\u00e4. Vanhojen perinnes\u00e4velmien ohella kuullaan my\u00f6s uusia s\u00e4vellyksi\u00e4, ja useissa kappaleissa huilut s\u00e4est\u00e4v\u00e4t laulua. Yhteissoitto on v\u00e4lill\u00e4 meditatiivisen kelluvaa, keinuvaa ja hengitt\u00e4v\u00e4\u00e4, v\u00e4lill\u00e4 transsinomaisesti sykkiv\u00e4\u00e4 ja py\u00f6rteilev\u00e4\u00e4. Toistuvat rytmikuviot ja sovitusten kerroksellisuus synnytt\u00e4v\u00e4t uusia s\u00e4vyj\u00e4 ja sointikentti\u00e4.<\/p>\n<p>1 \u00a0Viseslaget 1:23<br \/>\n2 \u00a0Drops 3:06<br \/>\n3 \u00a0Monsoon 3:48<br \/>\n4 \u00a0Light Winds 0:43<br \/>\n5 \u00a0Omv\u00e4g l\u00e5ng \u2013 A Long Detour 5:06<br \/>\n6 \u00a0Haver\u00f6polskor 3:05<br \/>\n7 \u00a0Lumisade \u2013 Snowfall 3:43<br \/>\n8 \u00a0Sisot \u2013 Sisters 2:58<br \/>\n9 \u00a0Vi\u2019 du koma? \u2013 Will you come? 3:59<br \/>\n10 \u00a0Kr\u00e5kan \u2013 The Crow 2:49<br \/>\n11 \u00a0Pollonesse &amp; Polon\u00e4s 4:31<br \/>\n12 \u00a0Tulvii \u2013 Flooding 6:31<br \/>\n13 \u00a0Vis visa &amp; The Wise 3:44<\/p>\n<p>Kristiina Ilmonen<br \/>\nMa\u030anmarkapipa D high (tracks 2, 8), Ma\u030anmarkapipa D low (7, 10, 11, 13), Ma\u030anmarkapipa Gm (5), Ma\u030anmarkapipa A (11), Offerdalspipa G (3, 12), overtone flute D (9)<\/p>\n<p>Mimmi Laaksonen<br \/>\nMa\u030anmarkapipa D high (1), Offerdalspipa A (10), Ma\u0308kela\u0308 flute (5), A\u030aspipa D low (3, 7, 11), A\u030aspipa G (2, 8, 12, 13)<\/p>\n<p>Leena Laitinen<br \/>\nvocals (5, 7, 8, 10), alto recorder (5, 11), bass recorder (11), Ma\u030anmarkapipa D high (1), Offerdalspipa D (3, 13), A\u030aspipa D low (2, 12)<\/p>\n<p>Go\u0308ran Ma\u030ansson<br \/>\nPaetzold Contrabass Recorder (2, 3, 7, 8, 10, 11, 13), Ma\u030anmarkapipa D high (1), flauto d\u2019amore (tracks 5, 12), Offerdalspipa G (12), Ma\u030anmarkapipa G (6)<\/p>\n<p>Kirsi Ojala<br \/>\nbass recorder (7), mouth harp (8), Ma\u0308kela\u0308 flute (5), overtone flute D (9), A\u030aspipa D low (2, 3, 7, 10, 11, 13), A\u030aspipa G (8, 12)<\/p>\n<p>Jonas Simonson<br \/>\nalto flute (2, 3, 7, 8, 10, 11, 13), Ma\u030anmarkapipa G (5, 6), overtone flute D (4, 9), overtone flute E (8), Offerdalspipa G (12)<\/p>\n<p>Recorded by Taito Hoffre\u0301n at Kallio-Kuninkala Studio, Ja\u0308rvenpa\u0308a\u0308, Finland in 2019 and A\u0308a\u0308nia\u0308 Studio, Pukkila, Finland 2020.<br \/>\nMixed by Johannes Lundberg &amp; Jonas Simonson at Studio Epidemin, Gothenburg, Sweden.<br \/>\nMastered by Taito Hoffre\u0301n at A\u0308a\u0308nia\u0308 Studio. Photographs by Patrick Masse and Jimmy Tra\u0308skelin.<br \/>\nGraphic design by Eva Karlsson.<br \/>\nLyrics partially translated into English by Anni-Kaisa Leminen<\/p>\n<p>Thank you, kiitos, tack!<br \/>\nTo all our flute makers and especially the makers of our inspiring, special wooden flutes: Gunnar Stenmark, Pentti Ma\u0308kela\u0308 and Max Brumberg. Without flutes there would be no flute music.<br \/>\nFamilies and friends. Your support means a lot to us.<br \/>\nPartners and foundations for making this album possible:<br \/>\nTaiteen edista\u0308miskeskus, Suomalais-ruotsalainen kulttuurirahasto, La\u0308ngmanska kulturfonden, Taideyliopiston Sibelius-Akatemia \u2013 Kansanmusiikki<\/p>\n<p>Contact<br \/>\n<a href=\"https:\/\/windonwind.com\/\">Home<\/a><\/p>\n<p>ISRC FI7KA220001-13<br \/>\nAANIA-36 A\u0308a\u0308nia\u0308 Records 2022<br \/>\nAll rights reserved<br \/>\nSibelius Academy Folk Music Recordings 177<br \/>\nThe Sibelius Academy of the University of the Arts Helsinki \u2013 Folk Music<\/p>\n<\/div>\n","protected":false},"excerpt":{"rendered":"<p>SUOMALAIS-RUOTSALAINEN HUILUYHTYE TUULTENPES\u00c4 JULKAISEE ENSILEVYNS\u00c4 VINDSTILLA Tuultenpes\u00e4n ilmaisu syntyy kymmenien erilaisten huilujen kuulaista ja karheankauniista s\u00e4vyist\u00e4. Vanhojen perinnes\u00e4velmien ohella kuullaan my\u00f6s uusia s\u00e4vellyksi\u00e4, ja useissa kappaleissa huilut s\u00e4est\u00e4v\u00e4t laulua. Yhteissoitto on v\u00e4lill\u00e4 meditatiivisen kelluvaa, keinuvaa ja hengitt\u00e4v\u00e4\u00e4, v\u00e4lill\u00e4 transsinomaisesti sykkiv\u00e4\u00e4 ja py\u00f6rteilev\u00e4\u00e4. Toistuvat rytmikuviot ja sovitusten kerroksellisuus synnytt\u00e4v\u00e4t uusia s\u00e4vyj\u00e4 ja sointikentti\u00e4. 1 \u00a0Viseslaget 1:23 [&hellip;]\n","protected":false},"featured_media":492,"comment_status":"closed","ping_status":"closed","template":"","meta":[],"class_list":["post-494","product","type-product","status-publish","has-post-thumbnail","hentry","product_cat-uncategorized-fi"],"yoast_head":"<!-- This site is optimized with the Yoast SEO plugin v15.3 - https:\/\/yoast.com\/wordpress\/plugins\/seo\/ -->\n<title>Tuultenpes\u00e4 - Vindstilla AANIA-36 - \u00c4\u00e4nia<\/title>\n<meta name=\"robots\" content=\"index, follow, max-snippet:-1, max-image-preview:large, max-video-preview:-1\" \/>\n<link rel=\"canonical\" href=\"http:\/\/aania.fi\/fi\/levyt\/tuultenpesa-vindstilla-aania-36\/\" \/>\n<meta property=\"og:locale\" content=\"fi_FI\" \/>\n<meta property=\"og:type\" content=\"article\" \/>\n<meta property=\"og:title\" content=\"Tuultenpes\u00e4 - Vindstilla AANIA-36 - \u00c4\u00e4nia\" \/>\n<meta property=\"og:description\" content=\"SUOMALAIS-RUOTSALAINEN HUILUYHTYE TUULTENPES\u00c4 JULKAISEE ENSILEVYNS\u00c4 VINDSTILLA Tuultenpes\u00e4n ilmaisu syntyy kymmenien erilaisten huilujen kuulaista ja karheankauniista s\u00e4vyist\u00e4. Vanhojen perinnes\u00e4velmien ohella kuullaan my\u00f6s uusia s\u00e4vellyksi\u00e4, ja useissa kappaleissa huilut s\u00e4est\u00e4v\u00e4t laulua. Yhteissoitto on v\u00e4lill\u00e4 meditatiivisen kelluvaa, keinuvaa ja hengitt\u00e4v\u00e4\u00e4, v\u00e4lill\u00e4 transsinomaisesti sykkiv\u00e4\u00e4 ja py\u00f6rteilev\u00e4\u00e4. Toistuvat rytmikuviot ja sovitusten kerroksellisuus synnytt\u00e4v\u00e4t uusia s\u00e4vyj\u00e4 ja sointikentti\u00e4. 1 \u00a0Viseslaget 1:23 [&hellip;]\" \/>\n<meta property=\"og:url\" content=\"http:\/\/aania.fi\/fi\/levyt\/tuultenpesa-vindstilla-aania-36\/\" \/>\n<meta property=\"og:site_name\" content=\"\u00c4\u00e4nia\" \/>\n<meta property=\"article:modified_time\" content=\"2022-03-29T06:47:44+00:00\" \/>\n<meta property=\"og:image\" content=\"http:\/\/aania.fi\/wp-content\/uploads\/2022\/03\/Tuultenpesa\u0308-AANIA36-scaled.jpg\" \/>\n\t<meta property=\"og:image:width\" content=\"2560\" \/>\n\t<meta property=\"og:image:height\" content=\"2560\" \/>\n<meta name=\"twitter:card\" content=\"summary_large_image\" \/>\n<meta name=\"twitter:label1\" content=\"Written by\">\n\t<meta name=\"twitter:data1\" content=\"taito\">\n\t<meta name=\"twitter:label2\" content=\"Est. reading time\">\n\t<meta name=\"twitter:data2\" content=\"2 minuuttia\">\n<script type=\"application\/ld+json\" class=\"yoast-schema-graph\">{\"@context\":\"https:\/\/schema.org\",\"@graph\":[{\"@type\":\"Organization\",\"@id\":\"http:\/\/aania.fi\/fi\/#organization\",\"name\":\"\\u00c4\\u00e4ni\\u00e4 Records\",\"url\":\"http:\/\/aania.fi\/fi\/\",\"sameAs\":[],\"logo\":{\"@type\":\"ImageObject\",\"@id\":\"http:\/\/aania.fi\/fi\/#logo\",\"inLanguage\":\"fi\",\"url\":\"http:\/\/aania.fi\/wp-content\/uploads\/2018\/07\/aania_logo.jpg\",\"width\":530,\"height\":155,\"caption\":\"\\u00c4\\u00e4ni\\u00e4 Records\"},\"image\":{\"@id\":\"http:\/\/aania.fi\/fi\/#logo\"}},{\"@type\":\"WebSite\",\"@id\":\"http:\/\/aania.fi\/fi\/#website\",\"url\":\"http:\/\/aania.fi\/fi\/\",\"name\":\"\\u00c4\\u00e4nia\",\"description\":\"\\u00c4\\u00e4ni\\u00e4 Records - Acoustic Music from Finland\",\"publisher\":{\"@id\":\"http:\/\/aania.fi\/fi\/#organization\"},\"potentialAction\":[{\"@type\":\"SearchAction\",\"target\":\"http:\/\/aania.fi\/fi\/?s={search_term_string}\",\"query-input\":\"required name=search_term_string\"}],\"inLanguage\":\"fi\"},{\"@type\":\"ImageObject\",\"@id\":\"http:\/\/aania.fi\/fi\/levyt\/tuultenpesa-vindstilla-aania-36\/#primaryimage\",\"inLanguage\":\"fi\",\"url\":\"http:\/\/aania.fi\/wp-content\/uploads\/2022\/03\/Tuultenpesa\\u0308-AANIA36-scaled.jpg\",\"width\":2560,\"height\":2560},{\"@type\":\"WebPage\",\"@id\":\"http:\/\/aania.fi\/fi\/levyt\/tuultenpesa-vindstilla-aania-36\/#webpage\",\"url\":\"http:\/\/aania.fi\/fi\/levyt\/tuultenpesa-vindstilla-aania-36\/\",\"name\":\"Tuultenpes\\u00e4 - Vindstilla AANIA-36 - \\u00c4\\u00e4nia\",\"isPartOf\":{\"@id\":\"http:\/\/aania.fi\/fi\/#website\"},\"primaryImageOfPage\":{\"@id\":\"http:\/\/aania.fi\/fi\/levyt\/tuultenpesa-vindstilla-aania-36\/#primaryimage\"},\"datePublished\":\"2022-03-29T05:43:57+00:00\",\"dateModified\":\"2022-03-29T06:47:44+00:00\",\"inLanguage\":\"fi\",\"potentialAction\":[{\"@type\":\"ReadAction\",\"target\":[\"http:\/\/aania.fi\/fi\/levyt\/tuultenpesa-vindstilla-aania-36\/\"]}]}]}<\/script>\n<!-- \/ Yoast SEO plugin. -->","_links":{"self":[{"href":"http:\/\/aania.fi\/fi\/wp-json\/wp\/v2\/product\/494","targetHints":{"allow":["GET"]}}],"collection":[{"href":"http:\/\/aania.fi\/fi\/wp-json\/wp\/v2\/product"}],"about":[{"href":"http:\/\/aania.fi\/fi\/wp-json\/wp\/v2\/types\/product"}],"replies":[{"embeddable":true,"href":"http:\/\/aania.fi\/fi\/wp-json\/wp\/v2\/comments?post=494"}],"wp:featuredmedia":[{"embeddable":true,"href":"http:\/\/aania.fi\/fi\/wp-json\/wp\/v2\/media\/492"}],"wp:attachment":[{"href":"http:\/\/aania.fi\/fi\/wp-json\/wp\/v2\/media?parent=494"}],"curies":[{"name":"wp","href":"https:\/\/api.w.org\/{rel}","templated":true}]}}